{"id":12,"date":"2019-11-04T09:06:28","date_gmt":"2019-11-04T08:06:28","guid":{"rendered":"https:\/\/www.paradice-bienne.ch\/?page_id=12"},"modified":"2026-02-05T17:07:51","modified_gmt":"2026-02-05T16:07:51","slug":"home","status":"publish","type":"page","link":"https:\/\/www.paradice-bienne.ch\/de\/","title":{"rendered":"Home"},"content":{"rendered":"\n<section  class=\"teaser_video  pt_0  pb_0 \">\n    <div class=\"container d-flex h-100\">\n        <div class=\"row align-items-center\">\n            <div class=\"col-sm-6\">\n                \n                <h3>&#8222;Die PARADICE Saison 2025 ist vorbei&#8220;<\/h3>\n<h3>Vielen Dank f\u00fcr den Besuch und wir sehen uns n\u00e4chsten Winter wieder !<\/h3>\n                                <a href=\"https:\/\/www.paradice-bienne.ch\/de\/sponsoren\/\" class=\"btn btn-primary\">Sponsors<\/a>\n                                <a href=\"https:\/\/www.paradice-bienne.ch\/de\/goenner\/\" class=\"btn btn-primary\">G\u00f6nnerverein<\/a>\n                            <\/div>\n        <\/div>\n    <\/div>\n    <div class=\"embed-container\"><iframe title=\"PARADICE-2021-REVIEW\" data-src=\"https:\/\/player.vimeo.com\/video\/1018860470?dnt=1&amp;app_id=122963&#038;playsinline=1&#038;controls=0&#038;hd=1&#038;autoplay=1&#038;background=1&#038;loop=1&#038;byline=0&#038;title=0&#038;muted=1\" width=\"640\" height=\"360\" frameborder=\"0\" allow=\"autoplay; fullscreen; picture-in-picture; clipboard-write; encrypted-media; web-share\" referrerpolicy=\"strict-origin-when-cross-origin\" frameborder=\"0\" class=\"lazyload\"><\/iframe><\/div><img decoding=\"async\" src=\"https:\/\/www.paradice-bienne.ch\/wp-content\/uploads\/2020\/01\/ND52246-scaled-300x200.jpg\" data-sizes=\"auto\"\n\t\t\t\t\t\t                    data-src=\"https:\/\/www.paradice-bienne.ch\/wp-content\/uploads\/2020\/01\/ND52246-scaled.jpg\"\n\t\t\t\t\t\t                    data-srcset=\"https:\/\/www.paradice-bienne.ch\/wp-content\/uploads\/2020\/01\/ND52246-scaled.jpg 1920w, https:\/\/www.paradice-bienne.ch\/wp-content\/uploads\/2020\/01\/ND52246-scaled-300x200.jpg 300w, https:\/\/www.paradice-bienne.ch\/wp-content\/uploads\/2020\/01\/ND52246-scaled-1024x683.jpg 1024w, https:\/\/www.paradice-bienne.ch\/wp-content\/uploads\/2020\/01\/ND52246-scaled-768x512.jpg 768w, https:\/\/www.paradice-bienne.ch\/wp-content\/uploads\/2020\/01\/ND52246-scaled-1536x1024.jpg 1536w\"\n\t\t\t\t\t\t                    class=\"bg_static_cover placeholder lazyload blur-up\" alt=\"\">    <div class=\"overlay\"><\/div>\n    \n<\/section>\n\n\r\n<section  class=\"eisbahn_status  pt_0  pb_0  closed\">\r\n    <div class=\"js_newsticker\">\r\n        <span>EISBAHN GESCHLOSSEN | GRUND: Die PARADICE Wintersaison 2025 ist vorbei. Danke f\u00fcr die tollen Momente auf der Eisbahn und im Chalet. Wir sehen uns n\u00e4chsten Winter wieder. | <\/span><a class=\"btn btn-primary\" href=\"https:\/\/www.paradice-bienne.ch\/de\/info\/\">\u00d6ffnungszeiten<\/a>\r\n            <\/div>\r\n<\/section>\n\n\n<section id=HomeTitle class=\"text_1  pt_0  pb_0 \">\n    <div class=\"container\">\n        <div class=\"row\">\n            <div class=\"col-md-12 text-center\">\n                <h1>PARADICE BIEL\/BIENNE<\/h1>\n                                <a href=\"\/de\/info\/\" class=\"btn btn-primary\">Info<\/a>\n                                <a href=\"\/de\/goenner\/\" class=\"btn btn-primary\">G\u00f6nner werden<\/a>\n                            <\/div>\n        <\/div>\n    <\/div>\n<\/section>\n\n\n<section  class=\"text_1  pt_0  pb_50 \">\n    <div class=\"container\">\n        <div class=\"row\">\n            <div class=\"col-md-12 text-center\">\n                <p data-start=\"178\" data-end=\"257\"><strong data-start=\"178\" data-end=\"257\">Die PARADICE-Saison ist beendet \u2013 danke f\u00fcr diesen besonderen Winter!<\/strong><\/p>\n<p data-start=\"259\" data-end=\"469\">Die Eisbahn ist geschlossen, das Chalet leerger\u00e4umt, doch die Erinnerungen bleiben: Viele gemeinsame Momente auf dem Eis, gem\u00fctliche Stunden im Fondue-Chalet und eine stimmungsvolle Wintersaison mitten in Biel.<\/p>\n<p data-start=\"471\" data-end=\"648\">Ein herzliches <strong data-start=\"486\" data-end=\"500\">Dankesch\u00f6n<\/strong> an alle Besucherinnen und Besucher, Partner, Sponsoren und Helfer, die PARADICE auch in dieser Saison zu einem lebendigen Treffpunkt gemacht haben.<\/p>\n<p data-start=\"650\" data-end=\"800\">Nun geht PARADICE in die Pause.<br data-start=\"681\" data-end=\"684\" \/><strong data-start=\"684\" data-end=\"741\">Eine neue Ausgabe ist f\u00fcr den n\u00e4chsten Winter geplant<\/strong> \u2013 mit frischem Schwung, vertrautem Zauber und neuen Ideen.<\/p>\n<p data-start=\"802\" data-end=\"874\">Wir freuen uns schon jetzt auf ein Wiedersehen auf der Bieler Esplanade.<\/p>\n<p data-start=\"744\" data-end=\"877\" data-is-last-node=\"\" data-is-only-node=\"\">\n                            <\/div>\n        <\/div>\n    <\/div>\n<\/section>\n\n\n<section  class=\"teaser_1  pt_0  pb_50 \">\n    <div class=\"container\">\n        <div class=\"row\">\n                        <div class=\"col-md-4 text-center d-flex flex-wrap\">\n                <div class=\"w-100\">\n                    <hr class=\"mt-0\">\n                                        <div class=\"icon_box\">\n                        <img decoding=\"async\" src=\"https:\/\/www.paradice-bienne.ch\/wp-content\/uploads\/2019\/11\/Paradice-Icons_250x250_Schlittschuhe.png\" data-sizes=\"auto\"\n\t\t\t\t\t\t                    data-src=\"https:\/\/www.paradice-bienne.ch\/wp-content\/uploads\/2019\/11\/Paradice-Icons_250x250_Schlittschuhe.png\"\n\t\t\t\t\t\t                    data-srcset=\"https:\/\/www.paradice-bienne.ch\/wp-content\/uploads\/2019\/11\/Paradice-Icons_250x250_Schlittschuhe.png 250w, https:\/\/www.paradice-bienne.ch\/wp-content\/uploads\/2019\/11\/Paradice-Icons_250x250_Schlittschuhe-150x150.png 150w\"\n\t\t\t\t\t\t                    class=\"bg_static_cover lazyload blur-up\" alt=\"\">                    <\/div>\n                                        <div class=\"content_box text-left\">\n                        <h3>\u00d6ffnungszeiten &amp; Preise<\/h3>\n<p>Einzeleintritte, Saisonabonnemente,\u00a0 Schlittschuhmieten, Schliessf\u00e4cher und spezifische Angebote f\u00fcr Schulen und Firmen der diesj\u00e4hrigen Ausgabe.<\/p>\n                        <a href=\"\/info\/\" class=\"btn btn-primary\">Info<\/a>\n                                            <\/div>\n\n                <\/div>\n                <div class=\"align-self-end w-100\">\n                    <hr class=\"mt-auto\">\n                <\/div>\n            <\/div>\n\n                        <div class=\"col-md-4 text-center d-flex flex-wrap\">\n                <div class=\"w-100\">\n                    <hr class=\"mt-0\">\n                                        <div class=\"icon_box\">\n                        <img decoding=\"async\" src=\"https:\/\/www.paradice-bienne.ch\/wp-content\/uploads\/2019\/11\/Paradice-Icons_250x250_Gastro.png\" data-sizes=\"auto\"\n\t\t\t\t\t\t                    data-src=\"https:\/\/www.paradice-bienne.ch\/wp-content\/uploads\/2019\/11\/Paradice-Icons_250x250_Gastro.png\"\n\t\t\t\t\t\t                    data-srcset=\"https:\/\/www.paradice-bienne.ch\/wp-content\/uploads\/2019\/11\/Paradice-Icons_250x250_Gastro.png 250w, https:\/\/www.paradice-bienne.ch\/wp-content\/uploads\/2019\/11\/Paradice-Icons_250x250_Gastro-150x150.png 150w\"\n\t\t\t\t\t\t                    class=\"bg_static_cover lazyload blur-up\" alt=\"\">                    <\/div>\n                                        <div class=\"content_box text-left\">\n                        <h3>Gastronomie<\/h3>\n<p>Im Chalet PARADICE servieren wir unter anderem verschiedene K\u00e4sefondues, Fondue Chinoise \u00e0 discr\u00e9tion und weitere leckere Gerichte \u2013 auch in vegetarischen und veganen Varianten. Hei\u00dfe Winterdrinks und Snacks gibt es an der \u201eHONKii\u201c Bar\/Kiosk.<\/p>\n                        <a href=\"\/de\/gastro\/\" class=\"btn btn-primary\">Gastro<\/a>\n                                            <\/div>\n\n                <\/div>\n                <div class=\"align-self-end w-100\">\n                    <hr class=\"mt-auto\">\n                <\/div>\n            <\/div>\n\n                        <div class=\"col-md-4 text-center d-flex flex-wrap\">\n                <div class=\"w-100\">\n                    <hr class=\"mt-0\">\n                                        <div class=\"icon_box\">\n                        <img decoding=\"async\" src=\"https:\/\/www.paradice-bienne.ch\/wp-content\/uploads\/2019\/11\/Paradice-Icons_250x250_Eisstick.png\" data-sizes=\"auto\"\n\t\t\t\t\t\t                    data-src=\"https:\/\/www.paradice-bienne.ch\/wp-content\/uploads\/2019\/11\/Paradice-Icons_250x250_Eisstick.png\"\n\t\t\t\t\t\t                    data-srcset=\"https:\/\/www.paradice-bienne.ch\/wp-content\/uploads\/2019\/11\/Paradice-Icons_250x250_Eisstick.png 250w, https:\/\/www.paradice-bienne.ch\/wp-content\/uploads\/2019\/11\/Paradice-Icons_250x250_Eisstick-150x150.png 150w\"\n\t\t\t\t\t\t                    class=\"bg_static_cover lazyload blur-up\" alt=\"\">                    <\/div>\n                                        <div class=\"content_box text-left\">\n                        <h3>Eisstockschiessen<\/h3>\n<p>Der alte Volkssport Eisstockschiessen kommt bei allen gut an. Wir bieten diese gesellige Aktivit\u00e4t f\u00fcr Gruppen ab 10 Personen an.<\/p>\n                        <a href=\"\/de\/info\/angebot-fuer-firmen\/\" class=\"btn btn-primary\">INFO<\/a>\n                                            <\/div>\n\n                <\/div>\n                <div class=\"align-self-end w-100\">\n                    <hr class=\"mt-auto\">\n                <\/div>\n            <\/div>\n\n                        <div class=\"col-md-4 text-center d-flex flex-wrap\">\n                <div class=\"w-100\">\n                    <hr class=\"mt-0\">\n                                        <div class=\"icon_box\">\n                        <img decoding=\"async\" src=\"https:\/\/www.paradice-bienne.ch\/wp-content\/uploads\/2019\/11\/Paradice-Icons_250x25_Events.png\" data-sizes=\"auto\"\n\t\t\t\t\t\t                    data-src=\"https:\/\/www.paradice-bienne.ch\/wp-content\/uploads\/2019\/11\/Paradice-Icons_250x25_Events.png\"\n\t\t\t\t\t\t                    data-srcset=\"https:\/\/www.paradice-bienne.ch\/wp-content\/uploads\/2019\/11\/Paradice-Icons_250x25_Events.png 250w, https:\/\/www.paradice-bienne.ch\/wp-content\/uploads\/2019\/11\/Paradice-Icons_250x25_Events-150x150.png 150w\"\n\t\t\t\t\t\t                    class=\"bg_static_cover lazyload blur-up\" alt=\"\">                    <\/div>\n                                        <div class=\"content_box text-left\">\n                        <h3>Events<\/h3>\n<p>PARADICE Disco und diverse Special Events sorgen diesen Winter daf\u00fcr, dass die Eisbahn zwischen Kongresshaus und Gaskessel zum absoluten &#8222;Place to be&#8220; wird, f\u00fcr alle Fans von Partys mit Outdoor-Feeling, von sportlicher Bet\u00e4tigung zu guter Musik und von gem\u00fctlichen Momenten mit Freunden.<\/p>\n                        <a href=\"\/events\/\" class=\"btn btn-primary\">Events<\/a>\n                                            <\/div>\n\n                <\/div>\n                <div class=\"align-self-end w-100\">\n                    <hr class=\"mt-auto\">\n                <\/div>\n            <\/div>\n\n                        <div class=\"col-md-4 text-center d-flex flex-wrap\">\n                <div class=\"w-100\">\n                    <hr class=\"mt-0\">\n                                        <div class=\"icon_box\">\n                        <img decoding=\"async\" src=\"https:\/\/www.paradice-bienne.ch\/wp-content\/uploads\/2019\/11\/Paradice-Icons_250x250_Sponsoring.png\" data-sizes=\"auto\"\n\t\t\t\t\t\t                    data-src=\"https:\/\/www.paradice-bienne.ch\/wp-content\/uploads\/2019\/11\/Paradice-Icons_250x250_Sponsoring.png\"\n\t\t\t\t\t\t                    data-srcset=\"https:\/\/www.paradice-bienne.ch\/wp-content\/uploads\/2019\/11\/Paradice-Icons_250x250_Sponsoring.png 250w, https:\/\/www.paradice-bienne.ch\/wp-content\/uploads\/2019\/11\/Paradice-Icons_250x250_Sponsoring-150x150.png 150w\"\n\t\t\t\t\t\t                    class=\"bg_static_cover lazyload blur-up\" alt=\"\">                    <\/div>\n                                        <div class=\"content_box text-left\">\n                        <h3>Sponsoring<\/h3>\n<p>Wie jeder Grossanlass ist auch PARADICE auf zahlreiche Unterst\u00fctzung aus Bev\u00f6lkerung und Wirtschaft angewiesen. Es stehen zahlreiche interessante Sponsoring-M\u00f6glichkeiten zur Auswahl. Wir freuen uns auf Ihre Kontaktnahme.<\/p>\n                        <a href=\"\/sponsoren\/\" class=\"btn btn-primary\">Sponsoren<\/a>\n                                            <\/div>\n\n                <\/div>\n                <div class=\"align-self-end w-100\">\n                    <hr class=\"mt-auto\">\n                <\/div>\n            <\/div>\n\n                        <div class=\"col-md-4 text-center d-flex flex-wrap\">\n                <div class=\"w-100\">\n                    <hr class=\"mt-0\">\n                                        <div class=\"icon_box\">\n                        <img decoding=\"async\" src=\"https:\/\/www.paradice-bienne.ch\/wp-content\/uploads\/2019\/11\/Paradice-Icons_250x250_Sylvester.png\" data-sizes=\"auto\"\n\t\t\t\t\t\t                    data-src=\"https:\/\/www.paradice-bienne.ch\/wp-content\/uploads\/2019\/11\/Paradice-Icons_250x250_Sylvester.png\"\n\t\t\t\t\t\t                    data-srcset=\"https:\/\/www.paradice-bienne.ch\/wp-content\/uploads\/2019\/11\/Paradice-Icons_250x250_Sylvester.png 250w, https:\/\/www.paradice-bienne.ch\/wp-content\/uploads\/2019\/11\/Paradice-Icons_250x250_Sylvester-150x150.png 150w\"\n\t\t\t\t\t\t                    class=\"bg_static_cover lazyload blur-up\" alt=\"\">                    <\/div>\n                                        <div class=\"content_box text-left\">\n                        <h3>Silvester<\/h3>\n<p>Lust am 31.12.25 bei uns die grosse Silvester-Party zu feiern? Wer sich einen Platz im Chalet PARADICE ergattern m\u00f6chte ist gut beraten, fr\u00fchzeitig zu reservieren via Tel. 032 545 51 26.<\/p>\n                        <a href=\"\/events\/\" class=\"btn btn-primary\">Events<\/a>\n                                            <\/div>\n\n                <\/div>\n                <div class=\"align-self-end w-100\">\n                    <hr class=\"mt-auto\">\n                <\/div>\n            <\/div>\n\n            \n        <\/div>\n    <\/div>\n<\/section>\n\n\n<section  class=\"teaser_3  pt_0  pb_50 \">\n    <div class=\"container d-flex h-100\">\n        <div class=\"row align-items-center\">\n            <div class=\"col-sm-6\">\n                <img decoding=\"async\" src=\"https:\/\/www.paradice-bienne.ch\/wp-content\/uploads\/2019\/11\/Paradice-Icons_250x250_Schneeflocke.png\" data-sizes=\"auto\"\n\t\t\t\t\t\t                    data-src=\"https:\/\/www.paradice-bienne.ch\/wp-content\/uploads\/2019\/11\/Paradice-Icons_250x250_Schneeflocke.png\"\n\t\t\t\t\t\t                    data-srcset=\"https:\/\/www.paradice-bienne.ch\/wp-content\/uploads\/2019\/11\/Paradice-Icons_250x250_Schneeflocke.png 250w, https:\/\/www.paradice-bienne.ch\/wp-content\/uploads\/2019\/11\/Paradice-Icons_250x250_Schneeflocke-150x150.png 150w\"\n\t\t\t\t\t\t                    class=\"bg_static_cover icon lazyload blur-up\" alt=\"\">\n                <h2>Chalet PARADICE<\/h2>\n<p>Herzlich willkommen in unserem gem\u00fctlichen Holz-Chalet. Reservationen nehmen wir gerne jetzt schon an.<\/p>\n                                <a href=\"\/gastro\" class=\"btn btn-primary\">Jetzt reservieren<\/a>\n                            <\/div>\n        <\/div>\n    <\/div>\n    <img decoding=\"async\" src=\"https:\/\/www.paradice-bienne.ch\/wp-content\/uploads\/2025\/02\/IMG_5969-300x169.jpg\" data-sizes=\"auto\"\n\t\t\t\t\t\t                    data-src=\"https:\/\/www.paradice-bienne.ch\/wp-content\/uploads\/2025\/02\/IMG_5969-scaled.jpg\"\n\t\t\t\t\t\t                    data-srcset=\"https:\/\/www.paradice-bienne.ch\/wp-content\/uploads\/2025\/02\/IMG_5969-scaled.jpg 2560w, https:\/\/www.paradice-bienne.ch\/wp-content\/uploads\/2025\/02\/IMG_5969-300x169.jpg 300w, https:\/\/www.paradice-bienne.ch\/wp-content\/uploads\/2025\/02\/IMG_5969-1024x576.jpg 1024w, https:\/\/www.paradice-bienne.ch\/wp-content\/uploads\/2025\/02\/IMG_5969-768x432.jpg 768w, https:\/\/www.paradice-bienne.ch\/wp-content\/uploads\/2025\/02\/IMG_5969-1536x864.jpg 1536w, https:\/\/www.paradice-bienne.ch\/wp-content\/uploads\/2025\/02\/IMG_5969-2048x1152.jpg 2048w\"\n\t\t\t\t\t\t                    class=\"bg bg_static_cover lazyload blur-up\" alt=\"\"><\/section>\n\n\n<section  class=\"text_1  pt_0  pb_100 \">\n    <div class=\"container\">\n        <div class=\"row\">\n            <div class=\"col-md-12 text-center\">\n                <h2 style=\"text-align: center;\">G\u00f6nnerverein Pro PARADICE Bienne<\/h2>\n<p style=\"text-align: center;\">Die Ausgabe 2025\/26 von PARADICE ist in Planung und auch der G\u00f6nnerverein macht keine Pause. Werden Sie deshalb schon heute Mitglied von PRO PARADICE Bienne und unterst\u00fctzen Sie die Idee einer Eisbahn im Herzen unserer Stadt.<\/p>\n<p style=\"text-align: center;\">Danke bereits f\u00fcr Ihre Unterst\u00fctzung.<\/p>\n                                <a href=\"\/de\/goenner\/\" class=\"btn btn-primary\">G\u00f6nner werden<\/a>\n                            <\/div>\n        <\/div>\n    <\/div>\n<\/section>","protected":false},"excerpt":{"rendered":"","protected":false},"author":1,"featured_media":0,"parent":0,"menu_order":-1,"comment_status":"closed","ping_status":"closed","template":"","meta":{"_acf_changed":false,"footnotes":""},"class_list":["post-12","page","type-page","status-publish","hentry"],"acf":[],"yoast_head":"<!-- This site is optimized with the Yoast SEO plugin v27.4 - https:\/\/yoast.com\/product\/yoast-seo-wordpress\/ -->\n<title>PARADICE - Schlittschuhlaufen in Biel! - PARADICE Bienne<\/title>\n<meta name=\"description\" content=\"PARADICE ist zur\u00fcck vom FR 21.11.25 - SO 01.02.26. Die Freiluft-Eisbahn wird auf der Esplanade vor dem Kongresshaus BieL\/Bienne aufgebaut!\" \/>\n<meta name=\"robots\" content=\"index, follow, max-snippet:-1, max-image-preview:large, max-video-preview:-1\" \/>\n<link rel=\"canonical\" href=\"https:\/\/www.paradice-bienne.ch\/de\/\" \/>\n<meta property=\"og:locale\" content=\"de_DE\" \/>\n<meta property=\"og:type\" content=\"article\" \/>\n<meta property=\"og:title\" content=\"PARADICE - Schlittschuhlaufen in Biel! - PARADICE Bienne\" \/>\n<meta property=\"og:description\" content=\"PARADICE ist zur\u00fcck vom FR 21.11.25 - SO 01.02.26. Die Freiluft-Eisbahn wird auf der Esplanade vor dem Kongresshaus BieL\/Bienne aufgebaut!\" \/>\n<meta property=\"og:url\" content=\"https:\/\/www.paradice-bienne.ch\/de\/\" \/>\n<meta property=\"og:site_name\" content=\"PARADICE Bienne\" \/>\n<meta property=\"article:modified_time\" content=\"2026-02-05T16:07:51+00:00\" \/>\n<meta name=\"twitter:card\" content=\"summary_large_image\" \/>\n<script type=\"application\/ld+json\" class=\"yoast-schema-graph\">{\"@context\":\"https:\\\/\\\/schema.org\",\"@graph\":[{\"@type\":\"WebPage\",\"@id\":\"https:\\\/\\\/www.paradice-bienne.ch\\\/de\\\/\",\"url\":\"https:\\\/\\\/www.paradice-bienne.ch\\\/de\\\/\",\"name\":\"PARADICE - Schlittschuhlaufen in Biel! - PARADICE Bienne\",\"isPartOf\":{\"@id\":\"https:\\\/\\\/www.paradice-bienne.ch\\\/de\\\/#website\"},\"datePublished\":\"2019-11-04T08:06:28+00:00\",\"dateModified\":\"2026-02-05T16:07:51+00:00\",\"description\":\"PARADICE ist zur\u00fcck vom FR 21.11.25 - SO 01.02.26. Die Freiluft-Eisbahn wird auf der Esplanade vor dem Kongresshaus BieL\\\/Bienne aufgebaut!\",\"breadcrumb\":{\"@id\":\"https:\\\/\\\/www.paradice-bienne.ch\\\/de\\\/#breadcrumb\"},\"inLanguage\":\"de\",\"potentialAction\":[{\"@type\":\"ReadAction\",\"target\":[\"https:\\\/\\\/www.paradice-bienne.ch\\\/de\\\/\"]}]},{\"@type\":\"BreadcrumbList\",\"@id\":\"https:\\\/\\\/www.paradice-bienne.ch\\\/de\\\/#breadcrumb\",\"itemListElement\":[{\"@type\":\"ListItem\",\"position\":1,\"name\":\"Startseite\",\"item\":\"https:\\\/\\\/www.paradice-bienne.ch\\\/de\\\/\"},{\"@type\":\"ListItem\",\"position\":2,\"name\":\"Home\"}]},{\"@type\":\"WebSite\",\"@id\":\"https:\\\/\\\/www.paradice-bienne.ch\\\/de\\\/#website\",\"url\":\"https:\\\/\\\/www.paradice-bienne.ch\\\/de\\\/\",\"name\":\"PARADICE Bienne\",\"description\":\"24.11.2024 - 26.01.2025\",\"potentialAction\":[{\"@type\":\"SearchAction\",\"target\":{\"@type\":\"EntryPoint\",\"urlTemplate\":\"https:\\\/\\\/www.paradice-bienne.ch\\\/de\\\/?s={search_term_string}\"},\"query-input\":{\"@type\":\"PropertyValueSpecification\",\"valueRequired\":true,\"valueName\":\"search_term_string\"}}],\"inLanguage\":\"de\"}]}<\/script>\n<!-- \/ Yoast SEO plugin. -->","yoast_head_json":{"title":"PARADICE - Schlittschuhlaufen in Biel! - PARADICE Bienne","description":"PARADICE ist zur\u00fcck vom FR 21.11.25 - SO 01.02.26. Die Freiluft-Eisbahn wird auf der Esplanade vor dem Kongresshaus BieL\/Bienne aufgebaut!","robots":{"index":"index","follow":"follow","max-snippet":"max-snippet:-1","max-image-preview":"max-image-preview:large","max-video-preview":"max-video-preview:-1"},"canonical":"https:\/\/www.paradice-bienne.ch\/de\/","og_locale":"de_DE","og_type":"article","og_title":"PARADICE - Schlittschuhlaufen in Biel! - PARADICE Bienne","og_description":"PARADICE ist zur\u00fcck vom FR 21.11.25 - SO 01.02.26. Die Freiluft-Eisbahn wird auf der Esplanade vor dem Kongresshaus BieL\/Bienne aufgebaut!","og_url":"https:\/\/www.paradice-bienne.ch\/de\/","og_site_name":"PARADICE Bienne","article_modified_time":"2026-02-05T16:07:51+00:00","twitter_card":"summary_large_image","schema":{"@context":"https:\/\/schema.org","@graph":[{"@type":"WebPage","@id":"https:\/\/www.paradice-bienne.ch\/de\/","url":"https:\/\/www.paradice-bienne.ch\/de\/","name":"PARADICE - Schlittschuhlaufen in Biel! - PARADICE Bienne","isPartOf":{"@id":"https:\/\/www.paradice-bienne.ch\/de\/#website"},"datePublished":"2019-11-04T08:06:28+00:00","dateModified":"2026-02-05T16:07:51+00:00","description":"PARADICE ist zur\u00fcck vom FR 21.11.25 - SO 01.02.26. Die Freiluft-Eisbahn wird auf der Esplanade vor dem Kongresshaus BieL\/Bienne aufgebaut!","breadcrumb":{"@id":"https:\/\/www.paradice-bienne.ch\/de\/#breadcrumb"},"inLanguage":"de","potentialAction":[{"@type":"ReadAction","target":["https:\/\/www.paradice-bienne.ch\/de\/"]}]},{"@type":"BreadcrumbList","@id":"https:\/\/www.paradice-bienne.ch\/de\/#breadcrumb","itemListElement":[{"@type":"ListItem","position":1,"name":"Startseite","item":"https:\/\/www.paradice-bienne.ch\/de\/"},{"@type":"ListItem","position":2,"name":"Home"}]},{"@type":"WebSite","@id":"https:\/\/www.paradice-bienne.ch\/de\/#website","url":"https:\/\/www.paradice-bienne.ch\/de\/","name":"PARADICE Bienne","description":"24.11.2024 - 26.01.2025","potentialAction":[{"@type":"SearchAction","target":{"@type":"EntryPoint","urlTemplate":"https:\/\/www.paradice-bienne.ch\/de\/?s={search_term_string}"},"query-input":{"@type":"PropertyValueSpecification","valueRequired":true,"valueName":"search_term_string"}}],"inLanguage":"de"}]}},"_links":{"self":[{"href":"https:\/\/www.paradice-bienne.ch\/de\/wp-json\/wp\/v2\/pages\/12","targetHints":{"allow":["GET"]}}],"collection":[{"href":"https:\/\/www.paradice-bienne.ch\/de\/wp-json\/wp\/v2\/pages"}],"about":[{"href":"https:\/\/www.paradice-bienne.ch\/de\/wp-json\/wp\/v2\/types\/page"}],"author":[{"embeddable":true,"href":"https:\/\/www.paradice-bienne.ch\/de\/wp-json\/wp\/v2\/users\/1"}],"replies":[{"embeddable":true,"href":"https:\/\/www.paradice-bienne.ch\/de\/wp-json\/wp\/v2\/comments?post=12"}],"version-history":[{"count":378,"href":"https:\/\/www.paradice-bienne.ch\/de\/wp-json\/wp\/v2\/pages\/12\/revisions"}],"predecessor-version":[{"id":8579,"href":"https:\/\/www.paradice-bienne.ch\/de\/wp-json\/wp\/v2\/pages\/12\/revisions\/8579"}],"wp:attachment":[{"href":"https:\/\/www.paradice-bienne.ch\/de\/wp-json\/wp\/v2\/media?parent=12"}],"curies":[{"name":"wp","href":"https:\/\/api.w.org\/{rel}","templated":true}]}}