{"id":14,"date":"2019-11-04T09:06:45","date_gmt":"2019-11-04T09:06:45","guid":{"rendered":"https:\/\/www.paradice-bienne.ch\/?page_id=14"},"modified":"2025-11-13T07:46:03","modified_gmt":"2025-11-13T06:46:03","slug":"paradice","status":"publish","type":"page","link":"https:\/\/www.paradice-bienne.ch\/de\/paradice\/","title":{"rendered":"Paradice"},"content":{"rendered":"\r\n<section  class=\"hero  pt_0  pb_100 \">\r\n    <div class=\"container d-flex h-100\">\r\n        <div class=\"row align-items-end\">\r\n            <div class=\"offset-md-2 col-md-8 text-center\">\r\n                <h1><\/h1>\r\n                            <\/div>\r\n        <\/div>\r\n    <\/div>\r\n    <img decoding=\"async\" src=\"https:\/\/www.paradice-bienne.ch\/wp-content\/uploads\/2024\/10\/Paradice_KV_2024-3-300x108.png\" data-sizes=\"auto\"\n\t\t\t\t\t\t                    data-src=\"https:\/\/www.paradice-bienne.ch\/wp-content\/uploads\/2024\/10\/Paradice_KV_2024-3.png\"\n\t\t\t\t\t\t                    data-srcset=\"https:\/\/www.paradice-bienne.ch\/wp-content\/uploads\/2024\/10\/Paradice_KV_2024-3.png 1920w, https:\/\/www.paradice-bienne.ch\/wp-content\/uploads\/2024\/10\/Paradice_KV_2024-3-300x108.png 300w, https:\/\/www.paradice-bienne.ch\/wp-content\/uploads\/2024\/10\/Paradice_KV_2024-3-1024x369.png 1024w, https:\/\/www.paradice-bienne.ch\/wp-content\/uploads\/2024\/10\/Paradice_KV_2024-3-768x277.png 768w, https:\/\/www.paradice-bienne.ch\/wp-content\/uploads\/2024\/10\/Paradice_KV_2024-3-1536x554.png 1536w\"\n\t\t\t\t\t\t                    class=\"bg bg_static_cover lazyload blur-up\" alt=\"\"><\/section>\n\n\n<section  class=\"text_1  pt_50  pb_50 \">\n    <div class=\"container\">\n        <div class=\"row\">\n            <div class=\"col-md-12 text-center\">\n                <h1 style=\"text-align: center;\">PARADICE<\/h1>\n<p class=\"lead\" style=\"text-align: center;\">Die PARADICE GmbH setzt sich zum Ziel jedes Jahr einen Anlass zu organisieren, der die Bev\u00f6lkerung bewegt und eine starke Ausstrahlung auf die ganze Region hat. PARADICE soll f\u00fcr ALLE ein wichtiger Begegnungsort sein, der politisch und konfessionell unabh\u00e4ngig ist.<\/p>\n                            <\/div>\n        <\/div>\n    <\/div>\n<\/section>\n\n\n<section  class=\"text_1  pt_0  pb_100 \">\n    <div class=\"container\">\n        <div class=\"row\">\n            <div class=\"col-md-12 text-center\">\n                <p class=\"lead\" style=\"text-align: center;\">Kontakte:<\/p>\n<p>&nbsp;<\/p>\n<h3 style=\"text-align: center;\">Sascha Tino D\u2019Antonio<\/h3>\n<p style=\"text-align: center;\">Gesch\u00e4ftsf\u00fchrer<br \/>\n<a href=\"mailto:sascha.dantonio@paradice-bienne.ch\">sascha.dantonio@paradice-bienne.ch<\/a><\/p>\n<h3><\/h3>\n<h3 style=\"text-align: center;\">Stefan D\u2019Antonio<\/h3>\n<p style=\"text-align: center;\">Leiter Infrastruktur<br \/>\n<a href=\"mailto:stefan.dantonio@paradice-bienne.ch\">stefan.dantonio@paradice-bienne.ch<\/a><\/p>\n<p>&nbsp;<\/p>\n<h3 style=\"text-align: center;\">Daniel Zahnd<\/h3>\n<p style=\"text-align: center;\">Eismeister<br \/>\n<a href=\"mailto:daniel@paradice-bienne.ch\">daniel@paradice-bienne.ch<\/a><\/p>\n<p>&nbsp;<\/p>\n                            <\/div>\n        <\/div>\n    <\/div>\n<\/section>\n\n\n<section  class=\"text_1  pt_0  pb_50 \">\n    <div class=\"container\">\n        <div class=\"row\">\n            <div class=\"col-md-12 text-center\">\n                <h1 style=\"text-align: center;\">G\u00f6nnerverein Pro PARADICE Bienne<\/h1>\n<p class=\"lead\" style=\"text-align: center;\">Werden Sie Mitglied im G\u00f6nnerverein Pro PARADICE Bienne und unterst\u00fctzen Sie die Idee der mobilen Eisbahn im Herzen der Stadt. Damit PARADICE nachhaltig installiert und von der Bev\u00f6lkerung mitgetragen werden kann, gibt es den G\u00f6nnerverein Pro PARADICE Bienne.<\/p>\n                                <a href=\"\/goenner\/\" class=\"btn btn-primary\">G\u00f6nner werden<\/a>\n                            <\/div>\n        <\/div>\n    <\/div>\n<\/section>\n\n\n<section  class=\"text_1  pt_0  pb_100 \">\n    <div class=\"container\">\n        <div class=\"row\">\n            <div class=\"col-md-12 text-center\">\n                <p class=\"lead\">Wer wir sind<\/p>\n<p>Als G\u00f6nnerverein fungieren wir als Bindeglied zwischen der Bev\u00f6lkerung und PARADICE. Unser Fokus liegt darauf, einen wichtigen finanziellen Beitrag zur Sicherstellung von PARADICE zu leisten und ein starkes Fundament in der Bev\u00f6lkerung f\u00fcr PARADICE zu schaffen. Durch unsere Bem\u00fchungen tragen wir dazu bei, dass PARADICE erfolgreich umgesetzt werden kann und zu einem unverzichtbaren Bestandteil des st\u00e4dtischen Lebens wird.<\/p>\n<p>&nbsp;<\/p>\n<p class=\"lead\">Vorstand 2025\/26<\/p>\n<p>Manuel Sch\u00fcpbach (Pr\u00e4sident)<br \/>\nFranz K\u00f6lliker (Vize-Pr\u00e4sident)<br \/>\nOlivier W\u00e4chter (Kassier)<br \/>\nCornelia Benz<br \/>\nMaurice Rebetez<br \/>\nC\u00e9line Thommen<br \/>\nPatrick Widmer<br \/>\nSimon Zaplotnik<\/p>\n<p>&nbsp;<\/p>\n<p class=\"lead\">Leitidee<\/p>\n<p>Unsere Leitidee besteht darin, PARADICE als einen Ort der Begegnung zu etablieren, an dem Menschen aller Altersgruppen und verschiedener Hintergr\u00fcnde zusammenkommen, um ein gemeinsames und unvergessliches Wintererlebnis zu teilen. Indem wir diese enge Verbindung zwischen PARADICE und der Bev\u00f6lkerung aufbauen, streben wir danach, ein nachhaltiges Erlebnis in Biel\/Bienne zu schaffen, die das Gemeinschaftsgef\u00fchl st\u00e4rkt und das positive Image unserer Stadt f\u00f6rdert.<\/p>\n<p>&nbsp;<\/p>\n<p class=\"lead\">Unsere Werte<\/p>\n<p>Neben unserer finanziellen Unterst\u00fctzung legen wir grossen Wert auf soziales und gesellschaftliches Engagement. Wir suchen aktiv nach Partnerschaften und kooperieren mit Organisationen, die \u00e4hnliche Ziele verfolgen, um das positive Image von PARADICE und der Stadt Biel\/Bienne zu st\u00e4rken. Unsere Aktivit\u00e4ten zielen darauf ab, ein Gef\u00fchl der Zusammengeh\u00f6rigkeit und des sozialen Miteinanders in der Bev\u00f6lkerung zu f\u00f6rdern, indem wir die Menschen ermutigen, aktiv an PARADICE teilzuhaben und sich einzubringen.<\/p>\n                            <\/div>\n        <\/div>\n    <\/div>\n<\/section>\n\n\n<section id=goenner class=\"text_1  pt_0  pb_50 \">\n    <div class=\"container\">\n        <div class=\"row\">\n            <div class=\"col-md-12 text-center\">\n                <p class=\"lead\">Vielen Dank an unsere G\u00f6nnerinnen und G\u00f6nner !<\/p>\n<p><span style=\"color: #ff0000;\">Stand Ausgabe 2025\/26 &#8211; Liste aktualisiert am 01.11.2025<\/span><\/p>\n                            <\/div>\n        <\/div>\n    <\/div>\n<\/section>\n\n\n<section  class=\"text_3  pt_0  pb_100 \">\n    <div class=\"container\">\n        <div class=\"row\">\n                        <div class=\"col-md-6 col-xl-3 text-center\">\n                <div class=\"elementToProof\">\n<div class=\"elementToProof\">\n<div>C\u00e9dric Adam<br \/>\nStephan Aebischer<br \/>\nMarianne Altorfer<br \/>\nClaudia + Miro Antunovic<br \/>\nThomas Balmer<\/div>\n<div>Florian Baumgartner<\/div>\n<div>Nicole Baumgartner-Steiner<\/div>\n<div>Cornelia Benz<\/div>\n<div>Nicolas Bouduban<\/div>\n<div>Urs Brunner<\/div>\n<div>Valentine Esseiva<\/div>\n<div>Therese Favrod Stauffer<\/div>\n<div>Maria + Gabriele \u00a0D\u2019Antonio<\/div>\n<\/div>\n<\/div>\n                            <\/div>\n                        <div class=\"col-md-6 col-xl-3 text-center\">\n                <div>\n<div>Lena Frank<\/div>\n<div>Stefanie Furer<\/div>\n<div>Ir\u00e8ne Furer<\/div>\n<div>Heinz Gammenthaler<\/div>\n<div>Matthias Gebel<\/div>\n<div>Ulrich Genick<\/div>\n<div>Remy Grosjean<\/div>\n<\/div>\n<div>Reto Gugger<\/div>\n<div>Rolf Iseli<\/div>\n<div>Andy Jenzer<\/div>\n<div>Anke Jung<\/div>\n<div>Thomas Krieg<\/div>\n<div>Thomas Marti<\/div>\n<div>Matex-Online<\/div>\n                            <\/div>\n                        <div class=\"col-md-6 col-xl-3 text-center\">\n                <div>Marie Moeschler<\/div>\n<div>Peter &amp; Hela Moser<\/div>\n<div>Frieda M\u00fcller-Gresch<\/div>\n<div>Michel Paratte<\/div>\n<div>Serge Pillonel<\/div>\n<div>Natasha Pittet<\/div>\n<div>Maurice Rebetez<\/div>\n<div>Nicole Rebetez<\/div>\n<div>Julian Rodriguez Ugolini<\/div>\n<div>No\u00e9mie Roth<\/div>\n<div>Rolf Schaller<\/div>\n<div>Mark Schmitz<\/div>\n<div>Barbara Scholl<\/div>\n                            <\/div>\n                        <div class=\"col-md-6 col-xl-3 text-center\">\n                <div>Willi &amp; Susanne Sch\u00fcpbach<\/div>\n<div>Fredy Sidler<\/div>\n<div>Andrea Diego Slongo<\/div>\n<div>Volkhard Stein<\/div>\n<div>Joseline Stolz<\/div>\n<div>Dominique Strobel<\/div>\n<div>Sandra Thalmann<\/div>\n<div>Vincent Trummer<\/div>\n<div>Olivier W\u00e4chter<\/div>\n<div>Patrick Widmer<\/div>\n<div>Cristina &amp; Thomas Zimmermann<\/div>\n<div>Karin Mathys<\/div>\n<div>Sabine Widmer<\/div>\n<div>Oliver Zesiger<\/div>\n<div>Robert Dubach<\/div>\n                            <\/div>\n                    <\/div>\n    <\/div>\n<\/section>","protected":false},"excerpt":{"rendered":"","protected":false},"author":1,"featured_media":0,"parent":0,"menu_order":0,"comment_status":"closed","ping_status":"closed","template":"","meta":{"_acf_changed":false,"footnotes":""},"class_list":["post-14","page","type-page","status-publish","hentry"],"acf":[],"yoast_head":"<!-- This site is optimized with the Yoast SEO plugin v27.4 - https:\/\/yoast.com\/product\/yoast-seo-wordpress\/ -->\n<title>Paradice - PARADICE Bienne<\/title>\n<meta name=\"robots\" content=\"index, follow, max-snippet:-1, max-image-preview:large, max-video-preview:-1\" \/>\n<link rel=\"canonical\" href=\"https:\/\/www.paradice-bienne.ch\/de\/paradice\/\" \/>\n<meta property=\"og:locale\" content=\"de_DE\" \/>\n<meta property=\"og:type\" content=\"article\" \/>\n<meta property=\"og:title\" content=\"Paradice - PARADICE Bienne\" \/>\n<meta property=\"og:url\" content=\"https:\/\/www.paradice-bienne.ch\/de\/paradice\/\" \/>\n<meta property=\"og:site_name\" content=\"PARADICE Bienne\" \/>\n<meta property=\"article:modified_time\" content=\"2025-11-13T06:46:03+00:00\" \/>\n<meta name=\"twitter:card\" content=\"summary_large_image\" \/>\n<script type=\"application\/ld+json\" class=\"yoast-schema-graph\">{\"@context\":\"https:\\\/\\\/schema.org\",\"@graph\":[{\"@type\":\"WebPage\",\"@id\":\"https:\\\/\\\/www.paradice-bienne.ch\\\/de\\\/paradice\\\/\",\"url\":\"https:\\\/\\\/www.paradice-bienne.ch\\\/de\\\/paradice\\\/\",\"name\":\"Paradice - PARADICE Bienne\",\"isPartOf\":{\"@id\":\"https:\\\/\\\/www.paradice-bienne.ch\\\/de\\\/#website\"},\"datePublished\":\"2019-11-04T09:06:45+00:00\",\"dateModified\":\"2025-11-13T06:46:03+00:00\",\"breadcrumb\":{\"@id\":\"https:\\\/\\\/www.paradice-bienne.ch\\\/de\\\/paradice\\\/#breadcrumb\"},\"inLanguage\":\"de\",\"potentialAction\":[{\"@type\":\"ReadAction\",\"target\":[\"https:\\\/\\\/www.paradice-bienne.ch\\\/de\\\/paradice\\\/\"]}]},{\"@type\":\"BreadcrumbList\",\"@id\":\"https:\\\/\\\/www.paradice-bienne.ch\\\/de\\\/paradice\\\/#breadcrumb\",\"itemListElement\":[{\"@type\":\"ListItem\",\"position\":1,\"name\":\"Startseite\",\"item\":\"https:\\\/\\\/www.paradice-bienne.ch\\\/de\\\/\"},{\"@type\":\"ListItem\",\"position\":2,\"name\":\"Paradice\"}]},{\"@type\":\"WebSite\",\"@id\":\"https:\\\/\\\/www.paradice-bienne.ch\\\/de\\\/#website\",\"url\":\"https:\\\/\\\/www.paradice-bienne.ch\\\/de\\\/\",\"name\":\"PARADICE Bienne\",\"description\":\"24.11.2024 - 26.01.2025\",\"potentialAction\":[{\"@type\":\"SearchAction\",\"target\":{\"@type\":\"EntryPoint\",\"urlTemplate\":\"https:\\\/\\\/www.paradice-bienne.ch\\\/de\\\/?s={search_term_string}\"},\"query-input\":{\"@type\":\"PropertyValueSpecification\",\"valueRequired\":true,\"valueName\":\"search_term_string\"}}],\"inLanguage\":\"de\"}]}<\/script>\n<!-- \/ Yoast SEO plugin. -->","yoast_head_json":{"title":"Paradice - PARADICE Bienne","robots":{"index":"index","follow":"follow","max-snippet":"max-snippet:-1","max-image-preview":"max-image-preview:large","max-video-preview":"max-video-preview:-1"},"canonical":"https:\/\/www.paradice-bienne.ch\/de\/paradice\/","og_locale":"de_DE","og_type":"article","og_title":"Paradice - PARADICE Bienne","og_url":"https:\/\/www.paradice-bienne.ch\/de\/paradice\/","og_site_name":"PARADICE Bienne","article_modified_time":"2025-11-13T06:46:03+00:00","twitter_card":"summary_large_image","schema":{"@context":"https:\/\/schema.org","@graph":[{"@type":"WebPage","@id":"https:\/\/www.paradice-bienne.ch\/de\/paradice\/","url":"https:\/\/www.paradice-bienne.ch\/de\/paradice\/","name":"Paradice - PARADICE Bienne","isPartOf":{"@id":"https:\/\/www.paradice-bienne.ch\/de\/#website"},"datePublished":"2019-11-04T09:06:45+00:00","dateModified":"2025-11-13T06:46:03+00:00","breadcrumb":{"@id":"https:\/\/www.paradice-bienne.ch\/de\/paradice\/#breadcrumb"},"inLanguage":"de","potentialAction":[{"@type":"ReadAction","target":["https:\/\/www.paradice-bienne.ch\/de\/paradice\/"]}]},{"@type":"BreadcrumbList","@id":"https:\/\/www.paradice-bienne.ch\/de\/paradice\/#breadcrumb","itemListElement":[{"@type":"ListItem","position":1,"name":"Startseite","item":"https:\/\/www.paradice-bienne.ch\/de\/"},{"@type":"ListItem","position":2,"name":"Paradice"}]},{"@type":"WebSite","@id":"https:\/\/www.paradice-bienne.ch\/de\/#website","url":"https:\/\/www.paradice-bienne.ch\/de\/","name":"PARADICE Bienne","description":"24.11.2024 - 26.01.2025","potentialAction":[{"@type":"SearchAction","target":{"@type":"EntryPoint","urlTemplate":"https:\/\/www.paradice-bienne.ch\/de\/?s={search_term_string}"},"query-input":{"@type":"PropertyValueSpecification","valueRequired":true,"valueName":"search_term_string"}}],"inLanguage":"de"}]}},"_links":{"self":[{"href":"https:\/\/www.paradice-bienne.ch\/de\/wp-json\/wp\/v2\/pages\/14","targetHints":{"allow":["GET"]}}],"collection":[{"href":"https:\/\/www.paradice-bienne.ch\/de\/wp-json\/wp\/v2\/pages"}],"about":[{"href":"https:\/\/www.paradice-bienne.ch\/de\/wp-json\/wp\/v2\/types\/page"}],"author":[{"embeddable":true,"href":"https:\/\/www.paradice-bienne.ch\/de\/wp-json\/wp\/v2\/users\/1"}],"replies":[{"embeddable":true,"href":"https:\/\/www.paradice-bienne.ch\/de\/wp-json\/wp\/v2\/comments?post=14"}],"version-history":[{"count":150,"href":"https:\/\/www.paradice-bienne.ch\/de\/wp-json\/wp\/v2\/pages\/14\/revisions"}],"predecessor-version":[{"id":8540,"href":"https:\/\/www.paradice-bienne.ch\/de\/wp-json\/wp\/v2\/pages\/14\/revisions\/8540"}],"wp:attachment":[{"href":"https:\/\/www.paradice-bienne.ch\/de\/wp-json\/wp\/v2\/media?parent=14"}],"curies":[{"name":"wp","href":"https:\/\/api.w.org\/{rel}","templated":true}]}}