{"id":18,"date":"2019-11-04T09:07:14","date_gmt":"2019-11-04T09:07:14","guid":{"rendered":"https:\/\/www.paradice-bienne.ch\/?page_id=18"},"modified":"2026-01-06T05:31:29","modified_gmt":"2026-01-06T04:31:29","slug":"events","status":"publish","type":"page","link":"https:\/\/www.paradice-bienne.ch\/de\/events\/","title":{"rendered":"Events"},"content":{"rendered":"\r\n<section  class=\"hero  pt_0  pb_50 \">\r\n    <div class=\"container d-flex h-100\">\r\n        <div class=\"row align-items-end\">\r\n            <div class=\"offset-md-2 col-md-8 text-center\">\r\n                <h1><\/h1>\r\n                            <\/div>\r\n        <\/div>\r\n    <\/div>\r\n    <img decoding=\"async\" src=\"https:\/\/www.paradice-bienne.ch\/wp-content\/uploads\/2020\/07\/Paradice_Events_2020-300x108.png\" data-sizes=\"auto\"\n\t\t\t\t\t\t                    data-src=\"https:\/\/www.paradice-bienne.ch\/wp-content\/uploads\/2020\/07\/Paradice_Events_2020.png\"\n\t\t\t\t\t\t                    data-srcset=\"https:\/\/www.paradice-bienne.ch\/wp-content\/uploads\/2020\/07\/Paradice_Events_2020.png 1920w, https:\/\/www.paradice-bienne.ch\/wp-content\/uploads\/2020\/07\/Paradice_Events_2020-300x108.png 300w, https:\/\/www.paradice-bienne.ch\/wp-content\/uploads\/2020\/07\/Paradice_Events_2020-1024x369.png 1024w, https:\/\/www.paradice-bienne.ch\/wp-content\/uploads\/2020\/07\/Paradice_Events_2020-768x276.png 768w, https:\/\/www.paradice-bienne.ch\/wp-content\/uploads\/2020\/07\/Paradice_Events_2020-1536x553.png 1536w\"\n\t\t\t\t\t\t                    class=\"bg bg_static_cover lazyload blur-up\" alt=\"\"><\/section>\n\n\n<section  class=\"text_1  pt_0  pb_50 \">\n    <div class=\"container\">\n        <div class=\"row\">\n            <div class=\"col-md-12 text-center\">\n                <h1 style=\"text-align: center;\">Events<\/h1>\n<p class=\"lead\" style=\"text-align: center;\">73 Tage PARADICE-Programm mit Aktivit\u00e4ten und Events.<\/p>\n<p>Kommen Sie vorbei, schn\u00fcren Sie Ihre Schlittschuhe und geniessen Sie einen unvergesslichen Tag\/Abend im PARADICE.<\/p>\n                            <\/div>\n        <\/div>\n    <\/div>\n<\/section>\n\n\n\n<section  class=\"list  pt_0  pb_100 \">\n    <div class=\"container\">\n                <div class=\"row\">\n            <div class=\"offset-md-2 col-md-8\">\n                                <h2>PARADICE OPENING &#8222;ZEREMONIE&#8220; | <span class=\"light\">Fr. 21.11.2025 | 17:00<\/span>\n                <\/h2>\n                <div class=\"row\">\n                    <div class=\"col-md-8\">\n                        <p>Die Eisbahn wird offiziell er\u00f6ffnet und freut sich n\u00e4chsten Winter auf 73 Tage Schlittschuh-Spass mit Animation, Winterplausch, toller Gastronomie und vielen Emotionen f\u00fcr jung und alt.<\/p>\n                    <\/div>\n                    <div class=\"col-md-4 text-right\">\n                                            <\/div>\n                <\/div>\n                <hr>\n            <\/div>\n        <\/div>\n                <div class=\"row\">\n            <div class=\"offset-md-2 col-md-8\">\n                                <h2>Ice Disco | <span class=\"light\">Fr. 12.12.2025 | 18:00<\/span>\n                <\/h2>\n                <div class=\"row\">\n                    <div class=\"col-md-8\">\n                        <p>Die erste ICE Disco mit DJs und guter Stimmung f\u00fcr jung und junggebliebene mit und ohne Schlittschuhe.<\/p>\n                    <\/div>\n                    <div class=\"col-md-4 text-right\">\n                                            <\/div>\n                <\/div>\n                <hr>\n            <\/div>\n        <\/div>\n                <div class=\"row\">\n            <div class=\"offset-md-2 col-md-8\">\n                                <h2>Privat Event | <span class=\"light\">Fr. 19.12.2025 | 09:00<\/span>\n                <\/h2>\n                <div class=\"row\">\n                    <div class=\"col-md-8\">\n                        <p>Privater Corporate Event im Chalet mit Musik und Tanz ! 14.00 &#8211; 16.30 Uhr.<\/p>\n<p>Von 18.00 &#8211; 23.30 Uhr Chalet Day Dance &#8211; Privat Event ! Food &amp; Drinks &amp; DJ im Chalet<\/p>\n<p>Musik Schluss um 00.00 Uhr und PARADICE schliesst um 00.30 Uhr !<\/p>\n                    <\/div>\n                    <div class=\"col-md-4 text-right\">\n                                            <\/div>\n                <\/div>\n                <hr>\n            <\/div>\n        <\/div>\n                <div class=\"row\">\n            <div class=\"offset-md-2 col-md-8\">\n                                <h2>SILVESTER NIGHT &#8222;HAPPY NEW YEAR&#8220; | <span class=\"light\">Mi. 31.12.2025 | 20:00<\/span>\n                <\/h2>\n                <div class=\"row\">\n                    <div class=\"col-md-8\">\n                        <p>Big New Year&#8217;s Eve Party mit Late Night Skating &#8211; Party with DJ till 02h30<\/p>\n                    <\/div>\n                    <div class=\"col-md-4 text-right\">\n                                            <\/div>\n                <\/div>\n                <hr>\n            <\/div>\n        <\/div>\n                <div class=\"row\">\n            <div class=\"offset-md-2 col-md-8\">\n                                <h2>SZB Kids Day  | <span class=\"light\">Mi. 21.01.2026 | 13:00<\/span>\n                <\/h2>\n                <div class=\"row\">\n                    <div class=\"col-md-8\">\n                        <p>Die Kinder, Familien und das Spitalzentrum freut sich auf einen tollen Event ausgerichtet f\u00fcr Kinder und jugendliche aus der Region. Es gibt tolle Animationen und \u00dcberraschungen.<\/p>\n                    <\/div>\n                    <div class=\"col-md-4 text-right\">\n                                            <\/div>\n                <\/div>\n                <hr>\n            <\/div>\n        <\/div>\n                <div class=\"row\">\n            <div class=\"offset-md-2 col-md-8\">\n                                <h2>PARADICE &#8222;CHALET&#8220; DAYDANCE &#8211; HOUSE CLASSICS | <span class=\"light\">Sa. 31.01.2026 | 18:00<\/span>\n                <\/h2>\n                <div class=\"row\">\n                    <div class=\"col-md-8\">\n                        <p>Die Closing Night &#8211; Eine Daydance im Chalet, welche letzten Winter die Premiere feierte. Ein Vorverkauf wird f\u00fcr f\u00fcr diesen exklusiven Event aufgeschaltet ! Dies pr\u00e4sentiert vom Hauptpartner DUO Entertainment !<\/p>\n<p>Food Corner &amp; Late Night Skate included !<\/p>\n<p>Daydance 18h00 &#8211; 00h00<\/p>\n<p>Presale Tickets <a href=\"https:\/\/eventfrog.ch\/de\/p\/party\/house-techno\/paradice-chalet-day-dance-presented-by-duo-entertainment-7412196900730844161.html\">click here<\/a><\/p>\n<p>&nbsp;<\/p>\n                    <\/div>\n                    <div class=\"col-md-4 text-right\">\n                                            <\/div>\n                <\/div>\n                <hr>\n            <\/div>\n        <\/div>\n                <div class=\"row\">\n            <div class=\"offset-md-2 col-md-8\">\n                                <h2>PARADICE CLOSING &#8222;LAST DAY ON ICE&#8220; | <span class=\"light\">So. 01.02.2026 | 10:00<\/span>\n                <\/h2>\n                <div class=\"row\">\n                    <div class=\"col-md-8\">\n                        <p>Der letzte ge\u00f6ffnete Tag der Saison 25\/26 . Foto-Shooting um 20.00 Uhr und danach ist Schluss !<\/p>\n                    <\/div>\n                    <div class=\"col-md-4 text-right\">\n                                            <\/div>\n                <\/div>\n                <hr>\n            <\/div>\n        <\/div>\n        \n    <\/div>\n<\/section>\n\n\n\n<section  class=\"list  pt_0  pb_100 \">\n    <div class=\"container\">\n        \n    <\/div>\n<\/section>\n\n\n<section  class=\"teaser_3  pt_0  pb_0 \">\n    <div class=\"container d-flex h-100\">\n        <div class=\"row align-items-center\">\n            <div class=\"col-sm-6\">\n                <img decoding=\"async\" src=\"https:\/\/www.paradice-bienne.ch\/wp-content\/uploads\/2019\/11\/Paradice-Icons_250x250_Schneeflocke.png\" data-sizes=\"auto\"\n\t\t\t\t\t\t                    data-src=\"https:\/\/www.paradice-bienne.ch\/wp-content\/uploads\/2019\/11\/Paradice-Icons_250x250_Schneeflocke.png\"\n\t\t\t\t\t\t                    data-srcset=\"https:\/\/www.paradice-bienne.ch\/wp-content\/uploads\/2019\/11\/Paradice-Icons_250x250_Schneeflocke.png 250w, https:\/\/www.paradice-bienne.ch\/wp-content\/uploads\/2019\/11\/Paradice-Icons_250x250_Schneeflocke-150x150.png 150w\"\n\t\t\t\t\t\t                    class=\"bg_static_cover icon lazyload blur-up\" alt=\"\">\n                <p>Herzlich willkommen in unserem gem\u00fctlichen Holz-Chalet .<\/p>\n                                <a href=\"\/gastro\" class=\"btn btn-primary\">Jetzt reservieren<\/a>\n                            <\/div>\n        <\/div>\n    <\/div>\n    <img decoding=\"async\" src=\"https:\/\/www.paradice-bienne.ch\/wp-content\/uploads\/2025\/02\/IMG_5969-300x169.jpg\" data-sizes=\"auto\"\n\t\t\t\t\t\t                    data-src=\"https:\/\/www.paradice-bienne.ch\/wp-content\/uploads\/2025\/02\/IMG_5969-scaled.jpg\"\n\t\t\t\t\t\t                    data-srcset=\"https:\/\/www.paradice-bienne.ch\/wp-content\/uploads\/2025\/02\/IMG_5969-scaled.jpg 2560w, https:\/\/www.paradice-bienne.ch\/wp-content\/uploads\/2025\/02\/IMG_5969-300x169.jpg 300w, https:\/\/www.paradice-bienne.ch\/wp-content\/uploads\/2025\/02\/IMG_5969-1024x576.jpg 1024w, https:\/\/www.paradice-bienne.ch\/wp-content\/uploads\/2025\/02\/IMG_5969-768x432.jpg 768w, https:\/\/www.paradice-bienne.ch\/wp-content\/uploads\/2025\/02\/IMG_5969-1536x864.jpg 1536w, https:\/\/www.paradice-bienne.ch\/wp-content\/uploads\/2025\/02\/IMG_5969-2048x1152.jpg 2048w\"\n\t\t\t\t\t\t                    class=\"bg bg_static_cover lazyload blur-up\" alt=\"\"><\/section>","protected":false},"excerpt":{"rendered":"","protected":false},"author":1,"featured_media":0,"parent":0,"menu_order":0,"comment_status":"closed","ping_status":"closed","template":"","meta":{"_acf_changed":false,"footnotes":""},"class_list":["post-18","page","type-page","status-publish","hentry"],"acf":[],"yoast_head":"<!-- This site is optimized with the Yoast SEO plugin v27.4 - https:\/\/yoast.com\/product\/yoast-seo-wordpress\/ -->\n<title>Events - PARADICE Bienne<\/title>\n<meta name=\"robots\" content=\"index, follow, max-snippet:-1, max-image-preview:large, max-video-preview:-1\" \/>\n<link rel=\"canonical\" href=\"https:\/\/www.paradice-bienne.ch\/de\/events\/\" \/>\n<meta property=\"og:locale\" content=\"de_DE\" \/>\n<meta property=\"og:type\" content=\"article\" \/>\n<meta property=\"og:title\" content=\"Events - PARADICE Bienne\" \/>\n<meta property=\"og:url\" content=\"https:\/\/www.paradice-bienne.ch\/de\/events\/\" \/>\n<meta property=\"og:site_name\" content=\"PARADICE Bienne\" \/>\n<meta property=\"article:modified_time\" content=\"2026-01-06T04:31:29+00:00\" \/>\n<meta name=\"twitter:card\" content=\"summary_large_image\" \/>\n<script type=\"application\/ld+json\" class=\"yoast-schema-graph\">{\"@context\":\"https:\\\/\\\/schema.org\",\"@graph\":[{\"@type\":\"WebPage\",\"@id\":\"https:\\\/\\\/www.paradice-bienne.ch\\\/de\\\/events\\\/\",\"url\":\"https:\\\/\\\/www.paradice-bienne.ch\\\/de\\\/events\\\/\",\"name\":\"Events - PARADICE Bienne\",\"isPartOf\":{\"@id\":\"https:\\\/\\\/www.paradice-bienne.ch\\\/de\\\/#website\"},\"datePublished\":\"2019-11-04T09:07:14+00:00\",\"dateModified\":\"2026-01-06T04:31:29+00:00\",\"breadcrumb\":{\"@id\":\"https:\\\/\\\/www.paradice-bienne.ch\\\/de\\\/events\\\/#breadcrumb\"},\"inLanguage\":\"de\",\"potentialAction\":[{\"@type\":\"ReadAction\",\"target\":[\"https:\\\/\\\/www.paradice-bienne.ch\\\/de\\\/events\\\/\"]}]},{\"@type\":\"BreadcrumbList\",\"@id\":\"https:\\\/\\\/www.paradice-bienne.ch\\\/de\\\/events\\\/#breadcrumb\",\"itemListElement\":[{\"@type\":\"ListItem\",\"position\":1,\"name\":\"Startseite\",\"item\":\"https:\\\/\\\/www.paradice-bienne.ch\\\/de\\\/\"},{\"@type\":\"ListItem\",\"position\":2,\"name\":\"Events\"}]},{\"@type\":\"WebSite\",\"@id\":\"https:\\\/\\\/www.paradice-bienne.ch\\\/de\\\/#website\",\"url\":\"https:\\\/\\\/www.paradice-bienne.ch\\\/de\\\/\",\"name\":\"PARADICE Bienne\",\"description\":\"24.11.2024 - 26.01.2025\",\"potentialAction\":[{\"@type\":\"SearchAction\",\"target\":{\"@type\":\"EntryPoint\",\"urlTemplate\":\"https:\\\/\\\/www.paradice-bienne.ch\\\/de\\\/?s={search_term_string}\"},\"query-input\":{\"@type\":\"PropertyValueSpecification\",\"valueRequired\":true,\"valueName\":\"search_term_string\"}}],\"inLanguage\":\"de\"}]}<\/script>\n<!-- \/ Yoast SEO plugin. -->","yoast_head_json":{"title":"Events - PARADICE Bienne","robots":{"index":"index","follow":"follow","max-snippet":"max-snippet:-1","max-image-preview":"max-image-preview:large","max-video-preview":"max-video-preview:-1"},"canonical":"https:\/\/www.paradice-bienne.ch\/de\/events\/","og_locale":"de_DE","og_type":"article","og_title":"Events - PARADICE Bienne","og_url":"https:\/\/www.paradice-bienne.ch\/de\/events\/","og_site_name":"PARADICE Bienne","article_modified_time":"2026-01-06T04:31:29+00:00","twitter_card":"summary_large_image","schema":{"@context":"https:\/\/schema.org","@graph":[{"@type":"WebPage","@id":"https:\/\/www.paradice-bienne.ch\/de\/events\/","url":"https:\/\/www.paradice-bienne.ch\/de\/events\/","name":"Events - PARADICE Bienne","isPartOf":{"@id":"https:\/\/www.paradice-bienne.ch\/de\/#website"},"datePublished":"2019-11-04T09:07:14+00:00","dateModified":"2026-01-06T04:31:29+00:00","breadcrumb":{"@id":"https:\/\/www.paradice-bienne.ch\/de\/events\/#breadcrumb"},"inLanguage":"de","potentialAction":[{"@type":"ReadAction","target":["https:\/\/www.paradice-bienne.ch\/de\/events\/"]}]},{"@type":"BreadcrumbList","@id":"https:\/\/www.paradice-bienne.ch\/de\/events\/#breadcrumb","itemListElement":[{"@type":"ListItem","position":1,"name":"Startseite","item":"https:\/\/www.paradice-bienne.ch\/de\/"},{"@type":"ListItem","position":2,"name":"Events"}]},{"@type":"WebSite","@id":"https:\/\/www.paradice-bienne.ch\/de\/#website","url":"https:\/\/www.paradice-bienne.ch\/de\/","name":"PARADICE Bienne","description":"24.11.2024 - 26.01.2025","potentialAction":[{"@type":"SearchAction","target":{"@type":"EntryPoint","urlTemplate":"https:\/\/www.paradice-bienne.ch\/de\/?s={search_term_string}"},"query-input":{"@type":"PropertyValueSpecification","valueRequired":true,"valueName":"search_term_string"}}],"inLanguage":"de"}]}},"_links":{"self":[{"href":"https:\/\/www.paradice-bienne.ch\/de\/wp-json\/wp\/v2\/pages\/18","targetHints":{"allow":["GET"]}}],"collection":[{"href":"https:\/\/www.paradice-bienne.ch\/de\/wp-json\/wp\/v2\/pages"}],"about":[{"href":"https:\/\/www.paradice-bienne.ch\/de\/wp-json\/wp\/v2\/types\/page"}],"author":[{"embeddable":true,"href":"https:\/\/www.paradice-bienne.ch\/de\/wp-json\/wp\/v2\/users\/1"}],"replies":[{"embeddable":true,"href":"https:\/\/www.paradice-bienne.ch\/de\/wp-json\/wp\/v2\/comments?post=18"}],"version-history":[{"count":437,"href":"https:\/\/www.paradice-bienne.ch\/de\/wp-json\/wp\/v2\/pages\/18\/revisions"}],"predecessor-version":[{"id":8568,"href":"https:\/\/www.paradice-bienne.ch\/de\/wp-json\/wp\/v2\/pages\/18\/revisions\/8568"}],"wp:attachment":[{"href":"https:\/\/www.paradice-bienne.ch\/de\/wp-json\/wp\/v2\/media?parent=18"}],"curies":[{"name":"wp","href":"https:\/\/api.w.org\/{rel}","templated":true}]}}