{"id":2148,"date":"2020-08-14T15:56:11","date_gmt":"2020-08-14T13:56:11","guid":{"rendered":"https:\/\/www.paradice-bienne.ch\/?page_id=2148"},"modified":"2026-02-05T17:10:12","modified_gmt":"2026-02-05T16:10:12","slug":"angebot-fuer-schulen","status":"publish","type":"page","link":"https:\/\/www.paradice-bienne.ch\/de\/info\/angebot-fuer-schulen\/","title":{"rendered":"Angebot f\u00fcr Schulen"},"content":{"rendered":"\r\n<section  class=\"hero  pt_0  pb_50 \">\r\n    <div class=\"container d-flex h-100\">\r\n        <div class=\"row align-items-end\">\r\n            <div class=\"offset-md-2 col-md-8 text-center\">\r\n                <h1><\/h1>\r\n                            <\/div>\r\n        <\/div>\r\n    <\/div>\r\n    <img decoding=\"async\" src=\"https:\/\/www.paradice-bienne.ch\/wp-content\/uploads\/2020\/07\/Paradice_Schulen_2020-300x108.png\" data-sizes=\"auto\"\n\t\t\t\t\t\t                    data-src=\"https:\/\/www.paradice-bienne.ch\/wp-content\/uploads\/2020\/07\/Paradice_Schulen_2020.png\"\n\t\t\t\t\t\t                    data-srcset=\"https:\/\/www.paradice-bienne.ch\/wp-content\/uploads\/2020\/07\/Paradice_Schulen_2020.png 1920w, https:\/\/www.paradice-bienne.ch\/wp-content\/uploads\/2020\/07\/Paradice_Schulen_2020-300x108.png 300w, https:\/\/www.paradice-bienne.ch\/wp-content\/uploads\/2020\/07\/Paradice_Schulen_2020-1024x369.png 1024w, https:\/\/www.paradice-bienne.ch\/wp-content\/uploads\/2020\/07\/Paradice_Schulen_2020-768x276.png 768w, https:\/\/www.paradice-bienne.ch\/wp-content\/uploads\/2020\/07\/Paradice_Schulen_2020-1536x553.png 1536w\"\n\t\t\t\t\t\t                    class=\"bg bg_static_cover lazyload blur-up\" alt=\"\"><\/section>\n\n\n<section  class=\"text_1  pt_0  pb_100 \">\n    <div class=\"container\">\n        <div class=\"row\">\n            <div class=\"col-md-12 text-center\">\n                <h1>Schulklasse goes PARADICE<\/h1>\n<p class=\"lead\">Gestalten Sie Ihren Turnunterricht im Freien oder unternehmen Sie mit Ihrer Schulklasse eine kleine Exkursion ins PARADICE.<\/p>\n<p>Als Schulklasse aus Biel und den Gemeinden, die PARADICE unterst\u00fctzen, geniessen Sie Gratis-Eintritt (1. \u2013 9. Schuljahr) und auch die Miete der Schlittschuhe ist kostenlos. Weiter unten finden Sie die n\u00f6tigen Informationen dazu. Damit Sie in Ruhe planen k\u00f6nnen, wird eine fr\u00fchzeitige Reservation mittels Online-Formular empfohlen (7 Tage im Voraus). Aus logistischen Gr\u00fcnden k\u00f6nnen <strong>keine telefonischen Reservationen<\/strong> entgegen genommen werden.<\/p>\n                                <a href=\"#reservation\" class=\"btn btn-primary\">Klasse anmelden<\/a>\n                            <\/div>\n        <\/div>\n    <\/div>\n<\/section>\n\n\n<section id=sponsor class=\"text_1  pt_0  pb_50 \">\n    <div class=\"container\">\n        <div class=\"row\">\n            <div class=\"col-md-12 text-center\">\n                <h2>Die wichtigsten Informationen auf einen Blick<\/h2>\n<p>Wenn Sie als Lehrperson PARADICE mit Ihrer Schulklasse besuchen m\u00f6chten, sollten Sie vorg\u00e4ngig folgendes wissen.<\/p>\n                            <\/div>\n        <\/div>\n    <\/div>\n<\/section>\n\n\n<section  class=\"teaser_2  pt_0  pb_100 \">\n    <div class=\"container\">\n        <div class=\"row\">\n                        <div class=\"col-md-6 text-center d-flex flex-wrap\">\n                <div class=\"w-100\">\n                    <hr class=\"mt-0\">\n                                        <div class=\"content_box text-left\">\n                        <h3>Anmeldung<\/h3>\n<p>F\u00fcllen Sie das Formular unten vollst\u00e4ndig aus und schicken Sie es <strong>mindestens eine Woche im Voraus<\/strong> an PARADICE. Sie erhalten eine automatische Best\u00e4tigung. Bei R\u00fcckfragen oder Engp\u00e4ssen melden wir uns bei Ihnen.<\/p>\n                        <a href=\"#reservation\" class=\"btn btn-primary\">Klasse anmelden<\/a>\n                                            <\/div>\n\n                <\/div>\n                <div class=\"align-self-end w-100\">\n                    <hr class=\"mt-auto\">\n                <\/div>\n            <\/div>\n\n                        <div class=\"col-md-6 text-center d-flex flex-wrap\">\n                <div class=\"w-100\">\n                    <hr class=\"mt-0\">\n                                        <div class=\"content_box text-left\">\n                        <h3>Kosten<\/h3>\n<p>Alle Schulklassen (bis und mit 9. Klasse) aus Biel und den Gemeinden, die PARADICE unterst\u00fctzen, geniessen Gratis-Eintritt. Die Schlittschuhmiete f\u00fcr diese Sch\u00fclerinnen und Sch\u00fcler sowie Lehr-\/Begleitpersonen ist ebenfalls gratis.<\/p>\n                        <a href=\"\/de\/sponsoren\/#gemeinden\" class=\"btn btn-primary\">Gemeinde-Sponsoren<\/a>\n                                            <\/div>\n\n                <\/div>\n                <div class=\"align-self-end w-100\">\n                    <hr class=\"mt-auto\">\n                <\/div>\n            <\/div>\n\n                        <div class=\"col-md-6 text-center d-flex flex-wrap\">\n                <div class=\"w-100\">\n                    <hr class=\"mt-0\">\n                                        <div class=\"content_box text-left\">\n                        <h3>Ankunft \/ Besammlung<\/h3>\n<p>Bitte melden Sie sich bei Ankunft an der Kasse an. Sie werden von uns zur Schlittschuhvermietung begleitet.<\/p>\n                    <\/div>\n\n                <\/div>\n                <div class=\"align-self-end w-100\">\n                    <hr class=\"mt-auto\">\n                <\/div>\n            <\/div>\n\n                        <div class=\"col-md-6 text-center d-flex flex-wrap\">\n                <div class=\"w-100\">\n                    <hr class=\"mt-0\">\n                                        <div class=\"content_box text-left\">\n                        <h3>Abreise<\/h3>\n<p>Beim Verlassen der Eisbahn sind Schlittschuhe und gemietete Gegenst\u00e4nde wieder bei der Vermietungsstation zu retournieren.<\/p>\n                    <\/div>\n\n                <\/div>\n                <div class=\"align-self-end w-100\">\n                    <hr class=\"mt-auto\">\n                <\/div>\n            <\/div>\n\n                        <div class=\"col-md-6 text-center d-flex flex-wrap\">\n                <div class=\"w-100\">\n                    <hr class=\"mt-0\">\n                                        <div class=\"content_box text-left\">\n                        <h3>Verpflegung<\/h3>\n<p>Bitte beachten Sie, dass unser Chalet PARADICE und die Barinsel nicht durchgehend ge\u00f6ffnet sind. F\u00fcr mitgebrachte Verpflegung stehen B\u00e4nke und Tische zu Verf\u00fcgung.<\/p>\n<p>&nbsp;<\/p>\n                    <\/div>\n\n                <\/div>\n                <div class=\"align-self-end w-100\">\n                    <hr class=\"mt-auto\">\n                <\/div>\n            <\/div>\n\n                        <div class=\"col-md-6 text-center d-flex flex-wrap\">\n                <div class=\"w-100\">\n                    <hr class=\"mt-0\">\n                                        <div class=\"content_box text-left\">\n                        <h3>Respekt &amp; R\u00fccksicht<\/h3>\n<p>Wir bedanken uns f\u00fcr Ihr r\u00fccksichtsvolles Verhalten gegen\u00fcber den Mitbesuchern und respektvollen Umgang mit Material. Beachten Sie bitte unsere Hausordnung.<\/p>\n                    <\/div>\n\n                <\/div>\n                <div class=\"align-self-end w-100\">\n                    <hr class=\"mt-auto\">\n                <\/div>\n            <\/div>\n\n                        <div class=\"col-md-6 text-center d-flex flex-wrap\">\n                <div class=\"w-100\">\n                    <hr class=\"mt-0\">\n                                        <div class=\"icon_box\">\n                        <img decoding=\"async\" src=\"https:\/\/www.paradice-bienne.ch\/wp-content\/uploads\/2024\/11\/RAGUSA_HP-300x204.jpg\" data-sizes=\"auto\"\n\t\t\t\t\t\t                    data-src=\"https:\/\/www.paradice-bienne.ch\/wp-content\/uploads\/2024\/11\/RAGUSA_HP.jpg\"\n\t\t\t\t\t\t                    data-srcset=\"https:\/\/www.paradice-bienne.ch\/wp-content\/uploads\/2024\/11\/RAGUSA_HP.jpg 1920w, https:\/\/www.paradice-bienne.ch\/wp-content\/uploads\/2024\/11\/RAGUSA_HP-300x204.jpg 300w, https:\/\/www.paradice-bienne.ch\/wp-content\/uploads\/2024\/11\/RAGUSA_HP-1024x698.jpg 1024w, https:\/\/www.paradice-bienne.ch\/wp-content\/uploads\/2024\/11\/RAGUSA_HP-768x524.jpg 768w, https:\/\/www.paradice-bienne.ch\/wp-content\/uploads\/2024\/11\/RAGUSA_HP-1536x1047.jpg 1536w, https:\/\/www.paradice-bienne.ch\/wp-content\/uploads\/2024\/11\/RAGUSA_HP-2048x1396.jpg 2048w\"\n\t\t\t\t\t\t                    class=\"bg_static_cover lazyload blur-up\" alt=\"\">                    <\/div>\n                                        <div class=\"content_box text-left\">\n                        <h3>Ein Ausflug abseits von PARADICE bei <a href=\"https:\/\/camillebloch.ch\/de\/besuchen\/erlebniswelt\/\">CAMILLE BLOCH\u00a0<\/a><\/h3>\n<p>Wie w\u00e4re es mit einem Besuch bei Camille Bloch? Tauchen Sie ein in die Welt der Schokolade und genie\u00dfen Sie eine gem\u00fctliche, einladende Atmosph\u00e4re. Dieses besondere Erlebnis, nur wenige Minuten von PARADICE entfernt, ist die perfekte Erg\u00e4nzung zu Ihrem Ausflug in der Region!<\/p>\n                    <\/div>\n\n                <\/div>\n                <div class=\"align-self-end w-100\">\n                    <hr class=\"mt-auto\">\n                <\/div>\n            <\/div>\n\n            \n        <\/div>\n    <\/div>\n<\/section>\n\n\n<section  class=\"teaser_3  pt_0  pb_100 \">\n    <div class=\"container d-flex h-100\">\n        <div class=\"row align-items-center\">\n            <div class=\"col-sm-6\">\n                <img decoding=\"async\" src=\"https:\/\/www.paradice-bienne.ch\/wp-content\/uploads\/2019\/11\/Paradice-Icons_250x250_Sponsoring.png\" data-sizes=\"auto\"\n\t\t\t\t\t\t                    data-src=\"https:\/\/www.paradice-bienne.ch\/wp-content\/uploads\/2019\/11\/Paradice-Icons_250x250_Sponsoring.png\"\n\t\t\t\t\t\t                    data-srcset=\"https:\/\/www.paradice-bienne.ch\/wp-content\/uploads\/2019\/11\/Paradice-Icons_250x250_Sponsoring.png 250w, https:\/\/www.paradice-bienne.ch\/wp-content\/uploads\/2019\/11\/Paradice-Icons_250x250_Sponsoring-150x150.png 150w\"\n\t\t\t\t\t\t                    class=\"bg_static_cover icon lazyload blur-up\" alt=\"\">\n                <h2>Gratis Schlittschuhmiete f\u00fcr unterst\u00fctzte Schulklassen<\/h2>\n<p>Eintritt und Schlittschuhmiete sind gratis f\u00fcr Schulklassen aus Biel und aus Gemeinden, die PARADICE unterst\u00fctzen. F\u00fcr Schulklassen aus anderen Gemeinden ist die Schlittschuhmiete kostenpflichtig (CHF 7.-\/Sch\u00fcler). \u00dcber den Button unten gelangen sie zur aktuellen Liste der unterst\u00fctzenden Gemeinden f\u00fcr die diesj\u00e4hrige Ausgabe.<\/p>\n                                <a href=\"\/de\/sponsoren\/#gemeinden\" class=\"btn btn-primary\">Zur Liste der Gemeinde-Sponsoren<\/a>\n                            <\/div>\n        <\/div>\n    <\/div>\n    <img decoding=\"async\" src=\"https:\/\/www.paradice-bienne.ch\/wp-content\/uploads\/2020\/01\/DSC06386-scaled-300x200.jpg\" data-sizes=\"auto\"\n\t\t\t\t\t\t                    data-src=\"https:\/\/www.paradice-bienne.ch\/wp-content\/uploads\/2020\/01\/DSC06386-scaled.jpg\"\n\t\t\t\t\t\t                    data-srcset=\"https:\/\/www.paradice-bienne.ch\/wp-content\/uploads\/2020\/01\/DSC06386-scaled.jpg 1920w, https:\/\/www.paradice-bienne.ch\/wp-content\/uploads\/2020\/01\/DSC06386-scaled-300x200.jpg 300w, https:\/\/www.paradice-bienne.ch\/wp-content\/uploads\/2020\/01\/DSC06386-scaled-1024x683.jpg 1024w, https:\/\/www.paradice-bienne.ch\/wp-content\/uploads\/2020\/01\/DSC06386-scaled-768x512.jpg 768w, https:\/\/www.paradice-bienne.ch\/wp-content\/uploads\/2020\/01\/DSC06386-scaled-1536x1024.jpg 1536w\"\n\t\t\t\t\t\t                    class=\"bg bg_static_cover lazyload blur-up\" alt=\"\"><\/section>\n\n<section id=reservation class=\"text_2  pt_0  pb_100 \">\n    <div class=\"container\">\n        <div class=\"row\">\n            <div class=\"col-md-12 offset-xl-2 col-xl-8 text-center\">\n                <h2>Klasse anmelden<\/h2>\n<p>Eine Reservation kann best\u00e4tigt werden, wenn die Anmeldung <strong>mindestens eine Woche im Voraus<\/strong> bei uns eintrifft und wenn das <strong>Formular vollst\u00e4ndig ausgef\u00fcllt<\/strong> wurde.<\/p>\n<p>Nach dem Versenden erhalten Sie eine automatische Best\u00e4tigungs-Email. Wir melden uns nur noch bei Fragen oder Engp\u00e4ssen bei Ihnen.<\/p>\n<p><span style=\"color: #ff0000;\">Die Eisbahn ist geschlossen. Es werden keine neuen Reservationen angenommen.<\/span><br \/>\n<span style=\"color: #ff0000;\">Danke f\u00fcr Ihr Verst\u00e4ndnis.<\/span><br \/>\n<span style=\"color: #ff0000;\">Das Paradice-Team<\/span><\/p>\n                                <a href=\"\/de\/info\/\" class=\"btn btn-primary\">Weitere Infos<\/a>\n                                <a href=\"\/de\/galerie\/\" class=\"btn btn-primary\">Impressionen<\/a>\n                            <\/div>\n        <\/div>\n    <\/div>\n<\/section>","protected":false},"excerpt":{"rendered":"","protected":false},"author":1,"featured_media":0,"parent":2212,"menu_order":2,"comment_status":"closed","ping_status":"closed","template":"","meta":{"_acf_changed":false,"footnotes":""},"class_list":["post-2148","page","type-page","status-publish","hentry"],"acf":[],"yoast_head":"<!-- This site is optimized with the Yoast SEO plugin v27.4 - https:\/\/yoast.com\/product\/yoast-seo-wordpress\/ -->\n<title>Angebot f\u00fcr Schulen - PARADICE Bienne<\/title>\n<meta name=\"robots\" content=\"index, follow, max-snippet:-1, max-image-preview:large, max-video-preview:-1\" \/>\n<link rel=\"canonical\" href=\"https:\/\/www.paradice-bienne.ch\/de\/info\/angebot-fuer-schulen\/\" \/>\n<meta property=\"og:locale\" content=\"de_DE\" \/>\n<meta property=\"og:type\" content=\"article\" \/>\n<meta property=\"og:title\" content=\"Angebot f\u00fcr Schulen - PARADICE Bienne\" \/>\n<meta property=\"og:url\" content=\"https:\/\/www.paradice-bienne.ch\/de\/info\/angebot-fuer-schulen\/\" \/>\n<meta property=\"og:site_name\" content=\"PARADICE Bienne\" \/>\n<meta property=\"article:modified_time\" content=\"2026-02-05T16:10:12+00:00\" \/>\n<meta name=\"twitter:card\" content=\"summary_large_image\" \/>\n<script type=\"application\/ld+json\" class=\"yoast-schema-graph\">{\"@context\":\"https:\\\/\\\/schema.org\",\"@graph\":[{\"@type\":\"WebPage\",\"@id\":\"https:\\\/\\\/www.paradice-bienne.ch\\\/de\\\/info\\\/angebot-fuer-schulen\\\/\",\"url\":\"https:\\\/\\\/www.paradice-bienne.ch\\\/de\\\/info\\\/angebot-fuer-schulen\\\/\",\"name\":\"Angebot f\u00fcr Schulen - PARADICE Bienne\",\"isPartOf\":{\"@id\":\"https:\\\/\\\/www.paradice-bienne.ch\\\/de\\\/#website\"},\"datePublished\":\"2020-08-14T13:56:11+00:00\",\"dateModified\":\"2026-02-05T16:10:12+00:00\",\"breadcrumb\":{\"@id\":\"https:\\\/\\\/www.paradice-bienne.ch\\\/de\\\/info\\\/angebot-fuer-schulen\\\/#breadcrumb\"},\"inLanguage\":\"de\",\"potentialAction\":[{\"@type\":\"ReadAction\",\"target\":[\"https:\\\/\\\/www.paradice-bienne.ch\\\/de\\\/info\\\/angebot-fuer-schulen\\\/\"]}]},{\"@type\":\"BreadcrumbList\",\"@id\":\"https:\\\/\\\/www.paradice-bienne.ch\\\/de\\\/info\\\/angebot-fuer-schulen\\\/#breadcrumb\",\"itemListElement\":[{\"@type\":\"ListItem\",\"position\":1,\"name\":\"Startseite\",\"item\":\"https:\\\/\\\/www.paradice-bienne.ch\\\/de\\\/\"},{\"@type\":\"ListItem\",\"position\":2,\"name\":\"Info\",\"item\":\"https:\\\/\\\/www.paradice-bienne.ch\\\/de\\\/info\\\/\"},{\"@type\":\"ListItem\",\"position\":3,\"name\":\"Angebot f\u00fcr Schulen\"}]},{\"@type\":\"WebSite\",\"@id\":\"https:\\\/\\\/www.paradice-bienne.ch\\\/de\\\/#website\",\"url\":\"https:\\\/\\\/www.paradice-bienne.ch\\\/de\\\/\",\"name\":\"PARADICE Bienne\",\"description\":\"24.11.2024 - 26.01.2025\",\"potentialAction\":[{\"@type\":\"SearchAction\",\"target\":{\"@type\":\"EntryPoint\",\"urlTemplate\":\"https:\\\/\\\/www.paradice-bienne.ch\\\/de\\\/?s={search_term_string}\"},\"query-input\":{\"@type\":\"PropertyValueSpecification\",\"valueRequired\":true,\"valueName\":\"search_term_string\"}}],\"inLanguage\":\"de\"}]}<\/script>\n<!-- \/ Yoast SEO plugin. -->","yoast_head_json":{"title":"Angebot f\u00fcr Schulen - PARADICE Bienne","robots":{"index":"index","follow":"follow","max-snippet":"max-snippet:-1","max-image-preview":"max-image-preview:large","max-video-preview":"max-video-preview:-1"},"canonical":"https:\/\/www.paradice-bienne.ch\/de\/info\/angebot-fuer-schulen\/","og_locale":"de_DE","og_type":"article","og_title":"Angebot f\u00fcr Schulen - PARADICE Bienne","og_url":"https:\/\/www.paradice-bienne.ch\/de\/info\/angebot-fuer-schulen\/","og_site_name":"PARADICE Bienne","article_modified_time":"2026-02-05T16:10:12+00:00","twitter_card":"summary_large_image","schema":{"@context":"https:\/\/schema.org","@graph":[{"@type":"WebPage","@id":"https:\/\/www.paradice-bienne.ch\/de\/info\/angebot-fuer-schulen\/","url":"https:\/\/www.paradice-bienne.ch\/de\/info\/angebot-fuer-schulen\/","name":"Angebot f\u00fcr Schulen - PARADICE Bienne","isPartOf":{"@id":"https:\/\/www.paradice-bienne.ch\/de\/#website"},"datePublished":"2020-08-14T13:56:11+00:00","dateModified":"2026-02-05T16:10:12+00:00","breadcrumb":{"@id":"https:\/\/www.paradice-bienne.ch\/de\/info\/angebot-fuer-schulen\/#breadcrumb"},"inLanguage":"de","potentialAction":[{"@type":"ReadAction","target":["https:\/\/www.paradice-bienne.ch\/de\/info\/angebot-fuer-schulen\/"]}]},{"@type":"BreadcrumbList","@id":"https:\/\/www.paradice-bienne.ch\/de\/info\/angebot-fuer-schulen\/#breadcrumb","itemListElement":[{"@type":"ListItem","position":1,"name":"Startseite","item":"https:\/\/www.paradice-bienne.ch\/de\/"},{"@type":"ListItem","position":2,"name":"Info","item":"https:\/\/www.paradice-bienne.ch\/de\/info\/"},{"@type":"ListItem","position":3,"name":"Angebot f\u00fcr Schulen"}]},{"@type":"WebSite","@id":"https:\/\/www.paradice-bienne.ch\/de\/#website","url":"https:\/\/www.paradice-bienne.ch\/de\/","name":"PARADICE Bienne","description":"24.11.2024 - 26.01.2025","potentialAction":[{"@type":"SearchAction","target":{"@type":"EntryPoint","urlTemplate":"https:\/\/www.paradice-bienne.ch\/de\/?s={search_term_string}"},"query-input":{"@type":"PropertyValueSpecification","valueRequired":true,"valueName":"search_term_string"}}],"inLanguage":"de"}]}},"_links":{"self":[{"href":"https:\/\/www.paradice-bienne.ch\/de\/wp-json\/wp\/v2\/pages\/2148","targetHints":{"allow":["GET"]}}],"collection":[{"href":"https:\/\/www.paradice-bienne.ch\/de\/wp-json\/wp\/v2\/pages"}],"about":[{"href":"https:\/\/www.paradice-bienne.ch\/de\/wp-json\/wp\/v2\/types\/page"}],"author":[{"embeddable":true,"href":"https:\/\/www.paradice-bienne.ch\/de\/wp-json\/wp\/v2\/users\/1"}],"replies":[{"embeddable":true,"href":"https:\/\/www.paradice-bienne.ch\/de\/wp-json\/wp\/v2\/comments?post=2148"}],"version-history":[{"count":175,"href":"https:\/\/www.paradice-bienne.ch\/de\/wp-json\/wp\/v2\/pages\/2148\/revisions"}],"predecessor-version":[{"id":8580,"href":"https:\/\/www.paradice-bienne.ch\/de\/wp-json\/wp\/v2\/pages\/2148\/revisions\/8580"}],"up":[{"embeddable":true,"href":"https:\/\/www.paradice-bienne.ch\/de\/wp-json\/wp\/v2\/pages\/2212"}],"wp:attachment":[{"href":"https:\/\/www.paradice-bienne.ch\/de\/wp-json\/wp\/v2\/media?parent=2148"}],"curies":[{"name":"wp","href":"https:\/\/api.w.org\/{rel}","templated":true}]}}