{"id":2188,"date":"2021-04-07T13:53:35","date_gmt":"2021-04-07T11:53:35","guid":{"rendered":"https:\/\/www.paradice-bienne.ch\/?page_id=2188"},"modified":"2025-02-19T23:15:02","modified_gmt":"2025-02-19T22:15:02","slug":"angebot-fuer-firmen","status":"publish","type":"page","link":"https:\/\/www.paradice-bienne.ch\/de\/info\/angebot-fuer-firmen\/","title":{"rendered":"Angebot f\u00fcr Firmen"},"content":{"rendered":"\r\n<section  class=\"hero  pt_0  pb_100 \">\r\n    <div class=\"container d-flex h-100\">\r\n        <div class=\"row align-items-end\">\r\n            <div class=\"offset-md-2 col-md-8 text-center\">\r\n                <h1><\/h1>\r\n                            <\/div>\r\n        <\/div>\r\n    <\/div>\r\n    <img decoding=\"async\" src=\"https:\/\/www.paradice-bienne.ch\/wp-content\/uploads\/2020\/07\/Paradice_Firmen_2020-300x108.png\" data-sizes=\"auto\"\n\t\t\t\t\t\t                    data-src=\"https:\/\/www.paradice-bienne.ch\/wp-content\/uploads\/2020\/07\/Paradice_Firmen_2020.png\"\n\t\t\t\t\t\t                    data-srcset=\"https:\/\/www.paradice-bienne.ch\/wp-content\/uploads\/2020\/07\/Paradice_Firmen_2020.png 1920w, https:\/\/www.paradice-bienne.ch\/wp-content\/uploads\/2020\/07\/Paradice_Firmen_2020-300x108.png 300w, https:\/\/www.paradice-bienne.ch\/wp-content\/uploads\/2020\/07\/Paradice_Firmen_2020-1024x369.png 1024w, https:\/\/www.paradice-bienne.ch\/wp-content\/uploads\/2020\/07\/Paradice_Firmen_2020-768x276.png 768w, https:\/\/www.paradice-bienne.ch\/wp-content\/uploads\/2020\/07\/Paradice_Firmen_2020-1536x553.png 1536w\"\n\t\t\t\t\t\t                    class=\"bg bg_static_cover lazyload blur-up\" alt=\"\"><\/section>\n\n\n<section  class=\"text_1  pt_0  pb_100 \">\n    <div class=\"container\">\n        <div class=\"row\">\n            <div class=\"col-md-12 text-center\">\n                <h1>Angebot f\u00fcr Firmen<\/h1>\n                                <a href=\"\/de\/kontakt\" class=\"btn btn-primary\">Kontakt aufnehmen<\/a>\n                            <\/div>\n        <\/div>\n    <\/div>\n<\/section>\n\n\n<section  class=\"text_1  pt_0  pb_100 \">\n    <div class=\"container\">\n        <div class=\"row\">\n            <div class=\"col-md-12 text-center\">\n                <h2>Ihr Firmenanlass wird zu einer glatten Sache<\/h2>\n<p class=\"lead\">Planen Sie einen Firmenanlass oder ein Weihnachtsessen? Versuchen Sie sich im Eisstockschiessen, geniessen Sie einen Ap\u00e9ro mit Gl\u00fchwein und sitzen Sie anschliessend bei Fondue Chinoise, K\u00e4sefondue, Raclette und weiteren Spezialit\u00e4ten gem\u00fctlich im Chalet PARADICE zusammen.<\/p>\n                            <\/div>\n        <\/div>\n    <\/div>\n<\/section>\n\n\n<section  class=\"text_1  pt_0  pb_50 \">\n    <div class=\"container\">\n        <div class=\"row\">\n            <div class=\"col-md-12 text-center\">\n                <h3>Inspirationen f\u00fcr Ihr Anlass<\/h3>\n                            <\/div>\n        <\/div>\n    <\/div>\n<\/section>\n\n\n<section  class=\"teaser_1  pt_0  pb_100 \">\n    <div class=\"container\">\n        <div class=\"row\">\n                        <div class=\"col-md-4 text-center d-flex flex-wrap\">\n                <div class=\"w-100\">\n                    <hr class=\"mt-0\">\n                                        <div class=\"icon_box\">\n                        <img decoding=\"async\" src=\"https:\/\/www.paradice-bienne.ch\/wp-content\/uploads\/2019\/11\/Paradice-Icons_250x250_Gastro.png\" data-sizes=\"auto\"\n\t\t\t\t\t\t                    data-src=\"https:\/\/www.paradice-bienne.ch\/wp-content\/uploads\/2019\/11\/Paradice-Icons_250x250_Gastro.png\"\n\t\t\t\t\t\t                    data-srcset=\"https:\/\/www.paradice-bienne.ch\/wp-content\/uploads\/2019\/11\/Paradice-Icons_250x250_Gastro.png 250w, https:\/\/www.paradice-bienne.ch\/wp-content\/uploads\/2019\/11\/Paradice-Icons_250x250_Gastro-150x150.png 150w\"\n\t\t\t\t\t\t                    class=\"bg_static_cover lazyload blur-up\" alt=\"\">                    <\/div>\n                                        <div class=\"content_box text-left\">\n                        <h3>Bankett<\/h3>\n<p>Wir sorgen f\u00fcr den kulinarischen Rahmen Ihrer Veranstaltung. Dabei k\u00f6nnen wir auf Ihre Vorstellungen eingehen. Teilen Sie uns mit, was Sie sich vorstellen!<\/p>\n                    <\/div>\n\n                <\/div>\n                <div class=\"align-self-end w-100\">\n                    <hr class=\"mt-auto\">\n                <\/div>\n            <\/div>\n\n                        <div class=\"col-md-4 text-center d-flex flex-wrap\">\n                <div class=\"w-100\">\n                    <hr class=\"mt-0\">\n                                        <div class=\"icon_box\">\n                        <img decoding=\"async\" src=\"https:\/\/www.paradice-bienne.ch\/wp-content\/uploads\/2019\/11\/Paradice-Icons_250x250_Eisstick.png\" data-sizes=\"auto\"\n\t\t\t\t\t\t                    data-src=\"https:\/\/www.paradice-bienne.ch\/wp-content\/uploads\/2019\/11\/Paradice-Icons_250x250_Eisstick.png\"\n\t\t\t\t\t\t                    data-srcset=\"https:\/\/www.paradice-bienne.ch\/wp-content\/uploads\/2019\/11\/Paradice-Icons_250x250_Eisstick.png 250w, https:\/\/www.paradice-bienne.ch\/wp-content\/uploads\/2019\/11\/Paradice-Icons_250x250_Eisstick-150x150.png 150w\"\n\t\t\t\t\t\t                    class=\"bg_static_cover lazyload blur-up\" alt=\"\">                    <\/div>\n                                        <div class=\"content_box text-left\">\n                        <h3>Eisstockschiessen<\/h3>\n<p>Der alte Volkssport Eisstockschiessen kommt bei allen gut an. Die M\u00f6glichkeit dieses geselligen Programmteils bieten wir Ihnen ab 10 Personen an.<\/p>\n<p><strong>Preis: CHF 20.00 \/ Std und Person<\/strong><\/p>\n                    <\/div>\n\n                <\/div>\n                <div class=\"align-self-end w-100\">\n                    <hr class=\"mt-auto\">\n                <\/div>\n            <\/div>\n\n                        <div class=\"col-md-4 text-center d-flex flex-wrap\">\n                <div class=\"w-100\">\n                    <hr class=\"mt-0\">\n                                        <div class=\"icon_box\">\n                        <img decoding=\"async\" src=\"https:\/\/www.paradice-bienne.ch\/wp-content\/uploads\/2019\/11\/Paradice-Icons_250x250_Schlittschuhe.png\" data-sizes=\"auto\"\n\t\t\t\t\t\t                    data-src=\"https:\/\/www.paradice-bienne.ch\/wp-content\/uploads\/2019\/11\/Paradice-Icons_250x250_Schlittschuhe.png\"\n\t\t\t\t\t\t                    data-srcset=\"https:\/\/www.paradice-bienne.ch\/wp-content\/uploads\/2019\/11\/Paradice-Icons_250x250_Schlittschuhe.png 250w, https:\/\/www.paradice-bienne.ch\/wp-content\/uploads\/2019\/11\/Paradice-Icons_250x250_Schlittschuhe-150x150.png 150w\"\n\t\t\t\t\t\t                    class=\"bg_static_cover lazyload blur-up\" alt=\"\">                    <\/div>\n                                        <div class=\"content_box text-left\">\n                        <h3>Schlittschuh-Miete<\/h3>\n<p>Wer keine eigenen Schlittschuhe besitzt, kann w\u00e4hrend den \u00d6ffnungszeiten von PARADICE und f\u00fcr einen Betrag von CHF 7.\u2013 Schlittschuhe in allen Gr\u00f6ssen mieten.<\/p>\n                    <\/div>\n\n                <\/div>\n                <div class=\"align-self-end w-100\">\n                    <hr class=\"mt-auto\">\n                <\/div>\n            <\/div>\n\n            \n        <\/div>\n    <\/div>\n<\/section>\n\n\n<section  class=\"teaser_3  pt_0  pb_0 \">\n    <div class=\"container d-flex h-100\">\n        <div class=\"row align-items-center\">\n            <div class=\"col-sm-6\">\n                <img decoding=\"async\" src=\"https:\/\/www.paradice-bienne.ch\/wp-content\/uploads\/2019\/11\/Paradice-Icons_250x250_Schneeflocke.png\" data-sizes=\"auto\"\n\t\t\t\t\t\t                    data-src=\"https:\/\/www.paradice-bienne.ch\/wp-content\/uploads\/2019\/11\/Paradice-Icons_250x250_Schneeflocke.png\"\n\t\t\t\t\t\t                    data-srcset=\"https:\/\/www.paradice-bienne.ch\/wp-content\/uploads\/2019\/11\/Paradice-Icons_250x250_Schneeflocke.png 250w, https:\/\/www.paradice-bienne.ch\/wp-content\/uploads\/2019\/11\/Paradice-Icons_250x250_Schneeflocke-150x150.png 150w\"\n\t\t\t\t\t\t                    class=\"bg_static_cover icon lazyload blur-up\" alt=\"\">\n                <h2>Ihr massgeschneiderter Anlass<\/h2>\n<p>Soll bei Ihnen der Samichlaus vorbeikommen, oder m\u00f6chten Sie eine eigene Show organisieren? Sprechen Sie uns darauf an. Insofern die Zeit reicht, sind wir uns f\u00fcr (fast) keine Idee zu schade.<\/p>\n                                <a href=\"\/de\/kontakt\/\" class=\"btn btn-primary\">Kontakt aufnehmen<\/a>\n                            <\/div>\n        <\/div>\n    <\/div>\n    <img decoding=\"async\" src=\"https:\/\/www.paradice-bienne.ch\/wp-content\/uploads\/2020\/01\/ND51746-scaled-300x200.jpg\" data-sizes=\"auto\"\n\t\t\t\t\t\t                    data-src=\"https:\/\/www.paradice-bienne.ch\/wp-content\/uploads\/2020\/01\/ND51746-scaled.jpg\"\n\t\t\t\t\t\t                    data-srcset=\"https:\/\/www.paradice-bienne.ch\/wp-content\/uploads\/2020\/01\/ND51746-scaled.jpg 1920w, https:\/\/www.paradice-bienne.ch\/wp-content\/uploads\/2020\/01\/ND51746-scaled-300x200.jpg 300w, https:\/\/www.paradice-bienne.ch\/wp-content\/uploads\/2020\/01\/ND51746-scaled-1024x683.jpg 1024w, https:\/\/www.paradice-bienne.ch\/wp-content\/uploads\/2020\/01\/ND51746-scaled-768x512.jpg 768w, https:\/\/www.paradice-bienne.ch\/wp-content\/uploads\/2020\/01\/ND51746-scaled-1536x1024.jpg 1536w\"\n\t\t\t\t\t\t                    class=\"bg bg_static_cover lazyload blur-up\" alt=\"\"><\/section>","protected":false},"excerpt":{"rendered":"","protected":false},"author":1,"featured_media":0,"parent":2212,"menu_order":1,"comment_status":"closed","ping_status":"closed","template":"","meta":{"_acf_changed":false,"footnotes":""},"class_list":["post-2188","page","type-page","status-publish","hentry"],"acf":[],"yoast_head":"<!-- This site is optimized with the Yoast SEO plugin v27.4 - https:\/\/yoast.com\/product\/yoast-seo-wordpress\/ -->\n<title>Angebot f\u00fcr Firmen - PARADICE Bienne<\/title>\n<meta name=\"robots\" content=\"index, follow, max-snippet:-1, max-image-preview:large, max-video-preview:-1\" \/>\n<link rel=\"canonical\" href=\"https:\/\/www.paradice-bienne.ch\/de\/info\/angebot-fuer-firmen\/\" \/>\n<meta property=\"og:locale\" content=\"de_DE\" \/>\n<meta property=\"og:type\" content=\"article\" \/>\n<meta property=\"og:title\" content=\"Angebot f\u00fcr Firmen - PARADICE Bienne\" \/>\n<meta property=\"og:url\" content=\"https:\/\/www.paradice-bienne.ch\/de\/info\/angebot-fuer-firmen\/\" \/>\n<meta property=\"og:site_name\" content=\"PARADICE Bienne\" \/>\n<meta property=\"article:modified_time\" content=\"2025-02-19T22:15:02+00:00\" \/>\n<meta name=\"twitter:card\" content=\"summary_large_image\" \/>\n<script type=\"application\/ld+json\" class=\"yoast-schema-graph\">{\"@context\":\"https:\\\/\\\/schema.org\",\"@graph\":[{\"@type\":\"WebPage\",\"@id\":\"https:\\\/\\\/www.paradice-bienne.ch\\\/de\\\/info\\\/angebot-fuer-firmen\\\/\",\"url\":\"https:\\\/\\\/www.paradice-bienne.ch\\\/de\\\/info\\\/angebot-fuer-firmen\\\/\",\"name\":\"Angebot f\u00fcr Firmen - PARADICE Bienne\",\"isPartOf\":{\"@id\":\"https:\\\/\\\/www.paradice-bienne.ch\\\/de\\\/#website\"},\"datePublished\":\"2021-04-07T11:53:35+00:00\",\"dateModified\":\"2025-02-19T22:15:02+00:00\",\"breadcrumb\":{\"@id\":\"https:\\\/\\\/www.paradice-bienne.ch\\\/de\\\/info\\\/angebot-fuer-firmen\\\/#breadcrumb\"},\"inLanguage\":\"de\",\"potentialAction\":[{\"@type\":\"ReadAction\",\"target\":[\"https:\\\/\\\/www.paradice-bienne.ch\\\/de\\\/info\\\/angebot-fuer-firmen\\\/\"]}]},{\"@type\":\"BreadcrumbList\",\"@id\":\"https:\\\/\\\/www.paradice-bienne.ch\\\/de\\\/info\\\/angebot-fuer-firmen\\\/#breadcrumb\",\"itemListElement\":[{\"@type\":\"ListItem\",\"position\":1,\"name\":\"Startseite\",\"item\":\"https:\\\/\\\/www.paradice-bienne.ch\\\/de\\\/\"},{\"@type\":\"ListItem\",\"position\":2,\"name\":\"Info\",\"item\":\"https:\\\/\\\/www.paradice-bienne.ch\\\/de\\\/info\\\/\"},{\"@type\":\"ListItem\",\"position\":3,\"name\":\"Angebot f\u00fcr Firmen\"}]},{\"@type\":\"WebSite\",\"@id\":\"https:\\\/\\\/www.paradice-bienne.ch\\\/de\\\/#website\",\"url\":\"https:\\\/\\\/www.paradice-bienne.ch\\\/de\\\/\",\"name\":\"PARADICE Bienne\",\"description\":\"24.11.2024 - 26.01.2025\",\"potentialAction\":[{\"@type\":\"SearchAction\",\"target\":{\"@type\":\"EntryPoint\",\"urlTemplate\":\"https:\\\/\\\/www.paradice-bienne.ch\\\/de\\\/?s={search_term_string}\"},\"query-input\":{\"@type\":\"PropertyValueSpecification\",\"valueRequired\":true,\"valueName\":\"search_term_string\"}}],\"inLanguage\":\"de\"}]}<\/script>\n<!-- \/ Yoast SEO plugin. -->","yoast_head_json":{"title":"Angebot f\u00fcr Firmen - PARADICE Bienne","robots":{"index":"index","follow":"follow","max-snippet":"max-snippet:-1","max-image-preview":"max-image-preview:large","max-video-preview":"max-video-preview:-1"},"canonical":"https:\/\/www.paradice-bienne.ch\/de\/info\/angebot-fuer-firmen\/","og_locale":"de_DE","og_type":"article","og_title":"Angebot f\u00fcr Firmen - PARADICE Bienne","og_url":"https:\/\/www.paradice-bienne.ch\/de\/info\/angebot-fuer-firmen\/","og_site_name":"PARADICE Bienne","article_modified_time":"2025-02-19T22:15:02+00:00","twitter_card":"summary_large_image","schema":{"@context":"https:\/\/schema.org","@graph":[{"@type":"WebPage","@id":"https:\/\/www.paradice-bienne.ch\/de\/info\/angebot-fuer-firmen\/","url":"https:\/\/www.paradice-bienne.ch\/de\/info\/angebot-fuer-firmen\/","name":"Angebot f\u00fcr Firmen - PARADICE Bienne","isPartOf":{"@id":"https:\/\/www.paradice-bienne.ch\/de\/#website"},"datePublished":"2021-04-07T11:53:35+00:00","dateModified":"2025-02-19T22:15:02+00:00","breadcrumb":{"@id":"https:\/\/www.paradice-bienne.ch\/de\/info\/angebot-fuer-firmen\/#breadcrumb"},"inLanguage":"de","potentialAction":[{"@type":"ReadAction","target":["https:\/\/www.paradice-bienne.ch\/de\/info\/angebot-fuer-firmen\/"]}]},{"@type":"BreadcrumbList","@id":"https:\/\/www.paradice-bienne.ch\/de\/info\/angebot-fuer-firmen\/#breadcrumb","itemListElement":[{"@type":"ListItem","position":1,"name":"Startseite","item":"https:\/\/www.paradice-bienne.ch\/de\/"},{"@type":"ListItem","position":2,"name":"Info","item":"https:\/\/www.paradice-bienne.ch\/de\/info\/"},{"@type":"ListItem","position":3,"name":"Angebot f\u00fcr Firmen"}]},{"@type":"WebSite","@id":"https:\/\/www.paradice-bienne.ch\/de\/#website","url":"https:\/\/www.paradice-bienne.ch\/de\/","name":"PARADICE Bienne","description":"24.11.2024 - 26.01.2025","potentialAction":[{"@type":"SearchAction","target":{"@type":"EntryPoint","urlTemplate":"https:\/\/www.paradice-bienne.ch\/de\/?s={search_term_string}"},"query-input":{"@type":"PropertyValueSpecification","valueRequired":true,"valueName":"search_term_string"}}],"inLanguage":"de"}]}},"_links":{"self":[{"href":"https:\/\/www.paradice-bienne.ch\/de\/wp-json\/wp\/v2\/pages\/2188","targetHints":{"allow":["GET"]}}],"collection":[{"href":"https:\/\/www.paradice-bienne.ch\/de\/wp-json\/wp\/v2\/pages"}],"about":[{"href":"https:\/\/www.paradice-bienne.ch\/de\/wp-json\/wp\/v2\/types\/page"}],"author":[{"embeddable":true,"href":"https:\/\/www.paradice-bienne.ch\/de\/wp-json\/wp\/v2\/users\/1"}],"replies":[{"embeddable":true,"href":"https:\/\/www.paradice-bienne.ch\/de\/wp-json\/wp\/v2\/comments?post=2188"}],"version-history":[{"count":76,"href":"https:\/\/www.paradice-bienne.ch\/de\/wp-json\/wp\/v2\/pages\/2188\/revisions"}],"predecessor-version":[{"id":8287,"href":"https:\/\/www.paradice-bienne.ch\/de\/wp-json\/wp\/v2\/pages\/2188\/revisions\/8287"}],"up":[{"embeddable":true,"href":"https:\/\/www.paradice-bienne.ch\/de\/wp-json\/wp\/v2\/pages\/2212"}],"wp:attachment":[{"href":"https:\/\/www.paradice-bienne.ch\/de\/wp-json\/wp\/v2\/media?parent=2188"}],"curies":[{"name":"wp","href":"https:\/\/api.w.org\/{rel}","templated":true}]}}