{"id":30,"date":"2019-11-04T09:08:39","date_gmt":"2019-11-04T09:08:39","guid":{"rendered":"https:\/\/www.paradice-bienne.ch\/?page_id=30"},"modified":"2023-05-25T15:52:37","modified_gmt":"2023-05-25T13:52:37","slug":"impressum","status":"publish","type":"page","link":"https:\/\/www.paradice-bienne.ch\/de\/impressum\/","title":{"rendered":"Impressum"},"content":{"rendered":"\n<section  class=\"text_1  pt_0  pb_100 \">\n    <div class=\"container\">\n        <div class=\"row\">\n            <div class=\"col-md-12 text-center\">\n                <h1 style=\"text-align: center;\">Impressum<\/h1>\n<p>&nbsp;<\/p>\n<h2 style=\"text-align: center;\"><strong>Kontakt-Adresse<\/strong><\/h2>\n<p style=\"text-align: center;\">PARADICE GmbH<br \/>\nZentralstrasse 54<br \/>\n2502 Biel\/Bienne<br \/>\nSchweiz<\/p>\n<p style=\"text-align: center;\">E-Mail:<br \/>\ninfo@paradice-bienne.ch<\/p>\n<p style=\"text-align: center;\">Telefon:<br \/>\n032 545 51 26<\/p>\n<h2 style=\"text-align: center;\"><strong>Vertretungsberechtigte Person(en)<\/strong><\/h2>\n<p style=\"text-align: center;\">SASCHA TINO D\u2019ANTONIO<br \/>\nSTEFAN D\u2019ANTONIO<\/p>\n<p>&nbsp;<\/p>\n<h2 style=\"text-align: center;\"><strong>Handelsregister-Eintrag<\/strong><\/h2>\n<p style=\"text-align: center;\">Eingetragener Firmenname: PARADICE GmbH<br \/>\nHandelsregister Nr: CHE-312.860.850<\/p>\n<p>&nbsp;<\/p>\n<h2 style=\"text-align: center;\"><strong>Haftungsausschluss<\/strong><\/h2>\n<p style=\"text-align: center;\">Der Autor \u00fcbernimmt keinerlei Gew\u00e4hr hinsichtlich der inhaltlichen Richtigkeit, Genauigkeit, Aktualit\u00e4t, Zuverl\u00e4ssigkeit und Vollst\u00e4ndigkeit der Informationen.<\/p>\n<p style=\"text-align: center;\">Haftungsanspr\u00fcche gegen den Autor wegen Sch\u00e4den materieller oder immaterieller Art, welche aus dem Zugriff oder der Nutzung bzw. Nichtnutzung der ver\u00f6ffentlichten Informationen, durch Missbrauch der Verbindung oder durch technische St\u00f6rungen entstanden sind, werden ausgeschlossen.<\/p>\n<p style=\"text-align: center;\">Alle Angebote sind unverbindlich. Der Autor beh\u00e4lt es sich ausdr\u00fccklich vor, Teile der Seiten oder das gesamte Angebot ohne besondere Ank\u00fcndigung zu ver\u00e4ndern, zu erg\u00e4nzen, zu l\u00f6schen oder die Ver\u00f6ffentlichung zeitweise oder endg\u00fcltig einzustellen.<\/p>\n<p>&nbsp;<\/p>\n<h2 style=\"text-align: center;\"><strong>Haftungsausschluss f\u00fcr Links<\/strong><\/h2>\n<p style=\"text-align: center;\">Verweise und Links auf Webseiten Dritter liegen ausserhalb unseres Verantwortungsbereichs. Es wird jegliche Verantwortung f\u00fcr solche Webseiten abgelehnt. Der Zugriff und die Nutzung solcher Webseiten erfolgen auf eigene Gefahr des jeweiligen Nutzers.<\/p>\n<p>&nbsp;<\/p>\n<h2 style=\"text-align: center;\"><strong>Urheberrechte<\/strong><\/h2>\n<p style=\"text-align: center;\">Die Urheber- und alle anderen Rechte an Inhalten, Bildern, Fotos oder anderen Dateien auf dieser Website, geh\u00f6ren ausschliesslich <strong>der Firma PARADICE GmbH<\/strong> oder den speziell genannten Rechteinhabern. F\u00fcr die Reproduktion jeglicher Elemente ist die schriftliche Zustimmung des Urheberrechtstr\u00e4gers im Voraus einzuholen.<\/p>\n<p style=\"text-align: center;\">Quelle: <a style=\"color: inherit;\" href=\"https:\/\/www.swissanwalt.ch\/impressum-generator.aspx\" target=\"_blank\" rel=\"noopener\">Impressum-Generator von SwissAnwalt<\/a><\/p>\n                            <\/div>\n        <\/div>\n    <\/div>\n<\/section>\n\n\n<section  class=\"text_1  pt_0  pb_100 \">\n    <div class=\"container\">\n        <div class=\"row\">\n            <div class=\"col-md-12 text-center\">\n                                            <\/div>\n        <\/div>\n    <\/div>\n<\/section>\n\n\n<section  class=\"teaser_2  pt_0  pb_100 \">\n    <div class=\"container\">\n        <div class=\"row\">\n                        <div class=\"col-md-6 text-center d-flex flex-wrap\">\n                <div class=\"w-100\">\n                    <hr class=\"mt-0\">\n                                        <div class=\"content_box text-left\">\n                        <h1 style=\"text-align: left;\">Werbeagentur<\/h1>\n<p style=\"text-align: left;\"><strong>virus Ideenlabor AG<\/strong><\/p>\n<p style=\"text-align: left;\">Cornouillerstrasse 6<br \/>\nPostfach<br \/>\nCH-2500 Biel 4<\/p>\n                        <a href=\"https:\/\/www.virusad.com\/\" class=\"btn btn-primary\">Zur Webseite<\/a>\n                                            <\/div>\n\n                <\/div>\n                <div class=\"align-self-end w-100\">\n                    <hr class=\"mt-auto\">\n                <\/div>\n            <\/div>\n\n                        <div class=\"col-md-6 text-center d-flex flex-wrap\">\n                <div class=\"w-100\">\n                    <hr class=\"mt-0\">\n                                        <div class=\"content_box text-left\">\n                        <h1 style=\"text-align: left;\">Webagentur<\/h1>\n<p style=\"text-align: left;\"><strong>eloq GmbH<\/strong><\/p>\n<p style=\"text-align: left;\">c\/o David Str\u00e4ssler<br \/>\nMittelstrasse 18<br \/>\n2502 Biel\/Bienne<\/p>\n                        <a href=\"http:\/\/www.eloq.swiss\" class=\"btn btn-primary\">Zur Webseite<\/a>\n                                            <\/div>\n\n                <\/div>\n                <div class=\"align-self-end w-100\">\n                    <hr class=\"mt-auto\">\n                <\/div>\n            <\/div>\n\n            \n        <\/div>\n    <\/div>\n<\/section>","protected":false},"excerpt":{"rendered":"","protected":false},"author":1,"featured_media":0,"parent":0,"menu_order":0,"comment_status":"closed","ping_status":"closed","template":"","meta":{"_acf_changed":false,"footnotes":""},"class_list":["post-30","page","type-page","status-publish","hentry"],"acf":[],"yoast_head":"<!-- This site is optimized with the Yoast SEO plugin v27.4 - https:\/\/yoast.com\/product\/yoast-seo-wordpress\/ -->\n<title>Impressum - PARADICE Bienne<\/title>\n<meta name=\"robots\" content=\"index, follow, max-snippet:-1, max-image-preview:large, max-video-preview:-1\" \/>\n<link rel=\"canonical\" href=\"https:\/\/www.paradice-bienne.ch\/de\/impressum\/\" \/>\n<meta property=\"og:locale\" content=\"de_DE\" \/>\n<meta property=\"og:type\" content=\"article\" \/>\n<meta property=\"og:title\" content=\"Impressum - PARADICE Bienne\" \/>\n<meta property=\"og:url\" content=\"https:\/\/www.paradice-bienne.ch\/de\/impressum\/\" \/>\n<meta property=\"og:site_name\" content=\"PARADICE Bienne\" \/>\n<meta property=\"article:modified_time\" content=\"2023-05-25T13:52:37+00:00\" \/>\n<meta name=\"twitter:card\" content=\"summary_large_image\" \/>\n<script type=\"application\/ld+json\" class=\"yoast-schema-graph\">{\"@context\":\"https:\\\/\\\/schema.org\",\"@graph\":[{\"@type\":\"WebPage\",\"@id\":\"https:\\\/\\\/www.paradice-bienne.ch\\\/de\\\/impressum\\\/\",\"url\":\"https:\\\/\\\/www.paradice-bienne.ch\\\/de\\\/impressum\\\/\",\"name\":\"Impressum - PARADICE Bienne\",\"isPartOf\":{\"@id\":\"https:\\\/\\\/www.paradice-bienne.ch\\\/de\\\/#website\"},\"datePublished\":\"2019-11-04T09:08:39+00:00\",\"dateModified\":\"2023-05-25T13:52:37+00:00\",\"breadcrumb\":{\"@id\":\"https:\\\/\\\/www.paradice-bienne.ch\\\/de\\\/impressum\\\/#breadcrumb\"},\"inLanguage\":\"de\",\"potentialAction\":[{\"@type\":\"ReadAction\",\"target\":[\"https:\\\/\\\/www.paradice-bienne.ch\\\/de\\\/impressum\\\/\"]}]},{\"@type\":\"BreadcrumbList\",\"@id\":\"https:\\\/\\\/www.paradice-bienne.ch\\\/de\\\/impressum\\\/#breadcrumb\",\"itemListElement\":[{\"@type\":\"ListItem\",\"position\":1,\"name\":\"Startseite\",\"item\":\"https:\\\/\\\/www.paradice-bienne.ch\\\/de\\\/\"},{\"@type\":\"ListItem\",\"position\":2,\"name\":\"Impressum\"}]},{\"@type\":\"WebSite\",\"@id\":\"https:\\\/\\\/www.paradice-bienne.ch\\\/de\\\/#website\",\"url\":\"https:\\\/\\\/www.paradice-bienne.ch\\\/de\\\/\",\"name\":\"PARADICE Bienne\",\"description\":\"24.11.2024 - 26.01.2025\",\"potentialAction\":[{\"@type\":\"SearchAction\",\"target\":{\"@type\":\"EntryPoint\",\"urlTemplate\":\"https:\\\/\\\/www.paradice-bienne.ch\\\/de\\\/?s={search_term_string}\"},\"query-input\":{\"@type\":\"PropertyValueSpecification\",\"valueRequired\":true,\"valueName\":\"search_term_string\"}}],\"inLanguage\":\"de\"}]}<\/script>\n<!-- \/ Yoast SEO plugin. -->","yoast_head_json":{"title":"Impressum - PARADICE Bienne","robots":{"index":"index","follow":"follow","max-snippet":"max-snippet:-1","max-image-preview":"max-image-preview:large","max-video-preview":"max-video-preview:-1"},"canonical":"https:\/\/www.paradice-bienne.ch\/de\/impressum\/","og_locale":"de_DE","og_type":"article","og_title":"Impressum - PARADICE Bienne","og_url":"https:\/\/www.paradice-bienne.ch\/de\/impressum\/","og_site_name":"PARADICE Bienne","article_modified_time":"2023-05-25T13:52:37+00:00","twitter_card":"summary_large_image","schema":{"@context":"https:\/\/schema.org","@graph":[{"@type":"WebPage","@id":"https:\/\/www.paradice-bienne.ch\/de\/impressum\/","url":"https:\/\/www.paradice-bienne.ch\/de\/impressum\/","name":"Impressum - PARADICE Bienne","isPartOf":{"@id":"https:\/\/www.paradice-bienne.ch\/de\/#website"},"datePublished":"2019-11-04T09:08:39+00:00","dateModified":"2023-05-25T13:52:37+00:00","breadcrumb":{"@id":"https:\/\/www.paradice-bienne.ch\/de\/impressum\/#breadcrumb"},"inLanguage":"de","potentialAction":[{"@type":"ReadAction","target":["https:\/\/www.paradice-bienne.ch\/de\/impressum\/"]}]},{"@type":"BreadcrumbList","@id":"https:\/\/www.paradice-bienne.ch\/de\/impressum\/#breadcrumb","itemListElement":[{"@type":"ListItem","position":1,"name":"Startseite","item":"https:\/\/www.paradice-bienne.ch\/de\/"},{"@type":"ListItem","position":2,"name":"Impressum"}]},{"@type":"WebSite","@id":"https:\/\/www.paradice-bienne.ch\/de\/#website","url":"https:\/\/www.paradice-bienne.ch\/de\/","name":"PARADICE Bienne","description":"24.11.2024 - 26.01.2025","potentialAction":[{"@type":"SearchAction","target":{"@type":"EntryPoint","urlTemplate":"https:\/\/www.paradice-bienne.ch\/de\/?s={search_term_string}"},"query-input":{"@type":"PropertyValueSpecification","valueRequired":true,"valueName":"search_term_string"}}],"inLanguage":"de"}]}},"_links":{"self":[{"href":"https:\/\/www.paradice-bienne.ch\/de\/wp-json\/wp\/v2\/pages\/30","targetHints":{"allow":["GET"]}}],"collection":[{"href":"https:\/\/www.paradice-bienne.ch\/de\/wp-json\/wp\/v2\/pages"}],"about":[{"href":"https:\/\/www.paradice-bienne.ch\/de\/wp-json\/wp\/v2\/types\/page"}],"author":[{"embeddable":true,"href":"https:\/\/www.paradice-bienne.ch\/de\/wp-json\/wp\/v2\/users\/1"}],"replies":[{"embeddable":true,"href":"https:\/\/www.paradice-bienne.ch\/de\/wp-json\/wp\/v2\/comments?post=30"}],"version-history":[{"count":26,"href":"https:\/\/www.paradice-bienne.ch\/de\/wp-json\/wp\/v2\/pages\/30\/revisions"}],"predecessor-version":[{"id":4393,"href":"https:\/\/www.paradice-bienne.ch\/de\/wp-json\/wp\/v2\/pages\/30\/revisions\/4393"}],"wp:attachment":[{"href":"https:\/\/www.paradice-bienne.ch\/de\/wp-json\/wp\/v2\/media?parent=30"}],"curies":[{"name":"wp","href":"https:\/\/api.w.org\/{rel}","templated":true}]}}