{"id":379,"date":"2019-11-18T13:24:16","date_gmt":"2019-11-18T13:24:16","guid":{"rendered":"https:\/\/www.paradice-bienne.ch\/?page_id=379"},"modified":"2024-10-28T17:02:28","modified_gmt":"2024-10-28T16:02:28","slug":"goenner","status":"publish","type":"page","link":"https:\/\/www.paradice-bienne.ch\/de\/goenner\/","title":{"rendered":"G\u00f6nner"},"content":{"rendered":"\n<section  class=\"text_1  pt_50  pb_100 \">\n    <div class=\"container\">\n        <div class=\"row\">\n            <div class=\"col-md-12 text-center\">\n                <h1 style=\"text-align: center;\">G\u00f6nnerverein PRO PARADICE<\/h1>\n<p class=\"lead\" style=\"text-align: center;\">Damit PARADICE nachhaltig installiert und von der Bev\u00f6lkerung mitgetragen und unterst\u00fctzt werden kann, gibt es den G\u00f6nnerverein Pro PARADICE Bienne.<\/p>\n<p style=\"text-align: center;\">Wir laden Sie herzlich dazu ein, Teil des G\u00f6nnervereins Pro PARADICE Bienne zu werden und gemeinsam mit uns die Freude am Eislaufen sowie das gesellschaftliche Miteinander in der Bev\u00f6lkerung zu f\u00f6rdern. Durch Ihre Unterst\u00fctzung tragen Sie dazu bei, PARADICE als einen Ort zu etablieren, der Begeisterung, Freude und Gemeinschaftlichkeit in der gesamten Bev\u00f6lkerung vereint.<\/p>\n                            <\/div>\n        <\/div>\n    <\/div>\n<\/section>\n\n<section  class=\"text_2  pt_0  pb_100 \">\n    <div class=\"container\">\n        <div class=\"row\">\n            <div class=\"col-md-12 offset-xl-2 col-xl-8 text-center\">\n                <h2 style=\"text-align: center;\">Unsere G\u00f6nnerpakete<\/h2>\n<hr class=\"mt-auto\" \/>\n<table class=\"goennerpakete\" style=\"height: 325px;\" width=\"886\" cellspacing=\"0\">\n<tbody>\n<tr style=\"font-weight: bold; border-bottom: 1px solid;\">\n<td style=\"text-align: left; width: 50%;\"><\/td>\n<td style=\"text-align: center;\">Bis<br \/>\n30.-<\/td>\n<td style=\"text-align: center;\">Ab<br \/>\n30.-<\/td>\n<td style=\"text-align: center;\"><\/td>\n<td style=\"text-align: center;\">Ab<br \/>\n120.-<\/td>\n<\/tr>\n<tr style=\"border-bottom: 1px solid;\">\n<td style=\"text-align: left;\"><strong>Unterst\u00fctzung f\u00fcr PARADICE<\/strong><\/td>\n<td style=\"text-align: center;\">MERCI!<\/td>\n<td style=\"text-align: center;\">MERCI!<\/td>\n<td style=\"text-align: center;\"><\/td>\n<td style=\"text-align: center;\">MERCI!<\/td>\n<\/tr>\n<tr style=\"border-bottom: 1px solid;\">\n<td style=\"text-align: left;\"><strong>Mitgliedschaft im G\u00f6nnerverein*<\/strong><\/td>\n<td style=\"text-align: center;\">&#8211;<\/td>\n<td style=\"text-align: center;\">X<\/td>\n<td style=\"text-align: center;\"><\/td>\n<td style=\"text-align: center;\">X<\/td>\n<\/tr>\n<tr style=\"border-bottom: 1px solid;\">\n<td style=\"text-align: left;\"><strong>Namentliche Erw\u00e4hnung**<\/strong><\/td>\n<td style=\"text-align: center;\">&#8211;<\/td>\n<td style=\"text-align: center;\">X<\/td>\n<td style=\"text-align: center;\"><\/td>\n<td style=\"text-align: center;\">X<\/td>\n<\/tr>\n<tr style=\"border-bottom: 1px solid;\">\n<td style=\"text-align: left;\"><strong>Vorabinformationen zu PARADICE<\/strong><\/td>\n<td style=\"text-align: center;\">&#8211;<\/td>\n<td style=\"text-align: center;\">X<\/td>\n<td style=\"text-align: center;\"><\/td>\n<td style=\"text-align: center;\">X<\/td>\n<\/tr>\n<tr style=\"border-bottom: 1px solid;\">\n<td style=\"text-align: left;\"><strong>Saisonabonnement<\/strong><\/td>\n<td style=\"text-align: center;\">&#8211;<\/td>\n<td style=\"text-align: center;\">&#8211;<\/td>\n<td style=\"text-align: center;\"><\/td>\n<td style=\"text-align: center;\">X<\/td>\n<\/tr>\n<tr style=\"border-bottom: 1px solid;\">\n<td style=\"text-align: left;\"><strong>Einladung zum Pre-Opening <\/strong><strong>inkl. 1 Begleitperson<\/strong><\/td>\n<td style=\"text-align: center;\">&#8211;<\/td>\n<td style=\"text-align: center;\">&#8211;<\/td>\n<td style=\"text-align: center;\"><\/td>\n<td style=\"text-align: center;\">X<\/td>\n<\/tr>\n<tr style=\"border-bottom: 1px solid;\">\n<td style=\"text-align: left;\"><strong>Einladung zum\u00a0<\/strong><b>Abschluss-Ap\u00e9ro inkl. 1 Begleitperson<\/b><\/td>\n<td style=\"text-align: center;\">&#8211;<\/td>\n<td style=\"text-align: center;\">&#8211;<\/td>\n<td style=\"text-align: center;\"><\/td>\n<td style=\"text-align: center;\">X<\/td>\n<\/tr>\n<tr style=\"border-bottom: 1px solid;\">\n<td style=\"text-align: left;\"><\/td>\n<td style=\"text-align: center;\"><\/td>\n<td style=\"text-align: center;\"><\/td>\n<td style=\"text-align: center;\"><\/td>\n<td style=\"text-align: center;\"><\/td>\n<\/tr>\n<\/tbody>\n<\/table>\n<p>&nbsp;<\/p>\n<p style=\"text-align: center;\">Ihr Beitrag ist zweckgebunden und kann nur f\u00fcr den Erhalt des Projektes verwendet werden.<br \/>\n* Die Mitgliedschaft im G\u00f6nnerverein ist freiwillig.<br \/>\n** Die namentliche Erw\u00e4hnung erfolgt nur auf ausdr\u00fcckliche Best\u00e4tigung.<\/p>\n<p style=\"text-align: center;\"><div class=\"wpforms-container wpforms-container-full\" id=\"wpforms-2474\"><form id=\"wpforms-form-2474\" class=\"wpforms-validate wpforms-form\" data-formid=\"2474\" method=\"post\" enctype=\"multipart\/form-data\" action=\"\/de\/wp-json\/wp\/v2\/pages\/379\" data-token=\"a7969f908df7fde13430498329f7c2f2\" data-token-time=\"1776401109\"><noscript class=\"wpforms-error-noscript\">Bitte aktiviere JavaScript in deinem Browser, um dieses Formular fertigzustellen.<\/noscript><div class=\"wpforms-field-container\"><div id=\"wpforms-2474-field_4-container\" class=\"wpforms-field wpforms-field-name\" data-field-id=\"4\"><label class=\"wpforms-field-label\">Name <span class=\"wpforms-required-label\">*<\/span><\/label><div class=\"wpforms-field-row wpforms-field-medium\"><div class=\"wpforms-field-row-block wpforms-first wpforms-one-half\"><input type=\"text\" id=\"wpforms-2474-field_4\" class=\"wpforms-field-name-first wpforms-field-required\" name=\"wpforms[fields][4][first]\" required><label for=\"wpforms-2474-field_4\" class=\"wpforms-field-sublabel after\">Vorname<\/label><\/div><div class=\"wpforms-field-row-block wpforms-one-half\"><input type=\"text\" id=\"wpforms-2474-field_4-last\" class=\"wpforms-field-name-last wpforms-field-required\" name=\"wpforms[fields][4][last]\" required><label for=\"wpforms-2474-field_4-last\" class=\"wpforms-field-sublabel after\">Nachname<\/label><\/div><\/div><\/div><div id=\"wpforms-2474-field_1-container\" class=\"wpforms-field wpforms-field-text\" data-field-id=\"1\"><label class=\"wpforms-field-label\" for=\"wpforms-2474-field_1\">Firma<\/label><input type=\"text\" id=\"wpforms-2474-field_1\" class=\"wpforms-field-medium\" name=\"wpforms[fields][1]\" ><\/div><div id=\"wpforms-2474-field_2-container\" class=\"wpforms-field wpforms-field-text\" data-field-id=\"2\"><label class=\"wpforms-field-label\" for=\"wpforms-2474-field_2\">Adresse <span class=\"wpforms-required-label\">*<\/span><\/label><input type=\"text\" id=\"wpforms-2474-field_2\" class=\"wpforms-field-medium wpforms-field-required\" name=\"wpforms[fields][2]\" required><\/div><div id=\"wpforms-2474-field_6-container\" class=\"wpforms-field wpforms-field-text\" data-field-id=\"6\"><label class=\"wpforms-field-label\" for=\"wpforms-2474-field_6\">PLZ, Ort <span class=\"wpforms-required-label\">*<\/span><\/label><input type=\"text\" id=\"wpforms-2474-field_6\" class=\"wpforms-field-medium wpforms-field-required\" name=\"wpforms[fields][6]\" required><\/div><div id=\"wpforms-2474-field_7-container\" class=\"wpforms-field wpforms-field-text\" data-field-id=\"7\"><label class=\"wpforms-field-label\" for=\"wpforms-2474-field_7\">Telefon<\/label><input type=\"text\" id=\"wpforms-2474-field_7\" class=\"wpforms-field-medium\" name=\"wpforms[fields][7]\" ><\/div><div id=\"wpforms-2474-field_8-container\" class=\"wpforms-field wpforms-field-email\" data-field-id=\"8\"><label class=\"wpforms-field-label\" for=\"wpforms-2474-field_8\">E-Mail <span class=\"wpforms-required-label\">*<\/span><\/label><input type=\"email\" id=\"wpforms-2474-field_8\" class=\"wpforms-field-medium wpforms-field-required\" name=\"wpforms[fields][8]\" spellcheck=\"false\" required><\/div><div id=\"wpforms-2474-field_11-container\" class=\"wpforms-field wpforms-field-number wpforms-conditional-trigger\" data-field-id=\"11\"><label class=\"wpforms-field-label\" for=\"wpforms-2474-field_11\">Betrag in CHF <span class=\"wpforms-required-label\">*<\/span><\/label><input type=\"number\" id=\"wpforms-2474-field_11\" class=\"wpforms-field-medium wpforms-field-required\" name=\"wpforms[fields][11]\" value=\"120\" step=\"any\" required><\/div><div id=\"wpforms-2474-field_15-container\" class=\"wpforms-field wpforms-field-checkbox wpforms-conditional-field wpforms-conditional-show\" data-field-id=\"15\" style=\"display:none;\"><label class=\"wpforms-field-label wpforms-label-hide\">Ab 30.-<\/label><ul id=\"wpforms-2474-field_15\"><li class=\"choice-1 depth-1\"><input type=\"checkbox\" id=\"wpforms-2474-field_15_1\" name=\"wpforms[fields][15][]\" value=\"Ich werde Mitglied im G\u00f6nnerverein\"  ><label class=\"wpforms-field-label-inline\" for=\"wpforms-2474-field_15_1\">Ich werde Mitglied im G\u00f6nnerverein<\/label><\/li><li class=\"choice-2 depth-1\"><input type=\"checkbox\" id=\"wpforms-2474-field_15_2\" name=\"wpforms[fields][15][]\" value=\"Ich m\u00f6chte als G\u00f6nner auf der Webseite publiziert werden\"  ><label class=\"wpforms-field-label-inline\" for=\"wpforms-2474-field_15_2\">Ich m\u00f6chte als G\u00f6nner auf der Webseite publiziert werden<\/label><\/li><\/ul><\/div><\/div><!-- .wpforms-field-container --><div class=\"wpforms-field wpforms-field-hp\"><label for=\"wpforms-2474-field-hp\" class=\"wpforms-field-label\">Website<\/label><input type=\"text\" name=\"wpforms[hp]\" id=\"wpforms-2474-field-hp\" class=\"wpforms-field-medium\"><\/div><div class=\"wpforms-recaptcha-container wpforms-is-recaptcha wpforms-is-recaptcha-type-v3\" ><input type=\"hidden\" name=\"wpforms[recaptcha]\" value=\"\"><\/div><div class=\"wpforms-submit-container\" ><input type=\"hidden\" name=\"wpforms[id]\" value=\"2474\"><input type=\"hidden\" name=\"page_title\" value=\"\"><input type=\"hidden\" name=\"page_url\" value=\"https:\/\/www.paradice-bienne.ch\/de\/wp-json\/wp\/v2\/pages\/379\"><input type=\"hidden\" name=\"url_referer\" value=\"\"><button type=\"submit\" name=\"wpforms[submit]\" id=\"wpforms-submit-2474\" class=\"wpforms-submit\" data-alt-text=\"Senden...\" data-submit-text=\"Senden\" aria-live=\"assertive\" value=\"wpforms-submit\">Senden<\/button><\/div><\/form><\/div>  <!-- .wpforms-container --><\/p>\n                            <\/div>\n        <\/div>\n    <\/div>\n<\/section>\n\n\n<section  class=\"text_1  pt_0  pb_100 \">\n    <div class=\"container\">\n        <div class=\"row\">\n            <div class=\"col-md-12 text-center\">\n                <p style=\"font-weight: 400;\"><strong>Damit PARADICE nicht auf Glatteis ger\u00e4t \u2013 Jetzt G\u00f6nner:in werden!<\/strong><\/p>\n<p style=\"font-weight: 400;\">\n<strong>PARADICE: Mehr als eine Eisbahn<\/strong><br \/>\nPARADICE ist aus dem Eventkalender unserer Stadt nicht mehr wegzudenken. Die mobile Eisbahn auf der Esplanade geh\u00f6rt zu den beliebtesten Freizeitangeboten in Biel und leistet einen bedeutenden Beitrag zur Belebung der Innenstadt. Sie st\u00e4rkt den sozialen Zusammenhalt, bietet Familien (die Nutzung der Eisbahn ist f\u00fcr Kinder bis 10 Jahre kostenlos) sowie Jugendlichen eine attraktive Freizeitm\u00f6glichkeit und zieht sowohl Einheimische als auch Ausw\u00e4rtige an, was sich positiv auf das lokale Gewerbe auswirkt. Zudem ist PARADICE f\u00fcr Schulen besonders wichtig, da das Angebot intensiv von Klassen aus Biel und der Umgebung genutzt wird.<\/p>\n<p style=\"font-weight: 400;\"><strong>Finanzielle Herausforderungen trotz grosser Beliebtheit<\/strong><br \/>\nObwohl PARADICE \u00e4usserst beliebt ist, steht das Projekt seit jeher finanziell auf d\u00fcnnem Eis. In den vergangenen Jahren haben \u00e4ussere Faktoren wie die Corona-Pandemie und die Strommangellage die finanzielle Belastung zus\u00e4tzlich verst\u00e4rkt, wodurch die langfristige Sicherung von PARADICE herausfordernd ist. Zudem versch\u00e4rfen die aktuelle wirtschaftliche Lage und steigende Betriebskosten die Risiken zus\u00e4tzlich.<\/p>\n<p><strong>PRO PARADICE: Gemeinsam f\u00fcr den Erhalt von PARADICE<\/strong><br \/>\nOhne die finanzielle Unterst\u00fctzung des lokalen Gewerbes, der Stadt, der umliegenden Gemeinden und von Privatpersonen ist es nicht m\u00f6glich, dieses einzigartige Wintererlebnis Jahr f\u00fcr Jahr aufrechtzuerhalten. Dabei spielt der G\u00f6nner:innenverein PRO PARADICE als Bindeglied zwischen PARADICE und der Bev\u00f6lkerung eine unverzichtbare Rolle. Durch wesentliche finanzielle Beitr\u00e4ge und den Aufbau eines starken Fundaments in der Bev\u00f6lkerung helfen wir mit, dass PARADICE ein fester Bestandteil des st\u00e4dtischen Lebens bleibt.<\/p>\n<p><strong>Werde Mitglied und unterst\u00fctze PARADICE<\/strong><br \/>\nAls Mitglied von PRO PARADICE tr\u00e4gst du aktiv dazu bei, dass PARADICE nicht auf Glatteis ger\u00e4t. Bereits mit einem Beitrag von CHF 30 kannst du Mitglied werden und einen wertvollen Beitrag f\u00fcr das Projekt leisten. Ab CHF 120 bist du und eine Begleitperson zudem zum exklusiven Preopening (vom 21. November) wie auch zum Abschluss-Ap\u00e9ro eingeladen.<\/p>\n<p style=\"font-weight: 400;\"><strong>Es w\u00fcrde uns freuen, wenn du Teil von PRO PARADICE wirst und mithilfst, dieses wertvolle Angebot f\u00fcr unsere Stadt zu erhalten!<\/strong><\/p>\n<p style=\"font-weight: 400;\">\n                            <\/div>\n        <\/div>\n    <\/div>\n<\/section>\n\n\n<section  class=\"text_1  pt_0  pb_100 \">\n    <div class=\"container\">\n        <div class=\"row\">\n            <div class=\"col-md-12 text-center\">\n                <p class=\"lead\">Vielen Dank an unsere G\u00f6nner!<\/p>\n                                <a href=\"https:\/\/www.paradice-bienne.ch\/de\/paradice\/#goenner\" class=\"btn btn-primary\">Auflistung der G\u00f6nner<\/a>\n                            <\/div>\n        <\/div>\n    <\/div>\n<\/section>","protected":false},"excerpt":{"rendered":"","protected":false},"author":1,"featured_media":0,"parent":0,"menu_order":0,"comment_status":"closed","ping_status":"closed","template":"","meta":{"_acf_changed":false,"footnotes":""},"class_list":["post-379","page","type-page","status-publish","hentry"],"acf":[],"yoast_head":"<!-- This site is optimized with the Yoast SEO plugin v27.4 - https:\/\/yoast.com\/product\/yoast-seo-wordpress\/ -->\n<title>G\u00f6nner - PARADICE Bienne<\/title>\n<meta name=\"robots\" content=\"index, follow, max-snippet:-1, max-image-preview:large, max-video-preview:-1\" \/>\n<link rel=\"canonical\" href=\"https:\/\/www.paradice-bienne.ch\/de\/goenner\/\" \/>\n<meta property=\"og:locale\" content=\"de_DE\" \/>\n<meta property=\"og:type\" content=\"article\" \/>\n<meta property=\"og:title\" content=\"G\u00f6nner - PARADICE Bienne\" \/>\n<meta property=\"og:url\" content=\"https:\/\/www.paradice-bienne.ch\/de\/goenner\/\" \/>\n<meta property=\"og:site_name\" content=\"PARADICE Bienne\" \/>\n<meta property=\"article:modified_time\" content=\"2024-10-28T16:02:28+00:00\" \/>\n<meta name=\"twitter:card\" content=\"summary_large_image\" \/>\n<script type=\"application\/ld+json\" class=\"yoast-schema-graph\">{\"@context\":\"https:\\\/\\\/schema.org\",\"@graph\":[{\"@type\":\"WebPage\",\"@id\":\"https:\\\/\\\/www.paradice-bienne.ch\\\/de\\\/goenner\\\/\",\"url\":\"https:\\\/\\\/www.paradice-bienne.ch\\\/de\\\/goenner\\\/\",\"name\":\"G\u00f6nner - PARADICE Bienne\",\"isPartOf\":{\"@id\":\"https:\\\/\\\/www.paradice-bienne.ch\\\/de\\\/#website\"},\"datePublished\":\"2019-11-18T13:24:16+00:00\",\"dateModified\":\"2024-10-28T16:02:28+00:00\",\"breadcrumb\":{\"@id\":\"https:\\\/\\\/www.paradice-bienne.ch\\\/de\\\/goenner\\\/#breadcrumb\"},\"inLanguage\":\"de\",\"potentialAction\":[{\"@type\":\"ReadAction\",\"target\":[\"https:\\\/\\\/www.paradice-bienne.ch\\\/de\\\/goenner\\\/\"]}]},{\"@type\":\"BreadcrumbList\",\"@id\":\"https:\\\/\\\/www.paradice-bienne.ch\\\/de\\\/goenner\\\/#breadcrumb\",\"itemListElement\":[{\"@type\":\"ListItem\",\"position\":1,\"name\":\"Startseite\",\"item\":\"https:\\\/\\\/www.paradice-bienne.ch\\\/de\\\/\"},{\"@type\":\"ListItem\",\"position\":2,\"name\":\"G\u00f6nner\"}]},{\"@type\":\"WebSite\",\"@id\":\"https:\\\/\\\/www.paradice-bienne.ch\\\/de\\\/#website\",\"url\":\"https:\\\/\\\/www.paradice-bienne.ch\\\/de\\\/\",\"name\":\"PARADICE Bienne\",\"description\":\"24.11.2024 - 26.01.2025\",\"potentialAction\":[{\"@type\":\"SearchAction\",\"target\":{\"@type\":\"EntryPoint\",\"urlTemplate\":\"https:\\\/\\\/www.paradice-bienne.ch\\\/de\\\/?s={search_term_string}\"},\"query-input\":{\"@type\":\"PropertyValueSpecification\",\"valueRequired\":true,\"valueName\":\"search_term_string\"}}],\"inLanguage\":\"de\"}]}<\/script>\n<!-- \/ Yoast SEO plugin. -->","yoast_head_json":{"title":"G\u00f6nner - PARADICE Bienne","robots":{"index":"index","follow":"follow","max-snippet":"max-snippet:-1","max-image-preview":"max-image-preview:large","max-video-preview":"max-video-preview:-1"},"canonical":"https:\/\/www.paradice-bienne.ch\/de\/goenner\/","og_locale":"de_DE","og_type":"article","og_title":"G\u00f6nner - PARADICE Bienne","og_url":"https:\/\/www.paradice-bienne.ch\/de\/goenner\/","og_site_name":"PARADICE Bienne","article_modified_time":"2024-10-28T16:02:28+00:00","twitter_card":"summary_large_image","schema":{"@context":"https:\/\/schema.org","@graph":[{"@type":"WebPage","@id":"https:\/\/www.paradice-bienne.ch\/de\/goenner\/","url":"https:\/\/www.paradice-bienne.ch\/de\/goenner\/","name":"G\u00f6nner - PARADICE Bienne","isPartOf":{"@id":"https:\/\/www.paradice-bienne.ch\/de\/#website"},"datePublished":"2019-11-18T13:24:16+00:00","dateModified":"2024-10-28T16:02:28+00:00","breadcrumb":{"@id":"https:\/\/www.paradice-bienne.ch\/de\/goenner\/#breadcrumb"},"inLanguage":"de","potentialAction":[{"@type":"ReadAction","target":["https:\/\/www.paradice-bienne.ch\/de\/goenner\/"]}]},{"@type":"BreadcrumbList","@id":"https:\/\/www.paradice-bienne.ch\/de\/goenner\/#breadcrumb","itemListElement":[{"@type":"ListItem","position":1,"name":"Startseite","item":"https:\/\/www.paradice-bienne.ch\/de\/"},{"@type":"ListItem","position":2,"name":"G\u00f6nner"}]},{"@type":"WebSite","@id":"https:\/\/www.paradice-bienne.ch\/de\/#website","url":"https:\/\/www.paradice-bienne.ch\/de\/","name":"PARADICE Bienne","description":"24.11.2024 - 26.01.2025","potentialAction":[{"@type":"SearchAction","target":{"@type":"EntryPoint","urlTemplate":"https:\/\/www.paradice-bienne.ch\/de\/?s={search_term_string}"},"query-input":{"@type":"PropertyValueSpecification","valueRequired":true,"valueName":"search_term_string"}}],"inLanguage":"de"}]}},"_links":{"self":[{"href":"https:\/\/www.paradice-bienne.ch\/de\/wp-json\/wp\/v2\/pages\/379","targetHints":{"allow":["GET"]}}],"collection":[{"href":"https:\/\/www.paradice-bienne.ch\/de\/wp-json\/wp\/v2\/pages"}],"about":[{"href":"https:\/\/www.paradice-bienne.ch\/de\/wp-json\/wp\/v2\/types\/page"}],"author":[{"embeddable":true,"href":"https:\/\/www.paradice-bienne.ch\/de\/wp-json\/wp\/v2\/users\/1"}],"replies":[{"embeddable":true,"href":"https:\/\/www.paradice-bienne.ch\/de\/wp-json\/wp\/v2\/comments?post=379"}],"version-history":[{"count":127,"href":"https:\/\/www.paradice-bienne.ch\/de\/wp-json\/wp\/v2\/pages\/379\/revisions"}],"predecessor-version":[{"id":8199,"href":"https:\/\/www.paradice-bienne.ch\/de\/wp-json\/wp\/v2\/pages\/379\/revisions\/8199"}],"wp:attachment":[{"href":"https:\/\/www.paradice-bienne.ch\/de\/wp-json\/wp\/v2\/media?parent=379"}],"curies":[{"name":"wp","href":"https:\/\/api.w.org\/{rel}","templated":true}]}}