{"id":1155,"date":"2019-11-04T09:06:28","date_gmt":"2019-11-04T09:06:28","guid":{"rendered":"https:\/\/www.paradice-bienne.ch\/home\/"},"modified":"2026-02-05T17:07:04","modified_gmt":"2026-02-05T16:07:04","slug":"home","status":"publish","type":"page","link":"https:\/\/www.paradice-bienne.ch\/fr\/","title":{"rendered":"Accueil"},"content":{"rendered":"\n<section  class=\"teaser_video  pt_0  pb_0 \">\n    <div class=\"container d-flex h-100\">\n        <div class=\"row align-items-center\">\n            <div class=\"col-sm-6\">\n                \n                <h3>\u00ab\u00a0La saison PARADICE 2025 est termin\u00e9\u00a0\u00bb<\/h3>\n<h3>Merci pour votre visite et on se revoit l&rsquo;hiver prochain.<\/h3>\n                                <a href=\"https:\/\/www.paradice-bienne.ch\/fr\/sponsors\/\" class=\"btn btn-primary\">Sponsors<\/a>\n                                <a href=\"https:\/\/www.paradice-bienne.ch\/fr\/donateurs\/\" class=\"btn btn-primary\">Association des Donateurs<\/a>\n                            <\/div>\n        <\/div>\n    <\/div>\n    <div class=\"embed-container\"><iframe title=\"PARADICE-2021-REVIEW\" data-src=\"https:\/\/player.vimeo.com\/video\/1018860470?dnt=1&amp;app_id=122963&#038;playsinline=1&#038;controls=0&#038;hd=1&#038;autoplay=1&#038;background=1&#038;loop=1&#038;byline=0&#038;title=0&#038;muted=1\" width=\"640\" height=\"360\" frameborder=\"0\" allow=\"autoplay; fullscreen; picture-in-picture; clipboard-write; encrypted-media; web-share\" referrerpolicy=\"strict-origin-when-cross-origin\" frameborder=\"0\" class=\"lazyload\"><\/iframe><\/div><img decoding=\"async\" src=\"https:\/\/www.paradice-bienne.ch\/wp-content\/uploads\/2020\/01\/ND52246-300x200.jpg\" data-sizes=\"auto\"\n\t\t\t\t\t\t                    data-src=\"https:\/\/www.paradice-bienne.ch\/wp-content\/uploads\/2020\/01\/ND52246.jpg\"\n\t\t\t\t\t\t                    data-srcset=\"\"\n\t\t\t\t\t\t                    class=\"bg_static_cover placeholder lazyload blur-up\" alt=\"\">    <div class=\"overlay\"><\/div>\n    \n<\/section>\n\n\r\n<section  class=\"eisbahn_status  pt_0  pb_0  closed\">\r\n    <div class=\"js_newsticker\">\r\n        <span>PATINOIRE FERM\u00c9E | RAISON : LA SAISON D\u2019HIVER PARADICE 2025 EST TERMIN\u00c9E. MERCI POUR CES MAGNIFIQUES MOMENTS SUR LA PATINOIRE ET AU CHALET. NOUS NOUS REVERRONS L\u2019HIVER PROCHAIN. | <\/span><a class=\"btn btn-primary\" href=\"https:\/\/www.paradice-bienne.ch\/fr\/info\/\">Heures d&rsquo;ouverture<\/a>\r\n            <\/div>\r\n<\/section>\n\n\n<section id=HomeTitle class=\"text_1  pt_0  pb_0 \">\n    <div class=\"container\">\n        <div class=\"row\">\n            <div class=\"col-md-12 text-center\">\n                <h1>PARADICE BIEL\/BIENNE<\/h1>\n                                <a href=\"\/fr\/info\/\" class=\"btn btn-primary\">Info<\/a>\n                                <a href=\"\/fr\/donateurs\/\" class=\"btn btn-primary\">Devenir donateur<\/a>\n                            <\/div>\n        <\/div>\n    <\/div>\n<\/section>\n\n\n<section  class=\"text_1  pt_0  pb_50 \">\n    <div class=\"container\">\n        <div class=\"row\">\n            <div class=\"col-md-12 text-center\">\n                <p data-start=\"900\" data-end=\"978\"><strong data-start=\"900\" data-end=\"978\">La saison d\u2019hiver PARADICE est termin\u00e9e \u2013 merci pour ce magnifique hiver !<\/strong><\/p>\n<p data-start=\"980\" data-end=\"1203\">La patinoire a ferm\u00e9 ses portes et le chalet s\u2019est vid\u00e9, mais les souvenirs demeurent : de nombreux moments partag\u00e9s sur la glace, des instants conviviaux au chalet fondue et une ambiance hivernale unique au c\u0153ur de Bienne.<\/p>\n<p data-start=\"1205\" data-end=\"1385\">Un <strong data-start=\"1208\" data-end=\"1223\">grand merci<\/strong> \u00e0 toutes les visiteuses et tous les visiteurs, partenaires, sponsors et b\u00e9n\u00e9voles qui ont fait de PARADICE un lieu de rencontre vivant tout au long de la saison.<\/p>\n<p data-start=\"1387\" data-end=\"1560\">PARADICE entre maintenant en pause.<br data-start=\"1422\" data-end=\"1425\" \/><strong data-start=\"1425\" data-end=\"1482\">Une nouvelle \u00e9dition est pr\u00e9vue pour l\u2019hiver prochain<\/strong>, avec une \u00e9nergie renouvel\u00e9e, une atmosph\u00e8re famili\u00e8re et de nouvelles id\u00e9es.<\/p>\n<p data-start=\"1562\" data-end=\"1636\">Nous nous r\u00e9jouissons de vous retrouver bient\u00f4t sur l\u2019Esplanade de Bienne.<\/p>\n                            <\/div>\n        <\/div>\n    <\/div>\n<\/section>\n\n\n<section  class=\"teaser_1  pt_0  pb_50 \">\n    <div class=\"container\">\n        <div class=\"row\">\n                        <div class=\"col-md-4 text-center d-flex flex-wrap\">\n                <div class=\"w-100\">\n                    <hr class=\"mt-0\">\n                                        <div class=\"icon_box\">\n                        <img decoding=\"async\" src=\"https:\/\/www.paradice-bienne.ch\/wp-content\/uploads\/2019\/11\/Paradice-Icons_250x250_Schlittschuhe.png\" data-sizes=\"auto\"\n\t\t\t\t\t\t                    data-src=\"https:\/\/www.paradice-bienne.ch\/wp-content\/uploads\/2019\/11\/Paradice-Icons_250x250_Schlittschuhe.png\"\n\t\t\t\t\t\t                    data-srcset=\"https:\/\/www.paradice-bienne.ch\/wp-content\/uploads\/2019\/11\/Paradice-Icons_250x250_Schlittschuhe.png 250w, https:\/\/www.paradice-bienne.ch\/wp-content\/uploads\/2019\/11\/Paradice-Icons_250x250_Schlittschuhe-150x150.png 150w\"\n\t\t\t\t\t\t                    class=\"bg_static_cover lazyload blur-up\" alt=\"\">                    <\/div>\n                                        <div class=\"content_box text-left\">\n                        <h3>Horaires &amp; Prix<\/h3>\n<p>Entr\u00e9es simples, abonnements de saison, location de patins, casiers \u00e0 serrure et offres sp\u00e9ciales pour \u00e9coles et soci\u00e9t\u00e9s de l&rsquo;\u00e9dition actuelle.<\/p>\n                        <a href=\"\/fr\/info\" class=\"btn btn-primary\">Info<\/a>\n                                            <\/div>\n\n                <\/div>\n                <div class=\"align-self-end w-100\">\n                    <hr class=\"mt-auto\">\n                <\/div>\n            <\/div>\n\n                        <div class=\"col-md-4 text-center d-flex flex-wrap\">\n                <div class=\"w-100\">\n                    <hr class=\"mt-0\">\n                                        <div class=\"icon_box\">\n                        <img decoding=\"async\" src=\"https:\/\/www.paradice-bienne.ch\/wp-content\/uploads\/2019\/11\/Paradice-Icons_250x250_Gastro.png\" data-sizes=\"auto\"\n\t\t\t\t\t\t                    data-src=\"https:\/\/www.paradice-bienne.ch\/wp-content\/uploads\/2019\/11\/Paradice-Icons_250x250_Gastro.png\"\n\t\t\t\t\t\t                    data-srcset=\"https:\/\/www.paradice-bienne.ch\/wp-content\/uploads\/2019\/11\/Paradice-Icons_250x250_Gastro.png 250w, https:\/\/www.paradice-bienne.ch\/wp-content\/uploads\/2019\/11\/Paradice-Icons_250x250_Gastro-150x150.png 150w\"\n\t\t\t\t\t\t                    class=\"bg_static_cover lazyload blur-up\" alt=\"\">                    <\/div>\n                                        <div class=\"content_box text-left\">\n                        <h3>Gastronomie<\/h3>\n<p>Au Chalet PARADICE, nous servons entre autres diff\u00e9rentes fondues au fromage, ainsi que la fondue chinoise \u00e0 discr\u00e9tion et d&rsquo;autres d\u00e9licieux plats \u2013 \u00e9galement en versions v\u00e9g\u00e9tariennes et v\u00e9ganes. Des boissons hivernales chaudes et des snacks sont disponibles au bar\/kiosque ext\u00e9rieur.<\/p>\n                        <a href=\"\/fr\/restauration\/\" class=\"btn btn-primary\">Gastro<\/a>\n                                            <\/div>\n\n                <\/div>\n                <div class=\"align-self-end w-100\">\n                    <hr class=\"mt-auto\">\n                <\/div>\n            <\/div>\n\n                        <div class=\"col-md-4 text-center d-flex flex-wrap\">\n                <div class=\"w-100\">\n                    <hr class=\"mt-0\">\n                                        <div class=\"icon_box\">\n                        <img decoding=\"async\" src=\"https:\/\/www.paradice-bienne.ch\/wp-content\/uploads\/2019\/11\/Paradice-Icons_250x250_Eisstick.png\" data-sizes=\"auto\"\n\t\t\t\t\t\t                    data-src=\"https:\/\/www.paradice-bienne.ch\/wp-content\/uploads\/2019\/11\/Paradice-Icons_250x250_Eisstick.png\"\n\t\t\t\t\t\t                    data-srcset=\"https:\/\/www.paradice-bienne.ch\/wp-content\/uploads\/2019\/11\/Paradice-Icons_250x250_Eisstick.png 250w, https:\/\/www.paradice-bienne.ch\/wp-content\/uploads\/2019\/11\/Paradice-Icons_250x250_Eisstick-150x150.png 150w\"\n\t\t\t\t\t\t                    class=\"bg_static_cover lazyload blur-up\" alt=\"\">                    <\/div>\n                                        <div class=\"content_box text-left\">\n                        <h3>Lancer du Eisstock<\/h3>\n<p>Ce sport populaire ancien est appr\u00e9ci\u00e9 par tout le monde. Nous proposons cette activit\u00e9 conviviale pour les groupes \u00e0 partir de 10 personnes. Uniquement sur r\u00e9servations (min. 10 personnes).<\/p>\n                        <a href=\"\/fr\/info\/offre-pour-les-entreprises\/\" class=\"btn btn-primary\">Info<\/a>\n                                            <\/div>\n\n                <\/div>\n                <div class=\"align-self-end w-100\">\n                    <hr class=\"mt-auto\">\n                <\/div>\n            <\/div>\n\n                        <div class=\"col-md-4 text-center d-flex flex-wrap\">\n                <div class=\"w-100\">\n                    <hr class=\"mt-0\">\n                                        <div class=\"icon_box\">\n                        <img decoding=\"async\" src=\"https:\/\/www.paradice-bienne.ch\/wp-content\/uploads\/2019\/11\/Paradice-Icons_250x25_Events.png\" data-sizes=\"auto\"\n\t\t\t\t\t\t                    data-src=\"https:\/\/www.paradice-bienne.ch\/wp-content\/uploads\/2019\/11\/Paradice-Icons_250x25_Events.png\"\n\t\t\t\t\t\t                    data-srcset=\"https:\/\/www.paradice-bienne.ch\/wp-content\/uploads\/2019\/11\/Paradice-Icons_250x25_Events.png 250w, https:\/\/www.paradice-bienne.ch\/wp-content\/uploads\/2019\/11\/Paradice-Icons_250x25_Events-150x150.png 150w\"\n\t\t\t\t\t\t                    class=\"bg_static_cover lazyload blur-up\" alt=\"\">                    <\/div>\n                                        <div class=\"content_box text-left\">\n                        <h3>\u00c9v\u00e9nements<\/h3>\n<p>Pendant dix semaines, les disco PARADICE et divers autres \u00e9v\u00e9nements sp\u00e9ciaux feront de la patinoire entre le \u00a0Palais des Congr\u00e8s et la Coupole un endroit \u00e0 visiter absolument, pour tous ceux qui aiment faire la f\u00eate en plein air, bouger sur de la bonne musique et passer un bon moment entre amis.<\/p>\n                        <a href=\"\/fr\/evenements\/\" class=\"btn btn-primary\">Events<\/a>\n                                            <\/div>\n\n                <\/div>\n                <div class=\"align-self-end w-100\">\n                    <hr class=\"mt-auto\">\n                <\/div>\n            <\/div>\n\n                        <div class=\"col-md-4 text-center d-flex flex-wrap\">\n                <div class=\"w-100\">\n                    <hr class=\"mt-0\">\n                                        <div class=\"icon_box\">\n                        <img decoding=\"async\" src=\"https:\/\/www.paradice-bienne.ch\/wp-content\/uploads\/2019\/11\/Paradice-Icons_250x250_Sponsoring.png\" data-sizes=\"auto\"\n\t\t\t\t\t\t                    data-src=\"https:\/\/www.paradice-bienne.ch\/wp-content\/uploads\/2019\/11\/Paradice-Icons_250x250_Sponsoring.png\"\n\t\t\t\t\t\t                    data-srcset=\"https:\/\/www.paradice-bienne.ch\/wp-content\/uploads\/2019\/11\/Paradice-Icons_250x250_Sponsoring.png 250w, https:\/\/www.paradice-bienne.ch\/wp-content\/uploads\/2019\/11\/Paradice-Icons_250x250_Sponsoring-150x150.png 150w\"\n\t\t\t\t\t\t                    class=\"bg_static_cover lazyload blur-up\" alt=\"\">                    <\/div>\n                                        <div class=\"content_box text-left\">\n                        <h3>Sponsoring<\/h3>\n<p>Comme tout \u00e9v\u00e9nement majeur, PARADICE ne saurait exister sans un soutien important de la population et de l\u2019\u00e9conomie. Nous proposons diverses formules de sponsoring int\u00e9ressantes. Prenez contact avec nous et nous nous ferons le plaisir de vous les pr\u00e9senter.<\/p>\n                        <a href=\"\/fr\/sponsors\/\" class=\"btn btn-primary\">Sponsors<\/a>\n                                            <\/div>\n\n                <\/div>\n                <div class=\"align-self-end w-100\">\n                    <hr class=\"mt-auto\">\n                <\/div>\n            <\/div>\n\n                        <div class=\"col-md-4 text-center d-flex flex-wrap\">\n                <div class=\"w-100\">\n                    <hr class=\"mt-0\">\n                                        <div class=\"icon_box\">\n                        <img decoding=\"async\" src=\"https:\/\/www.paradice-bienne.ch\/wp-content\/uploads\/2019\/11\/Paradice-Icons_250x250_Sylvester.png\" data-sizes=\"auto\"\n\t\t\t\t\t\t                    data-src=\"https:\/\/www.paradice-bienne.ch\/wp-content\/uploads\/2019\/11\/Paradice-Icons_250x250_Sylvester.png\"\n\t\t\t\t\t\t                    data-srcset=\"https:\/\/www.paradice-bienne.ch\/wp-content\/uploads\/2019\/11\/Paradice-Icons_250x250_Sylvester.png 250w, https:\/\/www.paradice-bienne.ch\/wp-content\/uploads\/2019\/11\/Paradice-Icons_250x250_Sylvester-150x150.png 150w\"\n\t\t\t\t\t\t                    class=\"bg_static_cover lazyload blur-up\" alt=\"\">                    <\/div>\n                                        <div class=\"content_box text-left\">\n                        <h3>SAINT-SYLVESTRE<\/h3>\n<p>F\u00eatez la Saint-Sylvestre avec nous le 31.12.25. Les places dans le Chalet PARADICE seront tr\u00e8s convoit\u00e9es. Pensez \u00e0 r\u00e9server suffisamment \u00e0 l\u2019avance par t\u00e9l\u00e9phone au 032 545 51 26 ou en ligne sur notre lien de r\u00e9servations.<\/p>\n                        <a href=\"\/fr\/evenements\/\" class=\"btn btn-primary\">Events<\/a>\n                                            <\/div>\n\n                <\/div>\n                <div class=\"align-self-end w-100\">\n                    <hr class=\"mt-auto\">\n                <\/div>\n            <\/div>\n\n            \n        <\/div>\n    <\/div>\n<\/section>\n\n\n<section  class=\"teaser_3  pt_0  pb_50 \">\n    <div class=\"container d-flex h-100\">\n        <div class=\"row align-items-center\">\n            <div class=\"col-sm-6\">\n                <img decoding=\"async\" src=\"https:\/\/www.paradice-bienne.ch\/wp-content\/uploads\/2019\/11\/Paradice-Icons_250x250_Schneeflocke.png\" data-sizes=\"auto\"\n\t\t\t\t\t\t                    data-src=\"https:\/\/www.paradice-bienne.ch\/wp-content\/uploads\/2019\/11\/Paradice-Icons_250x250_Schneeflocke.png\"\n\t\t\t\t\t\t                    data-srcset=\"https:\/\/www.paradice-bienne.ch\/wp-content\/uploads\/2019\/11\/Paradice-Icons_250x250_Schneeflocke.png 250w, https:\/\/www.paradice-bienne.ch\/wp-content\/uploads\/2019\/11\/Paradice-Icons_250x250_Schneeflocke-150x150.png 150w\"\n\t\t\t\t\t\t                    class=\"bg_static_cover icon lazyload blur-up\" alt=\"\">\n                <h2>Chalet PARADICE<\/h2>\n<p>Bienvenue dans notre confortable chalet en bois. Nous nous r\u00e9jouissons de vous y accueillir et de vos nombreuses r\u00e9servations.<\/p>\n                                <a href=\"\/fr\/restauration\" class=\"btn btn-primary\">R\u00e9servez maintenant<\/a>\n                            <\/div>\n        <\/div>\n    <\/div>\n    <img decoding=\"async\" src=\"https:\/\/www.paradice-bienne.ch\/wp-content\/uploads\/2025\/02\/IMG_5969-300x169.jpg\" data-sizes=\"auto\"\n\t\t\t\t\t\t                    data-src=\"https:\/\/www.paradice-bienne.ch\/wp-content\/uploads\/2025\/02\/IMG_5969-scaled.jpg\"\n\t\t\t\t\t\t                    data-srcset=\"https:\/\/www.paradice-bienne.ch\/wp-content\/uploads\/2025\/02\/IMG_5969-scaled.jpg 1920w, https:\/\/www.paradice-bienne.ch\/wp-content\/uploads\/2025\/02\/IMG_5969-300x169.jpg 300w, https:\/\/www.paradice-bienne.ch\/wp-content\/uploads\/2025\/02\/IMG_5969-1024x576.jpg 1024w, https:\/\/www.paradice-bienne.ch\/wp-content\/uploads\/2025\/02\/IMG_5969-768x432.jpg 768w, https:\/\/www.paradice-bienne.ch\/wp-content\/uploads\/2025\/02\/IMG_5969-1536x864.jpg 1536w, https:\/\/www.paradice-bienne.ch\/wp-content\/uploads\/2025\/02\/IMG_5969-2048x1152.jpg 2048w\"\n\t\t\t\t\t\t                    class=\"bg bg_static_cover lazyload blur-up\" alt=\"\"><\/section>\n\n\n<section  class=\"text_1  pt_0  pb_100 \">\n    <div class=\"container\">\n        <div class=\"row\">\n            <div class=\"col-md-12 text-center\">\n                <h2 style=\"text-align: center;\">Association des donateurs PRO PARADICE Bienne<\/h2>\n<p style=\"text-align: center;\">L&rsquo;\u00e9dition PARADICE 2025\/26 est en cours et l&rsquo;association des donateurs poursuit ses activit\u00e9s. Devenez membre d\u00e8s aujourd&rsquo;hui de l&rsquo;association PRO PARADICE Bienne et soutenez notre patinoire au c\u0153ur de notre ville.<\/p>\n<p style=\"text-align: center;\">Grand Merci pour votre soutien.<\/p>\n                                <a href=\"\/fr\/donateurs\/\" class=\"btn btn-primary\">Devenir donateur<\/a>\n                            <\/div>\n        <\/div>\n    <\/div>\n<\/section>","protected":false},"excerpt":{"rendered":"","protected":false},"author":1,"featured_media":0,"parent":0,"menu_order":-1,"comment_status":"closed","ping_status":"closed","template":"","meta":{"_acf_changed":false,"footnotes":""},"class_list":["post-1155","page","type-page","status-publish","hentry"],"acf":[],"yoast_head":"<!-- This site is optimized with the Yoast SEO plugin v27.4 - https:\/\/yoast.com\/product\/yoast-seo-wordpress\/ -->\n<title>PARADICE - Patiner \u00e0 Bienne! - PARADICE Bienne<\/title>\n<meta name=\"description\" content=\"PARADICE Bienne revient du VEN 22.11.24 AU DIM 26.02.05. La patinoire en plein air s&#039;installe sur l&#039;Esplanade devant le Palais des Congr\u00e8s de Bienne\" \/>\n<meta name=\"robots\" content=\"index, follow, max-snippet:-1, max-image-preview:large, max-video-preview:-1\" \/>\n<link rel=\"canonical\" href=\"https:\/\/www.paradice-bienne.ch\/fr\/\" \/>\n<meta property=\"og:locale\" content=\"fr_FR\" \/>\n<meta property=\"og:type\" content=\"article\" \/>\n<meta property=\"og:title\" content=\"PARADICE - Patiner \u00e0 Bienne! - PARADICE Bienne\" \/>\n<meta property=\"og:description\" content=\"PARADICE Bienne revient du VEN 22.11.24 AU DIM 26.02.05. La patinoire en plein air s&#039;installe sur l&#039;Esplanade devant le Palais des Congr\u00e8s de Bienne\" \/>\n<meta property=\"og:url\" content=\"https:\/\/www.paradice-bienne.ch\/fr\/\" \/>\n<meta property=\"og:site_name\" content=\"PARADICE Bienne\" \/>\n<meta property=\"article:modified_time\" content=\"2026-02-05T16:07:04+00:00\" \/>\n<meta name=\"twitter:card\" content=\"summary_large_image\" \/>\n<script type=\"application\/ld+json\" class=\"yoast-schema-graph\">{\"@context\":\"https:\\\/\\\/schema.org\",\"@graph\":[{\"@type\":\"WebPage\",\"@id\":\"https:\\\/\\\/www.paradice-bienne.ch\\\/fr\\\/\",\"url\":\"https:\\\/\\\/www.paradice-bienne.ch\\\/fr\\\/\",\"name\":\"PARADICE - Patiner \u00e0 Bienne! - PARADICE Bienne\",\"isPartOf\":{\"@id\":\"https:\\\/\\\/www.paradice-bienne.ch\\\/fr\\\/#website\"},\"datePublished\":\"2019-11-04T09:06:28+00:00\",\"dateModified\":\"2026-02-05T16:07:04+00:00\",\"description\":\"PARADICE Bienne revient du VEN 22.11.24 AU DIM 26.02.05. La patinoire en plein air s'installe sur l'Esplanade devant le Palais des Congr\u00e8s de Bienne\",\"breadcrumb\":{\"@id\":\"https:\\\/\\\/www.paradice-bienne.ch\\\/fr\\\/#breadcrumb\"},\"inLanguage\":\"fr-FR\",\"potentialAction\":[{\"@type\":\"ReadAction\",\"target\":[\"https:\\\/\\\/www.paradice-bienne.ch\\\/fr\\\/\"]}]},{\"@type\":\"BreadcrumbList\",\"@id\":\"https:\\\/\\\/www.paradice-bienne.ch\\\/fr\\\/#breadcrumb\",\"itemListElement\":[{\"@type\":\"ListItem\",\"position\":1,\"name\":\"Startseite\",\"item\":\"https:\\\/\\\/www.paradice-bienne.ch\\\/fr\\\/\"},{\"@type\":\"ListItem\",\"position\":2,\"name\":\"Accueil\"}]},{\"@type\":\"WebSite\",\"@id\":\"https:\\\/\\\/www.paradice-bienne.ch\\\/fr\\\/#website\",\"url\":\"https:\\\/\\\/www.paradice-bienne.ch\\\/fr\\\/\",\"name\":\"PARADICE Bienne\",\"description\":\"24.11.2024 - 26.01.2025\",\"potentialAction\":[{\"@type\":\"SearchAction\",\"target\":{\"@type\":\"EntryPoint\",\"urlTemplate\":\"https:\\\/\\\/www.paradice-bienne.ch\\\/fr\\\/?s={search_term_string}\"},\"query-input\":{\"@type\":\"PropertyValueSpecification\",\"valueRequired\":true,\"valueName\":\"search_term_string\"}}],\"inLanguage\":\"fr-FR\"}]}<\/script>\n<!-- \/ Yoast SEO plugin. -->","yoast_head_json":{"title":"PARADICE - Patiner \u00e0 Bienne! - PARADICE Bienne","description":"PARADICE Bienne revient du VEN 22.11.24 AU DIM 26.02.05. La patinoire en plein air s'installe sur l'Esplanade devant le Palais des Congr\u00e8s de Bienne","robots":{"index":"index","follow":"follow","max-snippet":"max-snippet:-1","max-image-preview":"max-image-preview:large","max-video-preview":"max-video-preview:-1"},"canonical":"https:\/\/www.paradice-bienne.ch\/fr\/","og_locale":"fr_FR","og_type":"article","og_title":"PARADICE - Patiner \u00e0 Bienne! - PARADICE Bienne","og_description":"PARADICE Bienne revient du VEN 22.11.24 AU DIM 26.02.05. La patinoire en plein air s'installe sur l'Esplanade devant le Palais des Congr\u00e8s de Bienne","og_url":"https:\/\/www.paradice-bienne.ch\/fr\/","og_site_name":"PARADICE Bienne","article_modified_time":"2026-02-05T16:07:04+00:00","twitter_card":"summary_large_image","schema":{"@context":"https:\/\/schema.org","@graph":[{"@type":"WebPage","@id":"https:\/\/www.paradice-bienne.ch\/fr\/","url":"https:\/\/www.paradice-bienne.ch\/fr\/","name":"PARADICE - Patiner \u00e0 Bienne! - PARADICE Bienne","isPartOf":{"@id":"https:\/\/www.paradice-bienne.ch\/fr\/#website"},"datePublished":"2019-11-04T09:06:28+00:00","dateModified":"2026-02-05T16:07:04+00:00","description":"PARADICE Bienne revient du VEN 22.11.24 AU DIM 26.02.05. La patinoire en plein air s'installe sur l'Esplanade devant le Palais des Congr\u00e8s de Bienne","breadcrumb":{"@id":"https:\/\/www.paradice-bienne.ch\/fr\/#breadcrumb"},"inLanguage":"fr-FR","potentialAction":[{"@type":"ReadAction","target":["https:\/\/www.paradice-bienne.ch\/fr\/"]}]},{"@type":"BreadcrumbList","@id":"https:\/\/www.paradice-bienne.ch\/fr\/#breadcrumb","itemListElement":[{"@type":"ListItem","position":1,"name":"Startseite","item":"https:\/\/www.paradice-bienne.ch\/fr\/"},{"@type":"ListItem","position":2,"name":"Accueil"}]},{"@type":"WebSite","@id":"https:\/\/www.paradice-bienne.ch\/fr\/#website","url":"https:\/\/www.paradice-bienne.ch\/fr\/","name":"PARADICE Bienne","description":"24.11.2024 - 26.01.2025","potentialAction":[{"@type":"SearchAction","target":{"@type":"EntryPoint","urlTemplate":"https:\/\/www.paradice-bienne.ch\/fr\/?s={search_term_string}"},"query-input":{"@type":"PropertyValueSpecification","valueRequired":true,"valueName":"search_term_string"}}],"inLanguage":"fr-FR"}]}},"_links":{"self":[{"href":"https:\/\/www.paradice-bienne.ch\/fr\/wp-json\/wp\/v2\/pages\/1155","targetHints":{"allow":["GET"]}}],"collection":[{"href":"https:\/\/www.paradice-bienne.ch\/fr\/wp-json\/wp\/v2\/pages"}],"about":[{"href":"https:\/\/www.paradice-bienne.ch\/fr\/wp-json\/wp\/v2\/types\/page"}],"author":[{"embeddable":true,"href":"https:\/\/www.paradice-bienne.ch\/fr\/wp-json\/wp\/v2\/users\/1"}],"replies":[{"embeddable":true,"href":"https:\/\/www.paradice-bienne.ch\/fr\/wp-json\/wp\/v2\/comments?post=1155"}],"version-history":[{"count":243,"href":"https:\/\/www.paradice-bienne.ch\/fr\/wp-json\/wp\/v2\/pages\/1155\/revisions"}],"predecessor-version":[{"id":8578,"href":"https:\/\/www.paradice-bienne.ch\/fr\/wp-json\/wp\/v2\/pages\/1155\/revisions\/8578"}],"wp:attachment":[{"href":"https:\/\/www.paradice-bienne.ch\/fr\/wp-json\/wp\/v2\/media?parent=1155"}],"curies":[{"name":"wp","href":"https:\/\/api.w.org\/{rel}","templated":true}]}}