{"id":1165,"date":"2019-11-18T13:24:16","date_gmt":"2019-11-18T13:24:16","guid":{"rendered":"https:\/\/www.paradice-bienne.ch\/goenner\/"},"modified":"2024-11-09T01:34:29","modified_gmt":"2024-11-09T00:34:29","slug":"donateurs","status":"publish","type":"page","link":"https:\/\/www.paradice-bienne.ch\/fr\/donateurs\/","title":{"rendered":"Donateurs"},"content":{"rendered":"\r\n<section  class=\"hero  pt_0  pb_100 \">\r\n    <div class=\"container d-flex h-100\">\r\n        <div class=\"row align-items-end\">\r\n            <div class=\"offset-md-2 col-md-8 text-center\">\r\n                <h1><\/h1>\r\n                            <\/div>\r\n        <\/div>\r\n    <\/div>\r\n    <img decoding=\"async\" src=\"https:\/\/www.paradice-bienne.ch\/wp-content\/uploads\/2019\/11\/HomeBG_new_small-300x92.png\" data-sizes=\"auto\"\n\t\t\t\t\t\t                    data-src=\"https:\/\/www.paradice-bienne.ch\/wp-content\/uploads\/2019\/11\/HomeBG_new_small.png\"\n\t\t\t\t\t\t                    data-srcset=\"\"\n\t\t\t\t\t\t                    class=\"bg bg_static_cover lazyload blur-up\" alt=\"\"><\/section>\n\n\n<section  class=\"text_1  pt_50  pb_100 \">\n    <div class=\"container\">\n        <div class=\"row\">\n            <div class=\"col-md-12 text-center\">\n                <h1 style=\"text-align: center;\">ASSOCIATION DES DONATEURS<\/h1>\n<p class=\"lead\" style=\"text-align: center;\">Afin d\u2019inscrire PARADICE dans la dur\u00e9e et de permettre \u00e0 la population d\u2019exprimer son soutien, nous avons cr\u00e9\u00e9 l\u2019association des donateurs \u00abPRO PARADICE BIENNE\u00bb.<\/p>\n<p style=\"text-align: center;\">Nous vous invitons chaleureusement \u00e0 devenir membre de l&rsquo;association des donateurs Pro PARADICE Bienne et \u00e0 promouvoir avec nous le plaisir du patinage. Gr\u00e2ce \u00e0 votre soutien, vous contribuez \u00e0 faire de PARADICE un lieu qui rassemble enthousiasme, joie, convivialit\u00e9 et sport au sein de toute la population.<\/p>\n                            <\/div>\n        <\/div>\n    <\/div>\n<\/section>\n\n<section  class=\"text_2  pt_0  pb_100 \">\n    <div class=\"container\">\n        <div class=\"row\">\n            <div class=\"col-md-12 offset-xl-2 col-xl-8 text-center\">\n                <h2 style=\"text-align: center;\">Nos packages des donateurs<\/h2>\n<hr class=\"mt-auto\" \/>\n<table class=\"goennerpakete\" style=\"height: 360px;\" width=\"736\" cellspacing=\"0\">\n<tbody>\n<tr style=\"font-weight: bold; border-bottom: 1px solid;\">\n<td style=\"text-align: left; width: 50%;\"><\/td>\n<td style=\"text-align: center;\">Jusqu&rsquo;\u00e0<br \/>\n30.-<\/td>\n<td style=\"text-align: center;\">A partir de<br \/>\n30.-<\/td>\n<td style=\"text-align: center;\"><\/td>\n<td style=\"text-align: center;\">A partir de<br \/>\n120.-<\/td>\n<\/tr>\n<tr style=\"border-bottom: 1px solid;\">\n<td style=\"text-align: left;\"><strong>Soutien pour PARADICE<\/strong><\/td>\n<td style=\"text-align: center;\">MERCI!<\/td>\n<td style=\"text-align: center;\">MERCI!<\/td>\n<td style=\"text-align: center;\"><\/td>\n<td style=\"text-align: center;\">MERCI!<\/td>\n<\/tr>\n<tr style=\"border-bottom: 1px solid;\">\n<td style=\"text-align: left;\"><strong>Adh\u00e9sion \u00e0 l&rsquo;association des donateurs<\/strong>*<\/td>\n<td style=\"text-align: center;\">&#8211;<\/td>\n<td style=\"text-align: center;\">X<\/td>\n<td style=\"text-align: center;\"><\/td>\n<td style=\"text-align: center;\">X<\/td>\n<\/tr>\n<tr style=\"border-bottom: 1px solid;\">\n<td style=\"text-align: left;\"><strong>Mention nominative**<\/strong><\/td>\n<td style=\"text-align: center;\">&#8211;<\/td>\n<td style=\"text-align: center;\">X<\/td>\n<td style=\"text-align: center;\"><\/td>\n<td style=\"text-align: center;\">X<\/td>\n<\/tr>\n<tr style=\"border-bottom: 1px solid;\">\n<td style=\"text-align: left;\"><strong>Informations en avant-premi\u00e8re sur PARADICE <\/strong><\/td>\n<td style=\"text-align: center;\">&#8211;<\/td>\n<td style=\"text-align: center;\">X<\/td>\n<td style=\"text-align: center;\"><\/td>\n<td style=\"text-align: center;\">X<\/td>\n<\/tr>\n<tr style=\"border-bottom: 1px solid;\">\n<td style=\"text-align: left;\"><strong>Abonnement de saison<\/strong><\/td>\n<td style=\"text-align: center;\">&#8211;<\/td>\n<td style=\"text-align: center;\">&#8211;<\/td>\n<td style=\"text-align: center;\"><\/td>\n<td style=\"text-align: center;\">X<\/td>\n<\/tr>\n<tr style=\"border-bottom: 1px solid;\">\n<td style=\"text-align: left;\"><strong>Invitation au Pre-Opening (incl. 1 personne accompagnante)<\/strong><\/td>\n<td style=\"text-align: center;\">&#8211;<\/td>\n<td style=\"text-align: center;\">&#8211;<\/td>\n<td style=\"text-align: center;\"><\/td>\n<td style=\"text-align: center;\">X<\/td>\n<\/tr>\n<tr style=\"border-bottom: 1px solid;\">\n<td style=\"text-align: left;\"><strong>Invitation au Pre-Opening (incl. 1 personne accompagnante)<\/strong><\/td>\n<td style=\"text-align: center;\">&#8211;<\/td>\n<td style=\"text-align: center;\">&#8211;<\/td>\n<td style=\"text-align: center;\"><\/td>\n<td style=\"text-align: center;\">X<\/td>\n<\/tr>\n<tr style=\"border-bottom: 1px solid;\">\n<td style=\"text-align: left;\"><\/td>\n<td style=\"text-align: center;\"><\/td>\n<td style=\"text-align: center;\"><\/td>\n<td style=\"text-align: center;\"><\/td>\n<td style=\"text-align: center;\"><\/td>\n<\/tr>\n<\/tbody>\n<\/table>\n<p>&nbsp;<\/p>\n<p style=\"text-align: center;\">Votre contribution est affect\u00e9e \u00e0 des fins sp\u00e9cifiques et ne peut \u00eatre utilis\u00e9e que pour le maintien du projet<br \/>\n* L&rsquo;adh\u00e9sion \u00e0 l&rsquo;association des donateurs est volontaire.<br \/>\n** La mention nominative ne se fera qu&rsquo;avec une confirmation explicite.<\/p>\n<p style=\"text-align: center;\"><div class=\"wpforms-container wpforms-container-full\" id=\"wpforms-2474\"><form id=\"wpforms-form-2474\" class=\"wpforms-validate wpforms-form\" data-formid=\"2474\" method=\"post\" enctype=\"multipart\/form-data\" action=\"\/fr\/wp-json\/wp\/v2\/pages\/1165\" data-token=\"67b74288d2025d3ec8630f1c3243846e\" data-token-time=\"1776588578\"><noscript class=\"wpforms-error-noscript\">Veuillez activer JavaScript dans votre navigateur pour remplir ce formulaire.<\/noscript><div class=\"wpforms-field-container\"><div id=\"wpforms-2474-field_4-container\" class=\"wpforms-field wpforms-field-name\" data-field-id=\"4\"><label class=\"wpforms-field-label\">Nom <span class=\"wpforms-required-label\">*<\/span><\/label><div class=\"wpforms-field-row wpforms-field-medium\"><div class=\"wpforms-field-row-block wpforms-first wpforms-one-half\"><input type=\"text\" id=\"wpforms-2474-field_4\" class=\"wpforms-field-name-first wpforms-field-required\" name=\"wpforms[fields][4][first]\" required><label for=\"wpforms-2474-field_4\" class=\"wpforms-field-sublabel after\">Pr\u00e9nom<\/label><\/div><div class=\"wpforms-field-row-block wpforms-one-half\"><input type=\"text\" id=\"wpforms-2474-field_4-last\" class=\"wpforms-field-name-last wpforms-field-required\" name=\"wpforms[fields][4][last]\" required><label for=\"wpforms-2474-field_4-last\" class=\"wpforms-field-sublabel after\">Nom<\/label><\/div><\/div><\/div><div id=\"wpforms-2474-field_1-container\" class=\"wpforms-field wpforms-field-text\" data-field-id=\"1\"><label class=\"wpforms-field-label\" for=\"wpforms-2474-field_1\">Entreprise<\/label><input type=\"text\" id=\"wpforms-2474-field_1\" class=\"wpforms-field-medium\" name=\"wpforms[fields][1]\" ><\/div><div id=\"wpforms-2474-field_2-container\" class=\"wpforms-field wpforms-field-text\" data-field-id=\"2\"><label class=\"wpforms-field-label\" for=\"wpforms-2474-field_2\">Adresse <span class=\"wpforms-required-label\">*<\/span><\/label><input type=\"text\" id=\"wpforms-2474-field_2\" class=\"wpforms-field-medium wpforms-field-required\" name=\"wpforms[fields][2]\" required><\/div><div id=\"wpforms-2474-field_6-container\" class=\"wpforms-field wpforms-field-text\" data-field-id=\"6\"><label class=\"wpforms-field-label\" for=\"wpforms-2474-field_6\">Code postal, lieu <span class=\"wpforms-required-label\">*<\/span><\/label><input type=\"text\" id=\"wpforms-2474-field_6\" class=\"wpforms-field-medium wpforms-field-required\" name=\"wpforms[fields][6]\" required><\/div><div id=\"wpforms-2474-field_7-container\" class=\"wpforms-field wpforms-field-text\" data-field-id=\"7\"><label class=\"wpforms-field-label\" for=\"wpforms-2474-field_7\">T\u00e9l\u00e9phone<\/label><input type=\"text\" id=\"wpforms-2474-field_7\" class=\"wpforms-field-medium\" name=\"wpforms[fields][7]\" ><\/div><div id=\"wpforms-2474-field_8-container\" class=\"wpforms-field wpforms-field-email\" data-field-id=\"8\"><label class=\"wpforms-field-label\" for=\"wpforms-2474-field_8\">Email <span class=\"wpforms-required-label\">*<\/span><\/label><input type=\"email\" id=\"wpforms-2474-field_8\" class=\"wpforms-field-medium wpforms-field-required\" name=\"wpforms[fields][8]\" spellcheck=\"false\" required><\/div><div id=\"wpforms-2474-field_11-container\" class=\"wpforms-field wpforms-field-number wpforms-conditional-trigger\" data-field-id=\"11\"><label class=\"wpforms-field-label\" for=\"wpforms-2474-field_11\">Montant en CHF <span class=\"wpforms-required-label\">*<\/span><\/label><input type=\"number\" id=\"wpforms-2474-field_11\" class=\"wpforms-field-medium wpforms-field-required\" name=\"wpforms[fields][11]\" value=\"120\" step=\"any\" required><\/div><div id=\"wpforms-2474-field_15-container\" class=\"wpforms-field wpforms-field-checkbox wpforms-conditional-field wpforms-conditional-show\" data-field-id=\"15\" style=\"display:none;\"><label class=\"wpforms-field-label wpforms-label-hide\">A partir de 30.-<\/label><ul id=\"wpforms-2474-field_15\"><li class=\"choice-1 depth-1\"><input type=\"checkbox\" id=\"wpforms-2474-field_15_1\" name=\"wpforms[fields][15][]\" value=\"Je deviens membre de l\u2019association des donateurs\"  ><label class=\"wpforms-field-label-inline\" for=\"wpforms-2474-field_15_1\">Je deviens membre de l\u2019association des donateurs<\/label><\/li><li class=\"choice-2 depth-1\"><input type=\"checkbox\" id=\"wpforms-2474-field_15_2\" name=\"wpforms[fields][15][]\" value=\"J&#039;aimerais \u00eatre publi\u00e9 en tant que donateur sur le site web\"  ><label class=\"wpforms-field-label-inline\" for=\"wpforms-2474-field_15_2\">J&rsquo;aimerais \u00eatre publi\u00e9 en tant que donateur sur le site web<\/label><\/li><\/ul><\/div><\/div><!-- .wpforms-field-container --><div class=\"wpforms-field wpforms-field-hp\"><label for=\"wpforms-2474-field-hp\" class=\"wpforms-field-label\">Email<\/label><input type=\"text\" name=\"wpforms[hp]\" id=\"wpforms-2474-field-hp\" class=\"wpforms-field-medium\"><\/div><div class=\"wpforms-recaptcha-container wpforms-is-recaptcha wpforms-is-recaptcha-type-v3\" ><input type=\"hidden\" name=\"wpforms[recaptcha]\" value=\"\"><\/div><div class=\"wpforms-submit-container\" ><input type=\"hidden\" name=\"wpforms[id]\" value=\"2474\"><input type=\"hidden\" name=\"page_title\" value=\"\"><input type=\"hidden\" name=\"page_url\" value=\"https:\/\/www.paradice-bienne.ch\/fr\/wp-json\/wp\/v2\/pages\/1165\"><input type=\"hidden\" name=\"url_referer\" value=\"\"><button type=\"submit\" name=\"wpforms[submit]\" id=\"wpforms-submit-2474\" class=\"wpforms-submit\" data-alt-text=\"Envoyer...\" data-submit-text=\"Envoyer\" aria-live=\"assertive\" value=\"wpforms-submit\">Envoyer<\/button><\/div><\/form><\/div>  <!-- .wpforms-container --><\/p>\n                            <\/div>\n        <\/div>\n    <\/div>\n<\/section>\n\n\n<section  class=\"text_1  pt_0  pb_100 \">\n    <div class=\"container\">\n        <div class=\"row\">\n            <div class=\"col-md-12 text-center\">\n                <div class=\"flex max-w-full flex-col flex-grow\">\n<div class=\"min-h-8 text-message flex w-full flex-col items-end gap-2 whitespace-normal break-words [.text-message+&amp;]:mt-5\" dir=\"auto\" data-message-author-role=\"assistant\" data-message-id=\"8843b200-af2f-4859-9419-a636836d64e2\" data-message-model-slug=\"gpt-4o-mini\">\n<div class=\"flex w-full flex-col gap-1 empty:hidden first:pt-[3px]\">\n<div class=\"markdown prose w-full break-words dark:prose-invert dark\">\n<p><strong>Pour que PARADICE ne glisse pas sur la glace \u2013 Devenez bienfaiteur !<\/strong><\/p>\n<div class=\"elementToProof\"><b>PARADICE : Plus qu&rsquo;une patinoire<\/b><\/div>\n<div>PARADICE est devenu incontournable dans le calendrier des \u00e9v\u00e9nements de notre ville. La patinoire mobile sur l&rsquo;Esplanade est l&rsquo;une des offres de loisirs les plus appr\u00e9ci\u00e9es \u00e0 Bienne. Elle contribue de mani\u00e8re significative \u00e0 l&rsquo;animation du centre-ville. Elle renforce la coh\u00e9sion sociale et offre aux familles (l&rsquo;utilisation de la patinoire est gratuite pour les enfants jusqu&rsquo;\u00e0 10 ans) ainsi qu&rsquo;aux jeunes une possibilit\u00e9 de loisirs attrayante. Elle attire autant les biennois et les biennoises que les visiteurs externes, ce qui a certainement un impact positif pour le commerce local. De plus, PARADICE est particuli\u00e8rement important pour les \u00e9coles, car l&rsquo;offre est intensivement utilis\u00e9e par les classes de Bienne et des environs.<\/div>\n<div><b>Des d\u00e9fis financiers malgr\u00e9 une grande popularit\u00e9<\/b><\/div>\n<div>Bien que PARADICE soit extr\u00eamement populaire, le projet reste d\u00e9pendant des finances et \u00e9volue \u2026 sur une glace tr\u00e8s fragile\u00a0! Ces derni\u00e8res ann\u00e9es, des facteurs externes comme la pand\u00e9mie de covid et la p\u00e9nurie d&rsquo;\u00e9lectricit\u00e9 ont intensifi\u00e9 la charge financi\u00e8re, rendant la p\u00e9rennisation de PARADICE plus difficile. De plus, la situation \u00e9conomique actuelle et l&rsquo;augmentation des co\u00fbts d&rsquo;exploitation amplifient les risques.<\/div>\n<div><b>PRO PARADICE : Ensemble pour la pr\u00e9servation de PARADICE<\/b><\/div>\n<div>Sans le soutien financier des entreprises locales, de la ville, des communes avoisinantes et des particuliers, il n&rsquo;est pas possible de maintenir cette f\u00e9\u00e9rie hivernale unique ann\u00e9e apr\u00e8s ann\u00e9e. L&rsquo;association des donateurs et donatrices PRO PARADICE joue ici un r\u00f4le indispensable en tant que lien entre PARADICE et la population. Gr\u00e2ce \u00e0 des contributions financi\u00e8res significatives et \u00e0 la construction d&rsquo;une base solide au sein de la population, nous aidons \u00e0 faire en sorte que PARADICE reste partie int\u00e9grante de la vie urbaine.<\/div>\n<div><b>Deviens membre et soutiens PARADICE<\/b><\/div>\n<div class=\"elementToProof\">En tant que membre de PRO PARADICE, tu contribues activement \u00e0 la p\u00e9rennit\u00e9 de PARADICE. D\u00e8s CHF 30, tu peux devenir membre et apporter une pr\u00e9cieuse contribution au projet. \u00c0 partir de CHF 120, tu es invit\u00e9\u00b7e en compagnie d\u2019une personne de ton choix, \u00e0 la pr\u00e9ouverture du 21 novembre, ainsi qu&rsquo;\u00e0 l&rsquo;ap\u00e9ritif de cl\u00f4ture.<\/div>\n<div class=\"elementToProof\">Nous serions tr\u00e8s heureux\u00a0si tu rejoins PRO PARADICE et aides \u00e0 pr\u00e9server cette pr\u00e9cieuse offre pour notre ville<\/div>\n<\/div>\n<\/div>\n<\/div>\n<\/div>\n                            <\/div>\n        <\/div>\n    <\/div>\n<\/section>\n\n\n<section  class=\"text_1  pt_0  pb_100 \">\n    <div class=\"container\">\n        <div class=\"row\">\n            <div class=\"col-md-12 text-center\">\n                <p class=\"lead\">Un grand merci \u00e0 nos donateurs!<\/p>\n                                <a href=\"https:\/\/www.paradice-bienne.ch\/fr\/paradice\/#goenner\" class=\"btn btn-primary\">Liste des donateurs<\/a>\n                            <\/div>\n        <\/div>\n    <\/div>\n<\/section>","protected":false},"excerpt":{"rendered":"","protected":false},"author":1,"featured_media":0,"parent":0,"menu_order":0,"comment_status":"closed","ping_status":"closed","template":"","meta":{"_acf_changed":false,"footnotes":""},"class_list":["post-1165","page","type-page","status-publish","hentry"],"acf":[],"yoast_head":"<!-- This site is optimized with the Yoast SEO plugin v27.4 - https:\/\/yoast.com\/product\/yoast-seo-wordpress\/ -->\n<title>Donateurs - PARADICE Bienne<\/title>\n<meta name=\"robots\" content=\"index, follow, max-snippet:-1, max-image-preview:large, max-video-preview:-1\" \/>\n<link rel=\"canonical\" href=\"https:\/\/www.paradice-bienne.ch\/fr\/donateurs\/\" \/>\n<meta property=\"og:locale\" content=\"fr_FR\" \/>\n<meta property=\"og:type\" content=\"article\" \/>\n<meta property=\"og:title\" content=\"Donateurs - PARADICE Bienne\" \/>\n<meta property=\"og:url\" content=\"https:\/\/www.paradice-bienne.ch\/fr\/donateurs\/\" \/>\n<meta property=\"og:site_name\" content=\"PARADICE Bienne\" \/>\n<meta property=\"article:modified_time\" content=\"2024-11-09T00:34:29+00:00\" \/>\n<meta name=\"twitter:card\" content=\"summary_large_image\" \/>\n<script type=\"application\/ld+json\" class=\"yoast-schema-graph\">{\"@context\":\"https:\\\/\\\/schema.org\",\"@graph\":[{\"@type\":\"WebPage\",\"@id\":\"https:\\\/\\\/www.paradice-bienne.ch\\\/fr\\\/donateurs\\\/\",\"url\":\"https:\\\/\\\/www.paradice-bienne.ch\\\/fr\\\/donateurs\\\/\",\"name\":\"Donateurs - PARADICE Bienne\",\"isPartOf\":{\"@id\":\"https:\\\/\\\/www.paradice-bienne.ch\\\/fr\\\/#website\"},\"datePublished\":\"2019-11-18T13:24:16+00:00\",\"dateModified\":\"2024-11-09T00:34:29+00:00\",\"breadcrumb\":{\"@id\":\"https:\\\/\\\/www.paradice-bienne.ch\\\/fr\\\/donateurs\\\/#breadcrumb\"},\"inLanguage\":\"fr-FR\",\"potentialAction\":[{\"@type\":\"ReadAction\",\"target\":[\"https:\\\/\\\/www.paradice-bienne.ch\\\/fr\\\/donateurs\\\/\"]}]},{\"@type\":\"BreadcrumbList\",\"@id\":\"https:\\\/\\\/www.paradice-bienne.ch\\\/fr\\\/donateurs\\\/#breadcrumb\",\"itemListElement\":[{\"@type\":\"ListItem\",\"position\":1,\"name\":\"Startseite\",\"item\":\"https:\\\/\\\/www.paradice-bienne.ch\\\/fr\\\/\"},{\"@type\":\"ListItem\",\"position\":2,\"name\":\"Donateurs\"}]},{\"@type\":\"WebSite\",\"@id\":\"https:\\\/\\\/www.paradice-bienne.ch\\\/fr\\\/#website\",\"url\":\"https:\\\/\\\/www.paradice-bienne.ch\\\/fr\\\/\",\"name\":\"PARADICE Bienne\",\"description\":\"24.11.2024 - 26.01.2025\",\"potentialAction\":[{\"@type\":\"SearchAction\",\"target\":{\"@type\":\"EntryPoint\",\"urlTemplate\":\"https:\\\/\\\/www.paradice-bienne.ch\\\/fr\\\/?s={search_term_string}\"},\"query-input\":{\"@type\":\"PropertyValueSpecification\",\"valueRequired\":true,\"valueName\":\"search_term_string\"}}],\"inLanguage\":\"fr-FR\"}]}<\/script>\n<!-- \/ Yoast SEO plugin. -->","yoast_head_json":{"title":"Donateurs - PARADICE Bienne","robots":{"index":"index","follow":"follow","max-snippet":"max-snippet:-1","max-image-preview":"max-image-preview:large","max-video-preview":"max-video-preview:-1"},"canonical":"https:\/\/www.paradice-bienne.ch\/fr\/donateurs\/","og_locale":"fr_FR","og_type":"article","og_title":"Donateurs - PARADICE Bienne","og_url":"https:\/\/www.paradice-bienne.ch\/fr\/donateurs\/","og_site_name":"PARADICE Bienne","article_modified_time":"2024-11-09T00:34:29+00:00","twitter_card":"summary_large_image","schema":{"@context":"https:\/\/schema.org","@graph":[{"@type":"WebPage","@id":"https:\/\/www.paradice-bienne.ch\/fr\/donateurs\/","url":"https:\/\/www.paradice-bienne.ch\/fr\/donateurs\/","name":"Donateurs - PARADICE Bienne","isPartOf":{"@id":"https:\/\/www.paradice-bienne.ch\/fr\/#website"},"datePublished":"2019-11-18T13:24:16+00:00","dateModified":"2024-11-09T00:34:29+00:00","breadcrumb":{"@id":"https:\/\/www.paradice-bienne.ch\/fr\/donateurs\/#breadcrumb"},"inLanguage":"fr-FR","potentialAction":[{"@type":"ReadAction","target":["https:\/\/www.paradice-bienne.ch\/fr\/donateurs\/"]}]},{"@type":"BreadcrumbList","@id":"https:\/\/www.paradice-bienne.ch\/fr\/donateurs\/#breadcrumb","itemListElement":[{"@type":"ListItem","position":1,"name":"Startseite","item":"https:\/\/www.paradice-bienne.ch\/fr\/"},{"@type":"ListItem","position":2,"name":"Donateurs"}]},{"@type":"WebSite","@id":"https:\/\/www.paradice-bienne.ch\/fr\/#website","url":"https:\/\/www.paradice-bienne.ch\/fr\/","name":"PARADICE Bienne","description":"24.11.2024 - 26.01.2025","potentialAction":[{"@type":"SearchAction","target":{"@type":"EntryPoint","urlTemplate":"https:\/\/www.paradice-bienne.ch\/fr\/?s={search_term_string}"},"query-input":{"@type":"PropertyValueSpecification","valueRequired":true,"valueName":"search_term_string"}}],"inLanguage":"fr-FR"}]}},"_links":{"self":[{"href":"https:\/\/www.paradice-bienne.ch\/fr\/wp-json\/wp\/v2\/pages\/1165","targetHints":{"allow":["GET"]}}],"collection":[{"href":"https:\/\/www.paradice-bienne.ch\/fr\/wp-json\/wp\/v2\/pages"}],"about":[{"href":"https:\/\/www.paradice-bienne.ch\/fr\/wp-json\/wp\/v2\/types\/page"}],"author":[{"embeddable":true,"href":"https:\/\/www.paradice-bienne.ch\/fr\/wp-json\/wp\/v2\/users\/1"}],"replies":[{"embeddable":true,"href":"https:\/\/www.paradice-bienne.ch\/fr\/wp-json\/wp\/v2\/comments?post=1165"}],"version-history":[{"count":50,"href":"https:\/\/www.paradice-bienne.ch\/fr\/wp-json\/wp\/v2\/pages\/1165\/revisions"}],"predecessor-version":[{"id":8035,"href":"https:\/\/www.paradice-bienne.ch\/fr\/wp-json\/wp\/v2\/pages\/1165\/revisions\/8035"}],"wp:attachment":[{"href":"https:\/\/www.paradice-bienne.ch\/fr\/wp-json\/wp\/v2\/media?parent=1165"}],"curies":[{"name":"wp","href":"https:\/\/api.w.org\/{rel}","templated":true}]}}