{"id":1180,"date":"2019-11-04T09:07:14","date_gmt":"2019-11-04T09:07:14","guid":{"rendered":"https:\/\/www.paradice-bienne.ch\/events\/"},"modified":"2026-01-06T05:38:21","modified_gmt":"2026-01-06T04:38:21","slug":"evenements","status":"publish","type":"page","link":"https:\/\/www.paradice-bienne.ch\/fr\/evenements\/","title":{"rendered":"\u00c9V\u00c9NEMENTS"},"content":{"rendered":"\r\n<section  class=\"hero  pt_0  pb_50 \">\r\n    <div class=\"container d-flex h-100\">\r\n        <div class=\"row align-items-end\">\r\n            <div class=\"offset-md-2 col-md-8 text-center\">\r\n                <h1><\/h1>\r\n                            <\/div>\r\n        <\/div>\r\n    <\/div>\r\n    <img decoding=\"async\" src=\"https:\/\/www.paradice-bienne.ch\/wp-content\/uploads\/2020\/07\/Paradice_Events_2020-300x108.png\" data-sizes=\"auto\"\n\t\t\t\t\t\t                    data-src=\"https:\/\/www.paradice-bienne.ch\/wp-content\/uploads\/2020\/07\/Paradice_Events_2020.png\"\n\t\t\t\t\t\t                    data-srcset=\"https:\/\/www.paradice-bienne.ch\/wp-content\/uploads\/2020\/07\/Paradice_Events_2020.png 2560w, https:\/\/www.paradice-bienne.ch\/wp-content\/uploads\/2020\/07\/Paradice_Events_2020-300x108.png 300w, https:\/\/www.paradice-bienne.ch\/wp-content\/uploads\/2020\/07\/Paradice_Events_2020-1024x368.png 1024w, https:\/\/www.paradice-bienne.ch\/wp-content\/uploads\/2020\/07\/Paradice_Events_2020-768x276.png 768w, https:\/\/www.paradice-bienne.ch\/wp-content\/uploads\/2020\/07\/Paradice_Events_2020-1536x553.png 1536w, https:\/\/www.paradice-bienne.ch\/wp-content\/uploads\/2020\/07\/Paradice_Events_2020-2048x737.png 2048w\"\n\t\t\t\t\t\t                    class=\"bg bg_static_cover lazyload blur-up\" alt=\"\"><\/section>\n\n\n<section  class=\"text_1  pt_0  pb_50 \">\n    <div class=\"container\">\n        <div class=\"row\">\n            <div class=\"col-md-12 text-center\">\n                <h1 style=\"text-align: center;\">\u00c9v\u00e9nements<\/h1>\n<p class=\"lead\" style=\"text-align: center;\">73 jours de programme PARADICE remplis d&rsquo;activit\u00e9s et d&rsquo;\u00e9v\u00e9nements.<\/p>\n<p style=\"text-align: center;\">Venez, lacez vos patins et passez une journ\u00e9e\/soir\u00e9e inoubliable au PARADICE.<\/p>\n                            <\/div>\n        <\/div>\n    <\/div>\n<\/section>\n\n\n\n<section  class=\"list  pt_0  pb_100 \">\n    <div class=\"container\">\n                <div class=\"row\">\n            <div class=\"offset-md-2 col-md-8\">\n                                <h2>PARADICE OPENING \u00ab\u00a0C\u00c9REMONIE\u00a0\u00bb | <span class=\"light\">ven 21.11.2025 | 17:00<\/span>\n                <\/h2>\n                <div class=\"row\">\n                    <div class=\"col-md-8\">\n                        <p>La patinoire ouvrira officiellement ses portes et se r\u00e9jouit de 73 jours de plaisir sur la glace avec animations, festivit\u00e9s hivernales, excellente gastronomie et plein d&rsquo;\u00e9motions pour petits et grands.<\/p>\n                    <\/div>\n                    <div class=\"col-md-4 text-right\">\n                                            <\/div>\n                <\/div>\n                <hr>\n            <\/div>\n        <\/div>\n                <div class=\"row\">\n            <div class=\"offset-md-2 col-md-8\">\n                                <h2>PARADICE ICE DISCO | <span class=\"light\">ven 12.12.2025 | 18:00<\/span>\n                <\/h2>\n                <div class=\"row\">\n                    <div class=\"col-md-8\">\n                        <p>La premi\u00e8re ICE Disco avec DJs et une ambiance festive pour les jeunes et les jeunes d\u2019esprit, avec ou sans patins \u00e0 glace.<br data-start=\"139\" data-end=\"142\" \/>Pr\u00e9vente recommand\u00e9e !<\/p>\n                    <\/div>\n                    <div class=\"col-md-4 text-right\">\n                                            <\/div>\n                <\/div>\n                <hr>\n            <\/div>\n        <\/div>\n                <div class=\"row\">\n            <div class=\"offset-md-2 col-md-8\">\n                                <h2>PRIVATE EVENT | <span class=\"light\">ven 19.12.2025 | 09:00<\/span>\n                <\/h2>\n                <div class=\"row\">\n                    <div class=\"col-md-8\">\n                        <p><strong>\u00c9v\u00e9nement d\u2019entreprise priv\u00e9<\/strong> au Chalet avec musique et danse !<br data-start=\"70\" data-end=\"73\" \/>14h00 \u2013 16h30<\/p>\n<p>____<\/p>\n<p>De 18h00 &#8211; 23h30 Chalet Day Dance &#8211; Privat Event ! Food &amp; Drinks &amp; DJ au chalet !<\/p>\n<p>Fin de la musique 00h00 et PARADICE ferme ces portes \u00e0 00h30 !<\/p>\n                    <\/div>\n                    <div class=\"col-md-4 text-right\">\n                                            <\/div>\n                <\/div>\n                <hr>\n            <\/div>\n        <\/div>\n                <div class=\"row\">\n            <div class=\"offset-md-2 col-md-8\">\n                                <h2>NEW YEARS EVE &#8211; SILVESTER PARTY | <span class=\"light\">mer 31.12.2025 | 20:00<\/span>\n                <\/h2>\n                <div class=\"row\">\n                    <div class=\"col-md-8\">\n                        <p>Grande F\u00eate de Nouvel-An avec DJ et Late Night Skating jusqu&rsquo;\u00e0 02h30 !<\/p>\n                    <\/div>\n                    <div class=\"col-md-4 text-right\">\n                                            <\/div>\n                <\/div>\n                <hr>\n            <\/div>\n        <\/div>\n                <div class=\"row\">\n            <div class=\"offset-md-2 col-md-8\">\n                                <h2>CHB KIDS DAY | <span class=\"light\">mer 21.01.2026 | 13:00<\/span>\n                <\/h2>\n                <div class=\"row\">\n                    <div class=\"col-md-8\">\n                        <p>Les enfants, les familles et le Centre hospitalier se r\u00e9jouissent d\u2019un superbe \u00e9v\u00e9nement <strong>destin\u00e9 aux enfants et aux jeunes de la r\u00e9gion.<\/strong><br data-start=\"156\" data-end=\"159\" \/>De belles animations et de nombreuses surprises seront au rendez-vous !<\/p>\n                    <\/div>\n                    <div class=\"col-md-4 text-right\">\n                                            <\/div>\n                <\/div>\n                <hr>\n            <\/div>\n        <\/div>\n                <div class=\"row\">\n            <div class=\"offset-md-2 col-md-8\">\n                                <h2>PARADICE \u00ab\u00a0Chalet\u00a0\u00bb DAYDANCE  | <span class=\"light\">sam 31.01.2026 | 18:00<\/span>\n                <\/h2>\n                <div class=\"row\">\n                    <div class=\"col-md-8\">\n                        <p>Une \u00ab\u00a0Day dance\u00a0\u00bb dans le chalet nous fera honneur sur PARADICE &#8211; soyez pr\u00eat \u00e0 acheter le billets d\u00e8s qu&rsquo;il sera en vente. Pr\u00e9sent\u00e9 par le partenaire principal DUO Entertainment.<\/p>\n<p>Food Corner &amp; Late Night Skate included !<\/p>\n<p>Daydance 18h00 &#8211; 00h00<\/p>\n<p>Presale Tickets <a href=\"https:\/\/eventfrog.ch\/de\/p\/party\/house-techno\/paradice-chalet-day-dance-presented-by-duo-entertainment-7412196900730844161.html\">click here<\/a><\/p>\n                    <\/div>\n                    <div class=\"col-md-4 text-right\">\n                                            <\/div>\n                <\/div>\n                <hr>\n            <\/div>\n        <\/div>\n                <div class=\"row\">\n            <div class=\"offset-md-2 col-md-8\">\n                                <h2>LAST DAY ON ICE | <span class=\"light\">dim 01.02.2026 | 10:00<\/span>\n                <\/h2>\n                <div class=\"row\">\n                    <div class=\"col-md-8\">\n                        <p>Dernier jour d&rsquo;ouverture de la saison 25\/26 &#8211; Session Photo d\u00e8s 20h pour les souvenirs !<\/p>\n                    <\/div>\n                    <div class=\"col-md-4 text-right\">\n                                            <\/div>\n                <\/div>\n                <hr>\n            <\/div>\n        <\/div>\n        \n    <\/div>\n<\/section>\n\n\n\n<section  class=\"list  pt_0  pb_100 \">\n    <div class=\"container\">\n        \n    <\/div>\n<\/section>\n\n\n<section  class=\"teaser_3  pt_0  pb_0 \">\n    <div class=\"container d-flex h-100\">\n        <div class=\"row align-items-center\">\n            <div class=\"col-sm-6\">\n                <img decoding=\"async\" src=\"https:\/\/www.paradice-bienne.ch\/wp-content\/uploads\/2019\/11\/Paradice-Icons_250x250_Schneeflocke.png\" data-sizes=\"auto\"\n\t\t\t\t\t\t                    data-src=\"https:\/\/www.paradice-bienne.ch\/wp-content\/uploads\/2019\/11\/Paradice-Icons_250x250_Schneeflocke.png\"\n\t\t\t\t\t\t                    data-srcset=\"https:\/\/www.paradice-bienne.ch\/wp-content\/uploads\/2019\/11\/Paradice-Icons_250x250_Schneeflocke.png 250w, https:\/\/www.paradice-bienne.ch\/wp-content\/uploads\/2019\/11\/Paradice-Icons_250x250_Schneeflocke-150x150.png 150w\"\n\t\t\t\t\t\t                    class=\"bg_static_cover icon lazyload blur-up\" alt=\"\">\n                <p>Bienvenue dans notre chalet en bois convivial.<\/p>\n                                <a href=\"\/fr\/restauration\" class=\"btn btn-primary\">R\u00e9servez maintenant<\/a>\n                            <\/div>\n        <\/div>\n    <\/div>\n    <img decoding=\"async\" src=\"https:\/\/www.paradice-bienne.ch\/wp-content\/uploads\/2025\/02\/IMG_5969-300x169.jpg\" data-sizes=\"auto\"\n\t\t\t\t\t\t                    data-src=\"https:\/\/www.paradice-bienne.ch\/wp-content\/uploads\/2025\/02\/IMG_5969-scaled.jpg\"\n\t\t\t\t\t\t                    data-srcset=\"https:\/\/www.paradice-bienne.ch\/wp-content\/uploads\/2025\/02\/IMG_5969-scaled.jpg 1920w, https:\/\/www.paradice-bienne.ch\/wp-content\/uploads\/2025\/02\/IMG_5969-300x169.jpg 300w, https:\/\/www.paradice-bienne.ch\/wp-content\/uploads\/2025\/02\/IMG_5969-1024x576.jpg 1024w, https:\/\/www.paradice-bienne.ch\/wp-content\/uploads\/2025\/02\/IMG_5969-768x432.jpg 768w, https:\/\/www.paradice-bienne.ch\/wp-content\/uploads\/2025\/02\/IMG_5969-1536x864.jpg 1536w, https:\/\/www.paradice-bienne.ch\/wp-content\/uploads\/2025\/02\/IMG_5969-2048x1152.jpg 2048w\"\n\t\t\t\t\t\t                    class=\"bg bg_static_cover lazyload blur-up\" alt=\"\"><\/section>","protected":false},"excerpt":{"rendered":"","protected":false},"author":1,"featured_media":0,"parent":0,"menu_order":0,"comment_status":"closed","ping_status":"closed","template":"","meta":{"_acf_changed":false,"footnotes":""},"class_list":["post-1180","page","type-page","status-publish","hentry"],"acf":[],"yoast_head":"<!-- This site is optimized with the Yoast SEO plugin v27.4 - https:\/\/yoast.com\/product\/yoast-seo-wordpress\/ -->\n<title>\u00c9V\u00c9NEMENTS - PARADICE Bienne<\/title>\n<meta name=\"robots\" content=\"index, follow, max-snippet:-1, max-image-preview:large, max-video-preview:-1\" \/>\n<link rel=\"canonical\" href=\"https:\/\/www.paradice-bienne.ch\/fr\/evenements\/\" \/>\n<meta property=\"og:locale\" content=\"fr_FR\" \/>\n<meta property=\"og:type\" content=\"article\" \/>\n<meta property=\"og:title\" content=\"\u00c9V\u00c9NEMENTS - PARADICE Bienne\" \/>\n<meta property=\"og:url\" content=\"https:\/\/www.paradice-bienne.ch\/fr\/evenements\/\" \/>\n<meta property=\"og:site_name\" content=\"PARADICE Bienne\" \/>\n<meta property=\"article:modified_time\" content=\"2026-01-06T04:38:21+00:00\" \/>\n<meta name=\"twitter:card\" content=\"summary_large_image\" \/>\n<script type=\"application\/ld+json\" class=\"yoast-schema-graph\">{\"@context\":\"https:\\\/\\\/schema.org\",\"@graph\":[{\"@type\":\"WebPage\",\"@id\":\"https:\\\/\\\/www.paradice-bienne.ch\\\/fr\\\/evenements\\\/\",\"url\":\"https:\\\/\\\/www.paradice-bienne.ch\\\/fr\\\/evenements\\\/\",\"name\":\"\u00c9V\u00c9NEMENTS - PARADICE Bienne\",\"isPartOf\":{\"@id\":\"https:\\\/\\\/www.paradice-bienne.ch\\\/fr\\\/#website\"},\"datePublished\":\"2019-11-04T09:07:14+00:00\",\"dateModified\":\"2026-01-06T04:38:21+00:00\",\"breadcrumb\":{\"@id\":\"https:\\\/\\\/www.paradice-bienne.ch\\\/fr\\\/evenements\\\/#breadcrumb\"},\"inLanguage\":\"fr-FR\",\"potentialAction\":[{\"@type\":\"ReadAction\",\"target\":[\"https:\\\/\\\/www.paradice-bienne.ch\\\/fr\\\/evenements\\\/\"]}]},{\"@type\":\"BreadcrumbList\",\"@id\":\"https:\\\/\\\/www.paradice-bienne.ch\\\/fr\\\/evenements\\\/#breadcrumb\",\"itemListElement\":[{\"@type\":\"ListItem\",\"position\":1,\"name\":\"Startseite\",\"item\":\"https:\\\/\\\/www.paradice-bienne.ch\\\/fr\\\/\"},{\"@type\":\"ListItem\",\"position\":2,\"name\":\"\u00c9V\u00c9NEMENTS\"}]},{\"@type\":\"WebSite\",\"@id\":\"https:\\\/\\\/www.paradice-bienne.ch\\\/fr\\\/#website\",\"url\":\"https:\\\/\\\/www.paradice-bienne.ch\\\/fr\\\/\",\"name\":\"PARADICE Bienne\",\"description\":\"24.11.2024 - 26.01.2025\",\"potentialAction\":[{\"@type\":\"SearchAction\",\"target\":{\"@type\":\"EntryPoint\",\"urlTemplate\":\"https:\\\/\\\/www.paradice-bienne.ch\\\/fr\\\/?s={search_term_string}\"},\"query-input\":{\"@type\":\"PropertyValueSpecification\",\"valueRequired\":true,\"valueName\":\"search_term_string\"}}],\"inLanguage\":\"fr-FR\"}]}<\/script>\n<!-- \/ Yoast SEO plugin. -->","yoast_head_json":{"title":"\u00c9V\u00c9NEMENTS - PARADICE Bienne","robots":{"index":"index","follow":"follow","max-snippet":"max-snippet:-1","max-image-preview":"max-image-preview:large","max-video-preview":"max-video-preview:-1"},"canonical":"https:\/\/www.paradice-bienne.ch\/fr\/evenements\/","og_locale":"fr_FR","og_type":"article","og_title":"\u00c9V\u00c9NEMENTS - PARADICE Bienne","og_url":"https:\/\/www.paradice-bienne.ch\/fr\/evenements\/","og_site_name":"PARADICE Bienne","article_modified_time":"2026-01-06T04:38:21+00:00","twitter_card":"summary_large_image","schema":{"@context":"https:\/\/schema.org","@graph":[{"@type":"WebPage","@id":"https:\/\/www.paradice-bienne.ch\/fr\/evenements\/","url":"https:\/\/www.paradice-bienne.ch\/fr\/evenements\/","name":"\u00c9V\u00c9NEMENTS - PARADICE Bienne","isPartOf":{"@id":"https:\/\/www.paradice-bienne.ch\/fr\/#website"},"datePublished":"2019-11-04T09:07:14+00:00","dateModified":"2026-01-06T04:38:21+00:00","breadcrumb":{"@id":"https:\/\/www.paradice-bienne.ch\/fr\/evenements\/#breadcrumb"},"inLanguage":"fr-FR","potentialAction":[{"@type":"ReadAction","target":["https:\/\/www.paradice-bienne.ch\/fr\/evenements\/"]}]},{"@type":"BreadcrumbList","@id":"https:\/\/www.paradice-bienne.ch\/fr\/evenements\/#breadcrumb","itemListElement":[{"@type":"ListItem","position":1,"name":"Startseite","item":"https:\/\/www.paradice-bienne.ch\/fr\/"},{"@type":"ListItem","position":2,"name":"\u00c9V\u00c9NEMENTS"}]},{"@type":"WebSite","@id":"https:\/\/www.paradice-bienne.ch\/fr\/#website","url":"https:\/\/www.paradice-bienne.ch\/fr\/","name":"PARADICE Bienne","description":"24.11.2024 - 26.01.2025","potentialAction":[{"@type":"SearchAction","target":{"@type":"EntryPoint","urlTemplate":"https:\/\/www.paradice-bienne.ch\/fr\/?s={search_term_string}"},"query-input":{"@type":"PropertyValueSpecification","valueRequired":true,"valueName":"search_term_string"}}],"inLanguage":"fr-FR"}]}},"_links":{"self":[{"href":"https:\/\/www.paradice-bienne.ch\/fr\/wp-json\/wp\/v2\/pages\/1180","targetHints":{"allow":["GET"]}}],"collection":[{"href":"https:\/\/www.paradice-bienne.ch\/fr\/wp-json\/wp\/v2\/pages"}],"about":[{"href":"https:\/\/www.paradice-bienne.ch\/fr\/wp-json\/wp\/v2\/types\/page"}],"author":[{"embeddable":true,"href":"https:\/\/www.paradice-bienne.ch\/fr\/wp-json\/wp\/v2\/users\/1"}],"replies":[{"embeddable":true,"href":"https:\/\/www.paradice-bienne.ch\/fr\/wp-json\/wp\/v2\/comments?post=1180"}],"version-history":[{"count":305,"href":"https:\/\/www.paradice-bienne.ch\/fr\/wp-json\/wp\/v2\/pages\/1180\/revisions"}],"predecessor-version":[{"id":8569,"href":"https:\/\/www.paradice-bienne.ch\/fr\/wp-json\/wp\/v2\/pages\/1180\/revisions\/8569"}],"wp:attachment":[{"href":"https:\/\/www.paradice-bienne.ch\/fr\/wp-json\/wp\/v2\/media?parent=1180"}],"curies":[{"name":"wp","href":"https:\/\/api.w.org\/{rel}","templated":true}]}}