{"id":1186,"date":"2019-11-04T09:07:22","date_gmt":"2019-11-04T09:07:22","guid":{"rendered":"https:\/\/www.paradice-bienne.ch\/gastro\/"},"modified":"2025-10-07T17:06:23","modified_gmt":"2025-10-07T15:06:23","slug":"restauration","status":"publish","type":"page","link":"https:\/\/www.paradice-bienne.ch\/fr\/restauration\/","title":{"rendered":"RESTAURATION"},"content":{"rendered":"\r\n<section  class=\"hero  pt_0  pb_0 \">\r\n    <div class=\"container d-flex h-100\">\r\n        <div class=\"row align-items-end\">\r\n            <div class=\"offset-md-2 col-md-8 text-center\">\r\n                <h1><\/h1>\r\n                            <\/div>\r\n        <\/div>\r\n    <\/div>\r\n    <img decoding=\"async\" src=\"https:\/\/www.paradice-bienne.ch\/wp-content\/uploads\/2019\/11\/Paradice_Gastronomie-1-300x169.png\" data-sizes=\"auto\"\n\t\t\t\t\t\t                    data-src=\"https:\/\/www.paradice-bienne.ch\/wp-content\/uploads\/2019\/11\/Paradice_Gastronomie-1.png\"\n\t\t\t\t\t\t                    data-srcset=\"\"\n\t\t\t\t\t\t                    class=\"bg bg_static_cover lazyload blur-up\" alt=\"\"><\/section>\n\n\n<section  class=\"text_1  pt_50  pb_50 \">\n    <div class=\"container\">\n        <div class=\"row\">\n            <div class=\"col-md-12 text-center\">\n                <h1 style=\"text-align: center;\">Gastronomie | R\u00e9servations<\/h1>\n<p class=\"lead\" style=\"text-align: center;\">Bienvenue dans la convivialit\u00e9 du Chalet PARADICE<\/p>\n<p style=\"text-align: center;\">Sp\u00e9cialit\u00e9s fromages Suisses et sur r\u00e9servation fondue chinoise\/vigneronne \u00e0 discr\u00e9tion dans le chalet PARADICE comptant plus de 180 places. Dans notre outil de r\u00e9servation, vous pouvez facilement et rapidement r\u00e9server vos places au Chalet.<\/p>\n                            <\/div>\n        <\/div>\n    <\/div>\n<\/section>\n\n\n<section  class=\"text_1  pt_0  pb_50 \">\n    <div class=\"container\">\n        <div class=\"row\">\n            <div class=\"col-md-12 text-center\">\n                <p><iframe src=\"https:\/\/book.easytable.com\/book\/?id=d98f4&#038;lang=fr\" frameborder=\"0\" height=\"940\" style=\"width: 100%; max-width: 800px !important; min-width: 550px;\"><\/iframe><\/p>\n                            <\/div>\n        <\/div>\n    <\/div>\n<\/section>\n\n<section id=reservation class=\"text_2  pt_0  pb_50 \">\n    <div class=\"container\">\n        <div class=\"row\">\n            <div class=\"col-md-12 offset-xl-2 col-xl-8 text-center\">\n                <p class=\"lead\">Veuillez nous contacter &#8211; vous avez besoin d&rsquo;une offre?<\/p>\n<p data-start=\"64\" data-end=\"238\" data-is-last-node=\"\">Nous serions ravis de vous conseiller et de vous proposer une offre adapt\u00e9e. Veuillez remplir le formulaire enti\u00e8rement, et nous vous r\u00e9pondrons dans les plus brefs d\u00e9lais.<\/p>\n<div class=\"wpforms-container wpforms-container-full\" id=\"wpforms-2354\"><form id=\"wpforms-form-2354\" class=\"wpforms-validate wpforms-form\" data-formid=\"2354\" method=\"post\" enctype=\"multipart\/form-data\" action=\"\/fr\/wp-json\/wp\/v2\/pages\/1186\" data-token=\"c3e8ed769416614147374b6309a19047\" data-token-time=\"1776523645\"><noscript class=\"wpforms-error-noscript\">Veuillez activer JavaScript dans votre navigateur pour remplir ce formulaire.<\/noscript><div class=\"wpforms-field-container\"><div id=\"wpforms-2354-field_8-container\" class=\"wpforms-field wpforms-field-name\" data-field-id=\"8\"><label class=\"wpforms-field-label\">Nom <span class=\"wpforms-required-label\">*<\/span><\/label><div class=\"wpforms-field-row wpforms-field-large\"><div class=\"wpforms-field-row-block wpforms-first wpforms-one-half\"><input type=\"text\" id=\"wpforms-2354-field_8\" class=\"wpforms-field-name-first wpforms-field-required\" name=\"wpforms[fields][8][first]\" required><label for=\"wpforms-2354-field_8\" class=\"wpforms-field-sublabel after\">Pr\u00e9nom<\/label><\/div><div class=\"wpforms-field-row-block wpforms-one-half\"><input type=\"text\" id=\"wpforms-2354-field_8-last\" class=\"wpforms-field-name-last wpforms-field-required\" name=\"wpforms[fields][8][last]\" required><label for=\"wpforms-2354-field_8-last\" class=\"wpforms-field-sublabel after\">Nom<\/label><\/div><\/div><\/div><div id=\"wpforms-2354-field_2-container\" class=\"wpforms-field wpforms-field-text\" data-field-id=\"2\"><label class=\"wpforms-field-label\" for=\"wpforms-2354-field_2\">Entreprise<\/label><input type=\"text\" id=\"wpforms-2354-field_2\" class=\"wpforms-field-large\" name=\"wpforms[fields][2]\" ><\/div><div id=\"wpforms-2354-field_3-container\" class=\"wpforms-field wpforms-field-date-time\" data-field-id=\"3\"><label class=\"wpforms-field-label\">Date et heure souhait\u00e9e<\/label><div class=\"wpforms-field-row wpforms-field-large\"><div class=\"wpforms-field-row-block wpforms-date-type-datepicker\"><div class=\"wpforms-datepicker-wrap\"><input type=\"text\" id=\"wpforms-2354-field_3\" class=\"wpforms-field-date-time-date wpforms-datepicker\" data-date-format=\"m\/d\/Y\" data-disable-past-dates=\"0\" data-input=\"true\" name=\"wpforms[fields][3][date]\" ><a title=\"Effacer la date\" data-clear role=\"button\" tabindex=\"0\" class=\"wpforms-datepicker-clear\" aria-label=\"Effacer la date\" style=\"display:none;\"><\/a><\/div><label for=\"wpforms-2354-field_3\" class=\"wpforms-field-sublabel after\">Date<\/label><\/div><div class=\"wpforms-field-row-block\"><input type=\"text\" id=\"wpforms-2354-field_3-time\" class=\"wpforms-field-date-time-time wpforms-timepicker\" data-time-format=\"H:i\" data-step=\"15\" data-rule-time24h=\"true\" data-min-time=\"16:30\" data-max-time=\"21:30\" data-rule-time-limit=\"true\" name=\"wpforms[fields][3][time]\" ><label for=\"wpforms-2354-field_3-time\" class=\"wpforms-field-sublabel after\">Heure<\/label><\/div><\/div><\/div><div id=\"wpforms-2354-field_4-container\" class=\"wpforms-field wpforms-field-number\" data-field-id=\"4\"><label class=\"wpforms-field-label\" for=\"wpforms-2354-field_4\">Nombre de convives<\/label><input type=\"number\" id=\"wpforms-2354-field_4\" class=\"wpforms-field-large\" name=\"wpforms[fields][4]\" step=\"any\" ><\/div><div id=\"wpforms-2354-field_5-container\" class=\"wpforms-field wpforms-field-email\" data-field-id=\"5\"><label class=\"wpforms-field-label\" for=\"wpforms-2354-field_5\">Email <span class=\"wpforms-required-label\">*<\/span><\/label><input type=\"email\" id=\"wpforms-2354-field_5\" class=\"wpforms-field-large wpforms-field-required\" name=\"wpforms[fields][5]\" spellcheck=\"false\" required><\/div><div id=\"wpforms-2354-field_6-container\" class=\"wpforms-field wpforms-field-phone\" data-field-id=\"6\"><label class=\"wpforms-field-label\" for=\"wpforms-2354-field_6\">T\u00e9l\u00e9phone<\/label><input type=\"tel\" id=\"wpforms-2354-field_6\" class=\"wpforms-field-large wpforms-smart-phone-field\" data-rule-smart-phone-field=\"true\" name=\"wpforms[fields][6]\" aria-label=\"T\u00e9l\u00e9phone\" ><\/div><div id=\"wpforms-2354-field_7-container\" class=\"wpforms-field wpforms-field-textarea\" data-field-id=\"7\"><label class=\"wpforms-field-label\" for=\"wpforms-2354-field_7\">Message<\/label><textarea id=\"wpforms-2354-field_7\" class=\"wpforms-field-medium\" name=\"wpforms[fields][7]\" ><\/textarea><\/div><\/div><!-- .wpforms-field-container --><div class=\"wpforms-field wpforms-field-hp\"><label for=\"wpforms-2354-field-hp\" class=\"wpforms-field-label\">Name<\/label><input type=\"text\" name=\"wpforms[hp]\" id=\"wpforms-2354-field-hp\" class=\"wpforms-field-medium\"><\/div><div class=\"wpforms-recaptcha-container wpforms-is-recaptcha wpforms-is-recaptcha-type-v3\" ><input type=\"hidden\" name=\"wpforms[recaptcha]\" value=\"\"><\/div><div class=\"wpforms-submit-container\" ><input type=\"hidden\" name=\"wpforms[id]\" value=\"2354\"><input type=\"hidden\" name=\"page_title\" value=\"\"><input type=\"hidden\" name=\"page_url\" value=\"https:\/\/www.paradice-bienne.ch\/fr\/wp-json\/wp\/v2\/pages\/1186\"><input type=\"hidden\" name=\"url_referer\" value=\"\"><button type=\"submit\" name=\"wpforms[submit]\" id=\"wpforms-submit-2354\" class=\"wpforms-submit\" data-alt-text=\"Envoyer...\" data-submit-text=\"Envoyer\" aria-live=\"assertive\" value=\"wpforms-submit\">Envoyer<\/button><\/div><\/form><\/div>  <!-- .wpforms-container -->\n<hr \/>\n                            <\/div>\n        <\/div>\n    <\/div>\n<\/section>\n\n\n<section  class=\"text_1  pt_0  pb_50 \">\n    <div class=\"container\">\n        <div class=\"row\">\n            <div class=\"col-md-12 text-center\">\n                <h2 style=\"text-align: center;\">La carte \/ menu chalet 2024<\/h2>\n<p style=\"text-align: center;\"><strong><span style=\"color: #ff0000;\">Le menu 2025 est en cours d\u2019\u00e9laboration et sera disponible prochainement !<\/span><\/strong><\/p>\n<p style=\"text-align: center;\">\u00a0<img loading=\"lazy\" decoding=\"async\" class=\"aligncenter wp-image-8155 size-large\" src=\"https:\/\/www.paradice-bienne.ch\/wp-content\/uploads\/2024\/11\/Paradice_Speisekarte_Chalet_2024_f_160x341-496x1024.jpg\" alt=\"\" width=\"496\" height=\"1024\" srcset=\"https:\/\/www.paradice-bienne.ch\/wp-content\/uploads\/2024\/11\/Paradice_Speisekarte_Chalet_2024_f_160x341-496x1024.jpg 496w, https:\/\/www.paradice-bienne.ch\/wp-content\/uploads\/2024\/11\/Paradice_Speisekarte_Chalet_2024_f_160x341-145x300.jpg 145w, https:\/\/www.paradice-bienne.ch\/wp-content\/uploads\/2024\/11\/Paradice_Speisekarte_Chalet_2024_f_160x341-768x1586.jpg 768w, https:\/\/www.paradice-bienne.ch\/wp-content\/uploads\/2024\/11\/Paradice_Speisekarte_Chalet_2024_f_160x341-744x1536.jpg 744w, https:\/\/www.paradice-bienne.ch\/wp-content\/uploads\/2024\/11\/Paradice_Speisekarte_Chalet_2024_f_160x341-991x2048.jpg 991w, https:\/\/www.paradice-bienne.ch\/wp-content\/uploads\/2024\/11\/Paradice_Speisekarte_Chalet_2024_f_160x341-scaled.jpg 871w\" sizes=\"auto, (max-width: 496px) 100vw, 496px\" \/><\/p>\n                            <\/div>\n        <\/div>\n    <\/div>\n<\/section>\n\n\n<section  class=\"text_1  pt_0  pb_50 \">\n    <div class=\"container\">\n        <div class=\"row\">\n            <div class=\"col-md-12 text-center\">\n                <hr \/>\n<p style=\"text-align: center;\">\n<p style=\"text-align: center;\">\n                            <\/div>\n        <\/div>\n    <\/div>\n<\/section>","protected":false},"excerpt":{"rendered":"","protected":false},"author":1,"featured_media":0,"parent":0,"menu_order":0,"comment_status":"closed","ping_status":"closed","template":"","meta":{"_acf_changed":false,"footnotes":""},"class_list":["post-1186","page","type-page","status-publish","hentry"],"acf":[],"yoast_head":"<!-- This site is optimized with the Yoast SEO plugin v27.4 - https:\/\/yoast.com\/product\/yoast-seo-wordpress\/ -->\n<title>RESTAURATION - PARADICE Bienne<\/title>\n<meta name=\"robots\" content=\"index, follow, max-snippet:-1, max-image-preview:large, max-video-preview:-1\" \/>\n<link rel=\"canonical\" href=\"https:\/\/www.paradice-bienne.ch\/fr\/restauration\/\" \/>\n<meta property=\"og:locale\" content=\"fr_FR\" \/>\n<meta property=\"og:type\" content=\"article\" \/>\n<meta property=\"og:title\" content=\"RESTAURATION - PARADICE Bienne\" \/>\n<meta property=\"og:url\" content=\"https:\/\/www.paradice-bienne.ch\/fr\/restauration\/\" \/>\n<meta property=\"og:site_name\" content=\"PARADICE Bienne\" \/>\n<meta property=\"article:modified_time\" content=\"2025-10-07T15:06:23+00:00\" \/>\n<meta name=\"twitter:card\" content=\"summary_large_image\" \/>\n<script type=\"application\/ld+json\" class=\"yoast-schema-graph\">{\"@context\":\"https:\\\/\\\/schema.org\",\"@graph\":[{\"@type\":\"WebPage\",\"@id\":\"https:\\\/\\\/www.paradice-bienne.ch\\\/fr\\\/restauration\\\/\",\"url\":\"https:\\\/\\\/www.paradice-bienne.ch\\\/fr\\\/restauration\\\/\",\"name\":\"RESTAURATION - PARADICE Bienne\",\"isPartOf\":{\"@id\":\"https:\\\/\\\/www.paradice-bienne.ch\\\/fr\\\/#website\"},\"datePublished\":\"2019-11-04T09:07:22+00:00\",\"dateModified\":\"2025-10-07T15:06:23+00:00\",\"breadcrumb\":{\"@id\":\"https:\\\/\\\/www.paradice-bienne.ch\\\/fr\\\/restauration\\\/#breadcrumb\"},\"inLanguage\":\"fr-FR\",\"potentialAction\":[{\"@type\":\"ReadAction\",\"target\":[\"https:\\\/\\\/www.paradice-bienne.ch\\\/fr\\\/restauration\\\/\"]}]},{\"@type\":\"BreadcrumbList\",\"@id\":\"https:\\\/\\\/www.paradice-bienne.ch\\\/fr\\\/restauration\\\/#breadcrumb\",\"itemListElement\":[{\"@type\":\"ListItem\",\"position\":1,\"name\":\"Startseite\",\"item\":\"https:\\\/\\\/www.paradice-bienne.ch\\\/fr\\\/\"},{\"@type\":\"ListItem\",\"position\":2,\"name\":\"RESTAURATION\"}]},{\"@type\":\"WebSite\",\"@id\":\"https:\\\/\\\/www.paradice-bienne.ch\\\/fr\\\/#website\",\"url\":\"https:\\\/\\\/www.paradice-bienne.ch\\\/fr\\\/\",\"name\":\"PARADICE Bienne\",\"description\":\"24.11.2024 - 26.01.2025\",\"potentialAction\":[{\"@type\":\"SearchAction\",\"target\":{\"@type\":\"EntryPoint\",\"urlTemplate\":\"https:\\\/\\\/www.paradice-bienne.ch\\\/fr\\\/?s={search_term_string}\"},\"query-input\":{\"@type\":\"PropertyValueSpecification\",\"valueRequired\":true,\"valueName\":\"search_term_string\"}}],\"inLanguage\":\"fr-FR\"}]}<\/script>\n<!-- \/ Yoast SEO plugin. -->","yoast_head_json":{"title":"RESTAURATION - PARADICE Bienne","robots":{"index":"index","follow":"follow","max-snippet":"max-snippet:-1","max-image-preview":"max-image-preview:large","max-video-preview":"max-video-preview:-1"},"canonical":"https:\/\/www.paradice-bienne.ch\/fr\/restauration\/","og_locale":"fr_FR","og_type":"article","og_title":"RESTAURATION - PARADICE Bienne","og_url":"https:\/\/www.paradice-bienne.ch\/fr\/restauration\/","og_site_name":"PARADICE Bienne","article_modified_time":"2025-10-07T15:06:23+00:00","twitter_card":"summary_large_image","schema":{"@context":"https:\/\/schema.org","@graph":[{"@type":"WebPage","@id":"https:\/\/www.paradice-bienne.ch\/fr\/restauration\/","url":"https:\/\/www.paradice-bienne.ch\/fr\/restauration\/","name":"RESTAURATION - PARADICE Bienne","isPartOf":{"@id":"https:\/\/www.paradice-bienne.ch\/fr\/#website"},"datePublished":"2019-11-04T09:07:22+00:00","dateModified":"2025-10-07T15:06:23+00:00","breadcrumb":{"@id":"https:\/\/www.paradice-bienne.ch\/fr\/restauration\/#breadcrumb"},"inLanguage":"fr-FR","potentialAction":[{"@type":"ReadAction","target":["https:\/\/www.paradice-bienne.ch\/fr\/restauration\/"]}]},{"@type":"BreadcrumbList","@id":"https:\/\/www.paradice-bienne.ch\/fr\/restauration\/#breadcrumb","itemListElement":[{"@type":"ListItem","position":1,"name":"Startseite","item":"https:\/\/www.paradice-bienne.ch\/fr\/"},{"@type":"ListItem","position":2,"name":"RESTAURATION"}]},{"@type":"WebSite","@id":"https:\/\/www.paradice-bienne.ch\/fr\/#website","url":"https:\/\/www.paradice-bienne.ch\/fr\/","name":"PARADICE Bienne","description":"24.11.2024 - 26.01.2025","potentialAction":[{"@type":"SearchAction","target":{"@type":"EntryPoint","urlTemplate":"https:\/\/www.paradice-bienne.ch\/fr\/?s={search_term_string}"},"query-input":{"@type":"PropertyValueSpecification","valueRequired":true,"valueName":"search_term_string"}}],"inLanguage":"fr-FR"}]}},"_links":{"self":[{"href":"https:\/\/www.paradice-bienne.ch\/fr\/wp-json\/wp\/v2\/pages\/1186","targetHints":{"allow":["GET"]}}],"collection":[{"href":"https:\/\/www.paradice-bienne.ch\/fr\/wp-json\/wp\/v2\/pages"}],"about":[{"href":"https:\/\/www.paradice-bienne.ch\/fr\/wp-json\/wp\/v2\/types\/page"}],"author":[{"embeddable":true,"href":"https:\/\/www.paradice-bienne.ch\/fr\/wp-json\/wp\/v2\/users\/1"}],"replies":[{"embeddable":true,"href":"https:\/\/www.paradice-bienne.ch\/fr\/wp-json\/wp\/v2\/comments?post=1186"}],"version-history":[{"count":125,"href":"https:\/\/www.paradice-bienne.ch\/fr\/wp-json\/wp\/v2\/pages\/1186\/revisions"}],"predecessor-version":[{"id":8330,"href":"https:\/\/www.paradice-bienne.ch\/fr\/wp-json\/wp\/v2\/pages\/1186\/revisions\/8330"}],"wp:attachment":[{"href":"https:\/\/www.paradice-bienne.ch\/fr\/wp-json\/wp\/v2\/media?parent=1186"}],"curies":[{"name":"wp","href":"https:\/\/api.w.org\/{rel}","templated":true}]}}