{"id":2149,"date":"2020-08-14T15:56:11","date_gmt":"2020-08-14T13:56:11","guid":{"rendered":"https:\/\/www.paradice-bienne.ch\/?page_id=2149"},"modified":"2026-02-05T17:11:02","modified_gmt":"2026-02-05T16:11:02","slug":"offre-pour-les-ecoles","status":"publish","type":"page","link":"https:\/\/www.paradice-bienne.ch\/fr\/info\/offre-pour-les-ecoles\/","title":{"rendered":"Offre pour les \u00e9coles"},"content":{"rendered":"\r\n<section  class=\"hero  pt_0  pb_100 \">\r\n    <div class=\"container d-flex h-100\">\r\n        <div class=\"row align-items-end\">\r\n            <div class=\"offset-md-2 col-md-8 text-center\">\r\n                <h1><\/h1>\r\n                            <\/div>\r\n        <\/div>\r\n    <\/div>\r\n    <img decoding=\"async\" src=\"https:\/\/www.paradice-bienne.ch\/wp-content\/uploads\/2020\/07\/Paradice_Schulen_2020-300x108.png\" data-sizes=\"auto\"\n\t\t\t\t\t\t                    data-src=\"https:\/\/www.paradice-bienne.ch\/wp-content\/uploads\/2020\/07\/Paradice_Schulen_2020.png\"\n\t\t\t\t\t\t                    data-srcset=\"https:\/\/www.paradice-bienne.ch\/wp-content\/uploads\/2020\/07\/Paradice_Schulen_2020.png 2560w, https:\/\/www.paradice-bienne.ch\/wp-content\/uploads\/2020\/07\/Paradice_Schulen_2020-300x108.png 300w, https:\/\/www.paradice-bienne.ch\/wp-content\/uploads\/2020\/07\/Paradice_Schulen_2020-1024x368.png 1024w, https:\/\/www.paradice-bienne.ch\/wp-content\/uploads\/2020\/07\/Paradice_Schulen_2020-768x276.png 768w, https:\/\/www.paradice-bienne.ch\/wp-content\/uploads\/2020\/07\/Paradice_Schulen_2020-1536x553.png 1536w, https:\/\/www.paradice-bienne.ch\/wp-content\/uploads\/2020\/07\/Paradice_Schulen_2020-2048x737.png 2048w\"\n\t\t\t\t\t\t                    class=\"bg bg_static_cover lazyload blur-up\" alt=\"\"><\/section>\n\n\n<section  class=\"text_1  pt_0  pb_100 \">\n    <div class=\"container\">\n        <div class=\"row\">\n            <div class=\"col-md-12 text-center\">\n                <h1>Classes d&rsquo;\u00e9cole au PARADICE<\/h1>\n<p class=\"lead\">Emmenez votre classe d&rsquo;\u00e9cole en excursion au PARADICE ou planifiez quelques le\u00e7ons de gym en plein air.<\/p>\n<p>Les classes d&rsquo;\u00e9cole (de la 3H \u00e0 la 11H) de Bienne et des communes qui soutiennent PARADICE b\u00e9n\u00e9ficient de l&rsquo;entr\u00e9e gratuite ainsi que de la possibilit\u00e9 de louer des patins \u00e9galement gratuitement. Vous trouverez les informations plus bas sur cette page. Afin de pouvoir planifier bien \u00e0 l&rsquo;avance, nous vous recommandons\u00a0 de r\u00e9server via le formulaire en ligne au moins 7 jours \u00e0 l&rsquo;avance. Pour des raisons de logistique nous ne prenons <strong>pas de r\u00e9servations par t\u00e9l\u00e9phone<\/strong>.<\/p>\n                                <a href=\"#reservation\" class=\"btn btn-primary\">Inscrire une classe !<\/a>\n                            <\/div>\n        <\/div>\n    <\/div>\n<\/section>\n\n\n<section id=Sponsor class=\"text_1  pt_0  pb_50 \">\n    <div class=\"container\">\n        <div class=\"row\">\n            <div class=\"col-md-12 text-center\">\n                <h2>L&rsquo;essentiel en bref<\/h2>\n<p>Si vous planifiez une visite \u00e0 PARADICE avec votre classe, voici les informations \u00e0 conna\u00eetre au pr\u00e9alable en tant qu&rsquo;enseignants<\/p>\n                            <\/div>\n        <\/div>\n    <\/div>\n<\/section>\n\n\n<section  class=\"teaser_2  pt_0  pb_100 \">\n    <div class=\"container\">\n        <div class=\"row\">\n                        <div class=\"col-md-6 text-center d-flex flex-wrap\">\n                <div class=\"w-100\">\n                    <hr class=\"mt-0\">\n                                        <div class=\"content_box text-left\">\n                        <h3>Inscription<\/h3>\n<p>Compl\u00e9tez enti\u00e8rement le formulaire ci-dessous et envoyez-le \u00e0 PARADICE <strong>au moins une semaine \u00e0 l\u2019avance<\/strong>. Vous allez obtenir une confirmation automatis\u00e9e.En cas de questions ou de probl\u00e8mes de capacit\u00e9, nous allons vous contacter.<\/p>\n                        <a href=\"#reservation\" class=\"btn btn-primary\">Inscrire une classe<\/a>\n                                            <\/div>\n\n                <\/div>\n                <div class=\"align-self-end w-100\">\n                    <hr class=\"mt-auto\">\n                <\/div>\n            <\/div>\n\n                        <div class=\"col-md-6 text-center d-flex flex-wrap\">\n                <div class=\"w-100\">\n                    <hr class=\"mt-0\">\n                                        <div class=\"content_box text-left\">\n                        <h3>Co\u00fbts<\/h3>\n<p>Toutes les classes (jusqu\u2019\u00e0 la 11H) provenant de Bienne et des communes qui soutiennent PARADICE, b\u00e9n\u00e9ficient d&rsquo;entr\u00e9e gratuite et de la possibilit\u00e9 de louer des patins gratuitement.<\/p>\n                        <a href=\"\/fr\/sponsors\/#communes\" class=\"btn btn-primary\">communes sponsors<\/a>\n                                            <\/div>\n\n                <\/div>\n                <div class=\"align-self-end w-100\">\n                    <hr class=\"mt-auto\">\n                <\/div>\n            <\/div>\n\n                        <div class=\"col-md-6 text-center d-flex flex-wrap\">\n                <div class=\"w-100\">\n                    <hr class=\"mt-0\">\n                                        <div class=\"content_box text-left\">\n                        <h3>Arriv\u00e9e<\/h3>\n<p>Veuillez vous annoncer \u00e0 la caisse \u00e0 votre arriv\u00e9e. Nous vous accompagnerons aux\u00a0 patins lou\u00e9s selon votre commande.<\/p>\n                    <\/div>\n\n                <\/div>\n                <div class=\"align-self-end w-100\">\n                    <hr class=\"mt-auto\">\n                <\/div>\n            <\/div>\n\n                        <div class=\"col-md-6 text-center d-flex flex-wrap\">\n                <div class=\"w-100\">\n                    <hr class=\"mt-0\">\n                                        <div class=\"content_box text-left\">\n                        <h3>D\u00e9part<\/h3>\n<p>En quittant la patinoire, les patins et les objets lou\u00e9s doivent \u00eatre retourn\u00e9s aupr\u00e8s de la station de location.<\/p>\n                    <\/div>\n\n                <\/div>\n                <div class=\"align-self-end w-100\">\n                    <hr class=\"mt-auto\">\n                <\/div>\n            <\/div>\n\n                        <div class=\"col-md-6 text-center d-flex flex-wrap\">\n                <div class=\"w-100\">\n                    <hr class=\"mt-0\">\n                                        <div class=\"content_box text-left\">\n                        <h3>Restauration<\/h3>\n<p>Le Chalet PARADICE et l&rsquo;\u00eelot-bar ne sont pas ouverts toute la journ\u00e9e. Pour pique-niquer nous avons mis \u00e0 disposition des tables et des bancs.<\/p>\n                    <\/div>\n\n                <\/div>\n                <div class=\"align-self-end w-100\">\n                    <hr class=\"mt-auto\">\n                <\/div>\n            <\/div>\n\n                        <div class=\"col-md-6 text-center d-flex flex-wrap\">\n                <div class=\"w-100\">\n                    <hr class=\"mt-0\">\n                                        <div class=\"content_box text-left\">\n                        <h3>Respect &amp; soin<\/h3>\n<p>Merci pour votre respect des autres visiteurs et de l&rsquo;utilisation soigneuse du mat\u00e9riel. Veuillez consid\u00e9rer\u00a0 le r\u00e8glement en vigueur.<\/p>\n                    <\/div>\n\n                <\/div>\n                <div class=\"align-self-end w-100\">\n                    <hr class=\"mt-auto\">\n                <\/div>\n            <\/div>\n\n                        <div class=\"col-md-6 text-center d-flex flex-wrap\">\n                <div class=\"w-100\">\n                    <hr class=\"mt-0\">\n                                        <div class=\"icon_box\">\n                        <img decoding=\"async\" src=\"https:\/\/www.paradice-bienne.ch\/wp-content\/uploads\/2024\/11\/RAGUSA_HP-300x204.jpg\" data-sizes=\"auto\"\n\t\t\t\t\t\t                    data-src=\"https:\/\/www.paradice-bienne.ch\/wp-content\/uploads\/2024\/11\/RAGUSA_HP.jpg\"\n\t\t\t\t\t\t                    data-srcset=\"https:\/\/www.paradice-bienne.ch\/wp-content\/uploads\/2024\/11\/RAGUSA_HP.jpg 2560w, https:\/\/www.paradice-bienne.ch\/wp-content\/uploads\/2024\/11\/RAGUSA_HP-300x204.jpg 300w, https:\/\/www.paradice-bienne.ch\/wp-content\/uploads\/2024\/11\/RAGUSA_HP-1024x698.jpg 1024w, https:\/\/www.paradice-bienne.ch\/wp-content\/uploads\/2024\/11\/RAGUSA_HP-768x524.jpg 768w, https:\/\/www.paradice-bienne.ch\/wp-content\/uploads\/2024\/11\/RAGUSA_HP-1536x1047.jpg 1536w, https:\/\/www.paradice-bienne.ch\/wp-content\/uploads\/2024\/11\/RAGUSA_HP-2048x1396.jpg 2048w\"\n\t\t\t\t\t\t                    class=\"bg_static_cover lazyload blur-up\" alt=\"\">                    <\/div>\n                                        <div class=\"content_box text-left\">\n                        <h3>Une sortie hors PARADICE chez <a href=\"https:\/\/camillebloch.ch\/de\/besuchen\/erlebniswelt\/\">CAMILLE BLOCH\u00a0<\/a><\/h3>\n<p>Pourquoi ne pas pr\u00e9voir une visite chez Camille Bloch ? Plongez dans une ambiance gourmande et conviviale, o\u00f9 le chocolat est \u00e0 l&rsquo;honneur. Une exp\u00e9rience unique \u00e0 seulement quelques pas de PARADICE, parfaite pour compl\u00e9ter votre sortie !<\/p>\n                    <\/div>\n\n                <\/div>\n                <div class=\"align-self-end w-100\">\n                    <hr class=\"mt-auto\">\n                <\/div>\n            <\/div>\n\n            \n        <\/div>\n    <\/div>\n<\/section>\n\n\n<section  class=\"teaser_3  pt_0  pb_100 \">\n    <div class=\"container d-flex h-100\">\n        <div class=\"row align-items-center\">\n            <div class=\"col-sm-6\">\n                <img decoding=\"async\" src=\"https:\/\/www.paradice-bienne.ch\/wp-content\/uploads\/2019\/11\/Paradice-Icons_250x250_Sponsoring.png\" data-sizes=\"auto\"\n\t\t\t\t\t\t                    data-src=\"https:\/\/www.paradice-bienne.ch\/wp-content\/uploads\/2019\/11\/Paradice-Icons_250x250_Sponsoring.png\"\n\t\t\t\t\t\t                    data-srcset=\"https:\/\/www.paradice-bienne.ch\/wp-content\/uploads\/2019\/11\/Paradice-Icons_250x250_Sponsoring.png 250w, https:\/\/www.paradice-bienne.ch\/wp-content\/uploads\/2019\/11\/Paradice-Icons_250x250_Sponsoring-150x150.png 150w\"\n\t\t\t\t\t\t                    class=\"bg_static_cover icon lazyload blur-up\" alt=\"\">\n                <h2>Location de patins gratuite pour classes d&rsquo;\u00e9cole soutenues<\/h2>\n<p>L&rsquo;entr\u00e9e et la location de patins sont <strong>gratuits<\/strong> pour les classes d\u2019\u00e9cole de Bienne et des communes qui soutiennent PARADICE. Pour les classes d&rsquo;autres communes, la location des patins co\u00fbte CHF 7.\u2013 par \u00e9l\u00e8ve. Le lien ci-dessous vous emm\u00e8ne \u00e0 la liste des communes qui soutiennent PARADICE.<\/p>\n                                <a href=\"\/fr\/sponsors\/#communes\" class=\"btn btn-primary\">Liste des communes sponsors<\/a>\n                            <\/div>\n        <\/div>\n    <\/div>\n    <img decoding=\"async\" src=\"https:\/\/www.paradice-bienne.ch\/wp-content\/uploads\/2020\/01\/DSC06386-300x200.jpg\" data-sizes=\"auto\"\n\t\t\t\t\t\t                    data-src=\"https:\/\/www.paradice-bienne.ch\/wp-content\/uploads\/2020\/01\/DSC06386.jpg\"\n\t\t\t\t\t\t                    data-srcset=\"\"\n\t\t\t\t\t\t                    class=\"bg bg_static_cover lazyload blur-up\" alt=\"\"><\/section>\n\n<section id=reservation class=\"text_2  pt_0  pb_100 \">\n    <div class=\"container\">\n        <div class=\"row\">\n            <div class=\"col-md-12 offset-xl-2 col-xl-8 text-center\">\n                <h2>Inscrire une classe<\/h2>\n<h3>Conditions d&rsquo;inscription<\/h3>\n<p>Nous pouvons confirmer seulement les r\u00e9servations qui nous parviennent <strong>au moins une semaine \u00e0 l\u2019avance<\/strong> et qui contiennent<strong> toutes les informations requises dans le formulaire<\/strong>.<\/p>\n<p>Apr\u00e8s l&rsquo;envoi, vous allez recevoir un e-mail de confirmation automatique. Nous ne vous contacterons plus qu&rsquo;en cas de questions ou de probl\u00e8me de capacit\u00e9.<\/p>\n<p><span style=\"color: #ff0000;\">La patinoire est ferm\u00e9. Aucune nouvelle r\u00e9servation ne sera accept\u00e9e.<\/span><br \/>\n<span style=\"color: #ff0000;\">Merci de votre compr\u00e9hension.<\/span><br \/>\n<span style=\"color: #ff0000;\">L&rsquo;\u00e9quipe\u00a0du\u00a0Paradice<\/span><\/p>\n                                <a href=\"\/fr\/info\/\" class=\"btn btn-primary\">Informations compl\u00e9mentaires<\/a>\n                                <a href=\"\/fr\/galeries\/\" class=\"btn btn-primary\">Impressions<\/a>\n                            <\/div>\n        <\/div>\n    <\/div>\n<\/section>","protected":false},"excerpt":{"rendered":"","protected":false},"author":1,"featured_media":0,"parent":2213,"menu_order":2,"comment_status":"closed","ping_status":"closed","template":"","meta":{"_acf_changed":false,"footnotes":""},"class_list":["post-2149","page","type-page","status-publish","hentry"],"acf":[],"yoast_head":"<!-- This site is optimized with the Yoast SEO plugin v27.4 - https:\/\/yoast.com\/product\/yoast-seo-wordpress\/ -->\n<title>Offre pour les \u00e9coles - PARADICE Bienne<\/title>\n<meta name=\"robots\" content=\"index, follow, max-snippet:-1, max-image-preview:large, max-video-preview:-1\" \/>\n<link rel=\"canonical\" href=\"https:\/\/www.paradice-bienne.ch\/fr\/info\/offre-pour-les-ecoles\/\" \/>\n<meta property=\"og:locale\" content=\"fr_FR\" \/>\n<meta property=\"og:type\" content=\"article\" \/>\n<meta property=\"og:title\" content=\"Offre pour les \u00e9coles - PARADICE Bienne\" \/>\n<meta property=\"og:url\" content=\"https:\/\/www.paradice-bienne.ch\/fr\/info\/offre-pour-les-ecoles\/\" \/>\n<meta property=\"og:site_name\" content=\"PARADICE Bienne\" \/>\n<meta property=\"article:modified_time\" content=\"2026-02-05T16:11:02+00:00\" \/>\n<meta name=\"twitter:card\" content=\"summary_large_image\" \/>\n<script type=\"application\/ld+json\" class=\"yoast-schema-graph\">{\"@context\":\"https:\\\/\\\/schema.org\",\"@graph\":[{\"@type\":\"WebPage\",\"@id\":\"https:\\\/\\\/www.paradice-bienne.ch\\\/fr\\\/info\\\/offre-pour-les-ecoles\\\/\",\"url\":\"https:\\\/\\\/www.paradice-bienne.ch\\\/fr\\\/info\\\/offre-pour-les-ecoles\\\/\",\"name\":\"Offre pour les \u00e9coles - PARADICE Bienne\",\"isPartOf\":{\"@id\":\"https:\\\/\\\/www.paradice-bienne.ch\\\/fr\\\/#website\"},\"datePublished\":\"2020-08-14T13:56:11+00:00\",\"dateModified\":\"2026-02-05T16:11:02+00:00\",\"breadcrumb\":{\"@id\":\"https:\\\/\\\/www.paradice-bienne.ch\\\/fr\\\/info\\\/offre-pour-les-ecoles\\\/#breadcrumb\"},\"inLanguage\":\"fr-FR\",\"potentialAction\":[{\"@type\":\"ReadAction\",\"target\":[\"https:\\\/\\\/www.paradice-bienne.ch\\\/fr\\\/info\\\/offre-pour-les-ecoles\\\/\"]}]},{\"@type\":\"BreadcrumbList\",\"@id\":\"https:\\\/\\\/www.paradice-bienne.ch\\\/fr\\\/info\\\/offre-pour-les-ecoles\\\/#breadcrumb\",\"itemListElement\":[{\"@type\":\"ListItem\",\"position\":1,\"name\":\"Startseite\",\"item\":\"https:\\\/\\\/www.paradice-bienne.ch\\\/fr\\\/\"},{\"@type\":\"ListItem\",\"position\":2,\"name\":\"Info\",\"item\":\"https:\\\/\\\/www.paradice-bienne.ch\\\/fr\\\/info\\\/\"},{\"@type\":\"ListItem\",\"position\":3,\"name\":\"Offre pour les \u00e9coles\"}]},{\"@type\":\"WebSite\",\"@id\":\"https:\\\/\\\/www.paradice-bienne.ch\\\/fr\\\/#website\",\"url\":\"https:\\\/\\\/www.paradice-bienne.ch\\\/fr\\\/\",\"name\":\"PARADICE Bienne\",\"description\":\"24.11.2024 - 26.01.2025\",\"potentialAction\":[{\"@type\":\"SearchAction\",\"target\":{\"@type\":\"EntryPoint\",\"urlTemplate\":\"https:\\\/\\\/www.paradice-bienne.ch\\\/fr\\\/?s={search_term_string}\"},\"query-input\":{\"@type\":\"PropertyValueSpecification\",\"valueRequired\":true,\"valueName\":\"search_term_string\"}}],\"inLanguage\":\"fr-FR\"}]}<\/script>\n<!-- \/ Yoast SEO plugin. -->","yoast_head_json":{"title":"Offre pour les \u00e9coles - PARADICE Bienne","robots":{"index":"index","follow":"follow","max-snippet":"max-snippet:-1","max-image-preview":"max-image-preview:large","max-video-preview":"max-video-preview:-1"},"canonical":"https:\/\/www.paradice-bienne.ch\/fr\/info\/offre-pour-les-ecoles\/","og_locale":"fr_FR","og_type":"article","og_title":"Offre pour les \u00e9coles - PARADICE Bienne","og_url":"https:\/\/www.paradice-bienne.ch\/fr\/info\/offre-pour-les-ecoles\/","og_site_name":"PARADICE Bienne","article_modified_time":"2026-02-05T16:11:02+00:00","twitter_card":"summary_large_image","schema":{"@context":"https:\/\/schema.org","@graph":[{"@type":"WebPage","@id":"https:\/\/www.paradice-bienne.ch\/fr\/info\/offre-pour-les-ecoles\/","url":"https:\/\/www.paradice-bienne.ch\/fr\/info\/offre-pour-les-ecoles\/","name":"Offre pour les \u00e9coles - PARADICE Bienne","isPartOf":{"@id":"https:\/\/www.paradice-bienne.ch\/fr\/#website"},"datePublished":"2020-08-14T13:56:11+00:00","dateModified":"2026-02-05T16:11:02+00:00","breadcrumb":{"@id":"https:\/\/www.paradice-bienne.ch\/fr\/info\/offre-pour-les-ecoles\/#breadcrumb"},"inLanguage":"fr-FR","potentialAction":[{"@type":"ReadAction","target":["https:\/\/www.paradice-bienne.ch\/fr\/info\/offre-pour-les-ecoles\/"]}]},{"@type":"BreadcrumbList","@id":"https:\/\/www.paradice-bienne.ch\/fr\/info\/offre-pour-les-ecoles\/#breadcrumb","itemListElement":[{"@type":"ListItem","position":1,"name":"Startseite","item":"https:\/\/www.paradice-bienne.ch\/fr\/"},{"@type":"ListItem","position":2,"name":"Info","item":"https:\/\/www.paradice-bienne.ch\/fr\/info\/"},{"@type":"ListItem","position":3,"name":"Offre pour les \u00e9coles"}]},{"@type":"WebSite","@id":"https:\/\/www.paradice-bienne.ch\/fr\/#website","url":"https:\/\/www.paradice-bienne.ch\/fr\/","name":"PARADICE Bienne","description":"24.11.2024 - 26.01.2025","potentialAction":[{"@type":"SearchAction","target":{"@type":"EntryPoint","urlTemplate":"https:\/\/www.paradice-bienne.ch\/fr\/?s={search_term_string}"},"query-input":{"@type":"PropertyValueSpecification","valueRequired":true,"valueName":"search_term_string"}}],"inLanguage":"fr-FR"}]}},"_links":{"self":[{"href":"https:\/\/www.paradice-bienne.ch\/fr\/wp-json\/wp\/v2\/pages\/2149","targetHints":{"allow":["GET"]}}],"collection":[{"href":"https:\/\/www.paradice-bienne.ch\/fr\/wp-json\/wp\/v2\/pages"}],"about":[{"href":"https:\/\/www.paradice-bienne.ch\/fr\/wp-json\/wp\/v2\/types\/page"}],"author":[{"embeddable":true,"href":"https:\/\/www.paradice-bienne.ch\/fr\/wp-json\/wp\/v2\/users\/1"}],"replies":[{"embeddable":true,"href":"https:\/\/www.paradice-bienne.ch\/fr\/wp-json\/wp\/v2\/comments?post=2149"}],"version-history":[{"count":76,"href":"https:\/\/www.paradice-bienne.ch\/fr\/wp-json\/wp\/v2\/pages\/2149\/revisions"}],"predecessor-version":[{"id":8581,"href":"https:\/\/www.paradice-bienne.ch\/fr\/wp-json\/wp\/v2\/pages\/2149\/revisions\/8581"}],"up":[{"embeddable":true,"href":"https:\/\/www.paradice-bienne.ch\/fr\/wp-json\/wp\/v2\/pages\/2213"}],"wp:attachment":[{"href":"https:\/\/www.paradice-bienne.ch\/fr\/wp-json\/wp\/v2\/media?parent=2149"}],"curies":[{"name":"wp","href":"https:\/\/api.w.org\/{rel}","templated":true}]}}