{"id":6003,"date":"2019-11-04T09:08:28","date_gmt":"2019-11-04T09:08:28","guid":{"rendered":"https:\/\/www.paradice-bienne.ch\/echo\/"},"modified":"2023-10-05T09:46:48","modified_gmt":"2023-10-05T07:46:48","slug":"echo","status":"publish","type":"page","link":"https:\/\/www.paradice-bienne.ch\/fr\/echo\/","title":{"rendered":"Echo m\u00e9diatique et port\u00e9e"},"content":{"rendered":"\r\n<section  class=\"hero  pt_0  pb_100 \">\r\n    <div class=\"container d-flex h-100\">\r\n        <div class=\"row align-items-end\">\r\n            <div class=\"offset-md-2 col-md-8 text-center\">\r\n                <h1><\/h1>\r\n                            <\/div>\r\n        <\/div>\r\n    <\/div>\r\n    <img decoding=\"async\" src=\"https:\/\/www.paradice-bienne.ch\/wp-content\/uploads\/2023\/09\/header_paradice_short-300x62.png\" data-sizes=\"auto\"\n\t\t\t\t\t\t                    data-src=\"https:\/\/www.paradice-bienne.ch\/wp-content\/uploads\/2023\/09\/header_paradice_short.png\"\n\t\t\t\t\t\t                    data-srcset=\"https:\/\/www.paradice-bienne.ch\/wp-content\/uploads\/2023\/09\/header_paradice_short.png 2993w, https:\/\/www.paradice-bienne.ch\/wp-content\/uploads\/2023\/09\/header_paradice_short-300x62.png 300w, https:\/\/www.paradice-bienne.ch\/wp-content\/uploads\/2023\/09\/header_paradice_short-1024x210.png 1024w, https:\/\/www.paradice-bienne.ch\/wp-content\/uploads\/2023\/09\/header_paradice_short-768x158.png 768w, https:\/\/www.paradice-bienne.ch\/wp-content\/uploads\/2023\/09\/header_paradice_short-1536x315.png 1536w, https:\/\/www.paradice-bienne.ch\/wp-content\/uploads\/2023\/09\/header_paradice_short-2048x420.png 2048w\"\n\t\t\t\t\t\t                    class=\"bg bg_static_cover lazyload blur-up\" alt=\"PARADICE Header vert narrow\"><\/section>\n\n<section  class=\"text_2  pt_0  pb_50 \">\n    <div class=\"container\">\n        <div class=\"row\">\n            <div class=\"col-md-12 offset-xl-2 col-xl-8 text-center\">\n                <p class=\"lead\">PARADICE est un sujet populaire avec une vaste port\u00e9e dans les m\u00e9dias.<\/p>\n<p>Radio, TV, presse, r\u00e9seaux sociaux ou web. Nous vous pr\u00e9sentons ici l&rsquo;\u00e9cho m\u00e9diatique de PARADICE et des faits int\u00e9ressants en termes de visibilit\u00e9 de la patinoire en plein air biennois.<\/p>\n                            <\/div>\n        <\/div>\n    <\/div>\n<\/section>\n\n\n<section  class=\"teaser_2  pt_0  pb_50 \">\n    <div class=\"container\">\n        <div class=\"row\">\n                        <div class=\"col-md-6 text-center d-flex flex-wrap\">\n                <div class=\"w-100\">\n                    <hr class=\"mt-0\">\n                                        <div class=\"content_box text-left\">\n                        <h3>RJB &#8211; Mercredi 4 octobre 2023<\/h3>\n<p class=\"ng-star-inserted\">Paradice fait son grand retour<\/p>\n                        <a href=\"https:\/\/www.rjb.ch\/rjb\/Actualite\/Region\/20231004-Paradice-fait-son-grand-retour.html#\" class=\"btn btn-primary\">Lire et \u00e9couter<\/a>\n                                            <\/div>\n\n                <\/div>\n                <div class=\"align-self-end w-100\">\n                    <hr class=\"mt-auto\">\n                <\/div>\n            <\/div>\n\n                        <div class=\"col-md-6 text-center d-flex flex-wrap\">\n                <div class=\"w-100\">\n                    <hr class=\"mt-0\">\n                                        <div class=\"content_box text-left\">\n                        <h3>aJOUR &#8211; Mercredi 4 octobre 2023<\/h3>\n<p class=\"ng-star-inserted\">La patinoire \u00e9ph\u00e9m\u00e8re Paradice revient cet hiver<\/p>\n                        <a href=\"http:\/\/La patinoire \u00e9ph\u00e9m\u00e8re Paradice revient cet hiver\" class=\"btn btn-primary\">Lire (abo)<\/a>\n                                            <\/div>\n\n                <\/div>\n                <div class=\"align-self-end w-100\">\n                    <hr class=\"mt-auto\">\n                <\/div>\n            <\/div>\n\n                        <div class=\"col-md-6 text-center d-flex flex-wrap\">\n                <div class=\"w-100\">\n                    <hr class=\"mt-0\">\n                                        <div class=\"content_box text-left\">\n                        <h3>Telebielingue &#8211; Mercredi 4 octobre 2023<\/h3>\n<p class=\"ng-star-inserted\">Info (\u00e0 partir de la minute 11:22)<\/p>\n                        <a href=\"https:\/\/web.telebielingue.ch\/fr\/emissions\/info\/2023-10-04\" class=\"btn btn-primary\">Voir (minute 11:22)<\/a>\n                                            <\/div>\n\n                <\/div>\n                <div class=\"align-self-end w-100\">\n                    <hr class=\"mt-auto\">\n                <\/div>\n            <\/div>\n\n            \n        <\/div>\n    <\/div>\n<\/section>","protected":false},"excerpt":{"rendered":"","protected":false},"author":1,"featured_media":0,"parent":0,"menu_order":0,"comment_status":"closed","ping_status":"closed","template":"","meta":{"_acf_changed":false,"footnotes":""},"class_list":["post-6003","page","type-page","status-publish","hentry"],"acf":[],"yoast_head":"<!-- This site is optimized with the Yoast SEO plugin v27.4 - https:\/\/yoast.com\/product\/yoast-seo-wordpress\/ -->\n<title>Echo m\u00e9diatique et port\u00e9e - PARADICE Bienne<\/title>\n<meta name=\"robots\" content=\"index, follow, max-snippet:-1, max-image-preview:large, max-video-preview:-1\" \/>\n<link rel=\"canonical\" href=\"https:\/\/www.paradice-bienne.ch\/fr\/echo\/\" \/>\n<meta property=\"og:locale\" content=\"fr_FR\" \/>\n<meta property=\"og:type\" content=\"article\" \/>\n<meta property=\"og:title\" content=\"Echo m\u00e9diatique et port\u00e9e - PARADICE Bienne\" \/>\n<meta property=\"og:url\" content=\"https:\/\/www.paradice-bienne.ch\/fr\/echo\/\" \/>\n<meta property=\"og:site_name\" content=\"PARADICE Bienne\" \/>\n<meta property=\"article:modified_time\" content=\"2023-10-05T07:46:48+00:00\" \/>\n<meta name=\"twitter:card\" content=\"summary_large_image\" \/>\n<script type=\"application\/ld+json\" class=\"yoast-schema-graph\">{\"@context\":\"https:\\\/\\\/schema.org\",\"@graph\":[{\"@type\":\"WebPage\",\"@id\":\"https:\\\/\\\/www.paradice-bienne.ch\\\/fr\\\/echo\\\/\",\"url\":\"https:\\\/\\\/www.paradice-bienne.ch\\\/fr\\\/echo\\\/\",\"name\":\"Echo m\u00e9diatique et port\u00e9e - PARADICE Bienne\",\"isPartOf\":{\"@id\":\"https:\\\/\\\/www.paradice-bienne.ch\\\/fr\\\/#website\"},\"datePublished\":\"2019-11-04T09:08:28+00:00\",\"dateModified\":\"2023-10-05T07:46:48+00:00\",\"breadcrumb\":{\"@id\":\"https:\\\/\\\/www.paradice-bienne.ch\\\/fr\\\/echo\\\/#breadcrumb\"},\"inLanguage\":\"fr-FR\",\"potentialAction\":[{\"@type\":\"ReadAction\",\"target\":[\"https:\\\/\\\/www.paradice-bienne.ch\\\/fr\\\/echo\\\/\"]}]},{\"@type\":\"BreadcrumbList\",\"@id\":\"https:\\\/\\\/www.paradice-bienne.ch\\\/fr\\\/echo\\\/#breadcrumb\",\"itemListElement\":[{\"@type\":\"ListItem\",\"position\":1,\"name\":\"Startseite\",\"item\":\"https:\\\/\\\/www.paradice-bienne.ch\\\/fr\\\/\"},{\"@type\":\"ListItem\",\"position\":2,\"name\":\"Echo m\u00e9diatique et port\u00e9e\"}]},{\"@type\":\"WebSite\",\"@id\":\"https:\\\/\\\/www.paradice-bienne.ch\\\/fr\\\/#website\",\"url\":\"https:\\\/\\\/www.paradice-bienne.ch\\\/fr\\\/\",\"name\":\"PARADICE Bienne\",\"description\":\"24.11.2024 - 26.01.2025\",\"potentialAction\":[{\"@type\":\"SearchAction\",\"target\":{\"@type\":\"EntryPoint\",\"urlTemplate\":\"https:\\\/\\\/www.paradice-bienne.ch\\\/fr\\\/?s={search_term_string}\"},\"query-input\":{\"@type\":\"PropertyValueSpecification\",\"valueRequired\":true,\"valueName\":\"search_term_string\"}}],\"inLanguage\":\"fr-FR\"}]}<\/script>\n<!-- \/ Yoast SEO plugin. -->","yoast_head_json":{"title":"Echo m\u00e9diatique et port\u00e9e - PARADICE Bienne","robots":{"index":"index","follow":"follow","max-snippet":"max-snippet:-1","max-image-preview":"max-image-preview:large","max-video-preview":"max-video-preview:-1"},"canonical":"https:\/\/www.paradice-bienne.ch\/fr\/echo\/","og_locale":"fr_FR","og_type":"article","og_title":"Echo m\u00e9diatique et port\u00e9e - PARADICE Bienne","og_url":"https:\/\/www.paradice-bienne.ch\/fr\/echo\/","og_site_name":"PARADICE Bienne","article_modified_time":"2023-10-05T07:46:48+00:00","twitter_card":"summary_large_image","schema":{"@context":"https:\/\/schema.org","@graph":[{"@type":"WebPage","@id":"https:\/\/www.paradice-bienne.ch\/fr\/echo\/","url":"https:\/\/www.paradice-bienne.ch\/fr\/echo\/","name":"Echo m\u00e9diatique et port\u00e9e - PARADICE Bienne","isPartOf":{"@id":"https:\/\/www.paradice-bienne.ch\/fr\/#website"},"datePublished":"2019-11-04T09:08:28+00:00","dateModified":"2023-10-05T07:46:48+00:00","breadcrumb":{"@id":"https:\/\/www.paradice-bienne.ch\/fr\/echo\/#breadcrumb"},"inLanguage":"fr-FR","potentialAction":[{"@type":"ReadAction","target":["https:\/\/www.paradice-bienne.ch\/fr\/echo\/"]}]},{"@type":"BreadcrumbList","@id":"https:\/\/www.paradice-bienne.ch\/fr\/echo\/#breadcrumb","itemListElement":[{"@type":"ListItem","position":1,"name":"Startseite","item":"https:\/\/www.paradice-bienne.ch\/fr\/"},{"@type":"ListItem","position":2,"name":"Echo m\u00e9diatique et port\u00e9e"}]},{"@type":"WebSite","@id":"https:\/\/www.paradice-bienne.ch\/fr\/#website","url":"https:\/\/www.paradice-bienne.ch\/fr\/","name":"PARADICE Bienne","description":"24.11.2024 - 26.01.2025","potentialAction":[{"@type":"SearchAction","target":{"@type":"EntryPoint","urlTemplate":"https:\/\/www.paradice-bienne.ch\/fr\/?s={search_term_string}"},"query-input":{"@type":"PropertyValueSpecification","valueRequired":true,"valueName":"search_term_string"}}],"inLanguage":"fr-FR"}]}},"_links":{"self":[{"href":"https:\/\/www.paradice-bienne.ch\/fr\/wp-json\/wp\/v2\/pages\/6003","targetHints":{"allow":["GET"]}}],"collection":[{"href":"https:\/\/www.paradice-bienne.ch\/fr\/wp-json\/wp\/v2\/pages"}],"about":[{"href":"https:\/\/www.paradice-bienne.ch\/fr\/wp-json\/wp\/v2\/types\/page"}],"author":[{"embeddable":true,"href":"https:\/\/www.paradice-bienne.ch\/fr\/wp-json\/wp\/v2\/users\/1"}],"replies":[{"embeddable":true,"href":"https:\/\/www.paradice-bienne.ch\/fr\/wp-json\/wp\/v2\/comments?post=6003"}],"version-history":[{"count":16,"href":"https:\/\/www.paradice-bienne.ch\/fr\/wp-json\/wp\/v2\/pages\/6003\/revisions"}],"predecessor-version":[{"id":6032,"href":"https:\/\/www.paradice-bienne.ch\/fr\/wp-json\/wp\/v2\/pages\/6003\/revisions\/6032"}],"wp:attachment":[{"href":"https:\/\/www.paradice-bienne.ch\/fr\/wp-json\/wp\/v2\/media?parent=6003"}],"curies":[{"name":"wp","href":"https:\/\/api.w.org\/{rel}","templated":true}]}}